{"id":69704,"date":"2025-03-27T09:32:29","date_gmt":"2025-03-27T08:32:29","guid":{"rendered":"https:\/\/www.giessegi.com\/?post_type=product&#038;p=69704"},"modified":"2025-11-02T13:30:29","modified_gmt":"2025-11-02T12:30:29","slug":"winterunterwasche-copy","status":"publish","type":"product","link":"https:\/\/www.giessegi.com\/de\/produkt\/winterunterwasche-copy\/","title":{"rendered":"Nahtlose Mesh-Top"},"content":{"rendered":"","protected":false},"excerpt":{"rendered":"<p>Nahtloses Mesh-Top, das entwickelt wurde, um maximalen Komfort und optimale Atmungsaktivit\u00e4t w\u00e4hrend deiner t\u00e4glichen Aktivit\u00e4ten und Trainingseinheiten zu bieten. Hergestellt aus elastischem Netzmaterial passt sich dieses Top perfekt deinem K\u00f6rper an und bietet eine flie\u00dfende und nat\u00fcrliche Passform, die sich mit dir bewegt.<\/p>\n<p>Hauptmerkmale:<\/p>\n<p>&#8211; Nahtloses Design: Das Fehlen von N\u00e4hten reduziert das Risiko von Hautirritationen und erm\u00f6glicht dir, dich frei und ohne Unbehagen zu bewegen.<\/p>\n<p>&#8211; Elastisches Netzmaterial: Die Struktur des elastischen Netzes f\u00f6rdert die Bel\u00fcftung und h\u00e4lt dich auch w\u00e4hrend der intensivsten Trainingseinheiten k\u00fchl und trocken.<\/p>\n<p>&#8211; Maximaler Komfort: Unser Top besteht aus hochwertigen Materialien, die sich weich anf\u00fchlen und sanft zur Haut sind \u2013 perfekt f\u00fcr den ganzen Tag.<\/p>\n<p>&#8211; Vielseitigkeit: Ideal f\u00fcr Fitness, Freizeit oder als Basisschicht unter anderen Kleidungsst\u00fccken.<\/p>\n<ul>\n<li>Zusammensetzung: 88% Polypropylen, 4% Kohlenstoff, 8% Polyamid.<\/li>\n<\/ul>\n<p>Made in Italy<\/p>\n","protected":false},"featured_media":67155,"template":"","meta":[],"product_brand":[],"product_cat":[4239,4222,4231,4248,4240,4223],"product_tag":[],"collezione":[],"class_list":{"0":"post-69704","1":"product","2":"type-product","3":"status-publish","4":"has-post-thumbnail","6":"product_cat-damen-de","7":"product_cat-mann-de-2","8":"product_cat-unterwaesche","9":"product_cat-unterwaesche-de","10":"product_cat-zubehoer-de-2","11":"product_cat-zubehoer-de","12":"pa_colore-schwarz-de","13":"pa_colore-weiss-de","14":"pa_taglia-l-xl-de","15":"pa_taglia-s-m-de","18":"first","19":"instock","20":"sale","21":"shipping-taxable","22":"purchasable","23":"product-type-variable"},"yoast_head":"<!-- This site is optimized with the Yoast SEO plugin v27.3 - https:\/\/yoast.com\/product\/yoast-seo-wordpress\/ -->\n<title>Nahtlose Mesh-Top | GSG - Giessegi<\/title>\n<meta name=\"robots\" content=\"index, follow, max-snippet:-1, max-image-preview:large, max-video-preview:-1\" \/>\n<link rel=\"canonical\" href=\"https:\/\/www.giessegi.com\/de\/produkt\/winterunterwasche-copy\/\" \/>\n<meta property=\"og:locale\" content=\"de_DE\" \/>\n<meta property=\"og:type\" content=\"article\" \/>\n<meta property=\"og:title\" content=\"Nahtlose Mesh-Top | GSG - Giessegi\" \/>\n<meta property=\"og:description\" content=\"Nahtloses Mesh-Top, das entwickelt wurde, um maximalen Komfort und optimale Atmungsaktivit\u00e4t w\u00e4hrend deiner t\u00e4glichen Aktivit\u00e4ten und Trainingseinheiten zu bieten. Hergestellt aus elastischem Netzmaterial passt sich dieses Top perfekt deinem K\u00f6rper an und bietet eine flie\u00dfende und nat\u00fcrliche Passform, die sich mit dir bewegt.  Hauptmerkmale:  - Nahtloses Design: Das Fehlen von N\u00e4hten reduziert das Risiko von Hautirritationen und erm\u00f6glicht dir, dich frei und ohne Unbehagen zu bewegen.  - Elastisches Netzmaterial: Die Struktur des elastischen Netzes f\u00f6rdert die Bel\u00fcftung und h\u00e4lt dich auch w\u00e4hrend der intensivsten Trainingseinheiten k\u00fchl und trocken.  - Maximaler Komfort: Unser Top besteht aus hochwertigen Materialien, die sich weich anf\u00fchlen und sanft zur Haut sind \u2013 perfekt f\u00fcr den ganzen Tag.  - Vielseitigkeit: Ideal f\u00fcr Fitness, Freizeit oder als Basisschicht unter anderen Kleidungsst\u00fccken.   Zusammensetzung: 88% Polypropylen, 4% Kohlenstoff, 8% Polyamid.  Made in Italy\" \/>\n<meta property=\"og:url\" content=\"https:\/\/www.giessegi.com\/de\/produkt\/winterunterwasche-copy\/\" \/>\n<meta property=\"og:site_name\" content=\"GSG - Giessegi\" \/>\n<meta property=\"article:modified_time\" content=\"2025-11-02T12:30:29+00:00\" \/>\n<meta property=\"og:image\" content=\"https:\/\/www.giessegi.com\/wp-content\/uploads\/2022\/10\/01083_Front_SINGLET_sleeveless_jersey_accessories_custom.jpg\" \/>\n\t<meta property=\"og:image:width\" content=\"1000\" \/>\n\t<meta property=\"og:image:height\" content=\"1000\" \/>\n\t<meta property=\"og:image:type\" content=\"image\/jpeg\" \/>\n<meta name=\"twitter:card\" content=\"summary_large_image\" \/>\n<meta name=\"twitter:label1\" content=\"Gesch\u00e4tzte Lesezeit\" \/>\n\t<meta name=\"twitter:data1\" content=\"1\u00a0Minute\" \/>\n<script type=\"application\/ld+json\" class=\"yoast-schema-graph\">{\"@context\":\"https:\\\/\\\/schema.org\",\"@graph\":[{\"@type\":\"WebPage\",\"@id\":\"https:\\\/\\\/www.giessegi.com\\\/de\\\/produkt\\\/winterunterwasche-copy\\\/\",\"url\":\"https:\\\/\\\/www.giessegi.com\\\/de\\\/produkt\\\/winterunterwasche-copy\\\/\",\"name\":\"Nahtlose Mesh-Top | GSG - Giessegi\",\"isPartOf\":{\"@id\":\"https:\\\/\\\/www.giessegi.com\\\/en\\\/#website\"},\"primaryImageOfPage\":{\"@id\":\"https:\\\/\\\/www.giessegi.com\\\/de\\\/produkt\\\/winterunterwasche-copy\\\/#primaryimage\"},\"image\":{\"@id\":\"https:\\\/\\\/www.giessegi.com\\\/de\\\/produkt\\\/winterunterwasche-copy\\\/#primaryimage\"},\"thumbnailUrl\":\"https:\\\/\\\/www.giessegi.com\\\/wp-content\\\/uploads\\\/2022\\\/10\\\/01083_Front_SINGLET_sleeveless_jersey_accessories_custom.jpg\",\"datePublished\":\"2025-03-27T08:32:29+00:00\",\"dateModified\":\"2025-11-02T12:30:29+00:00\",\"breadcrumb\":{\"@id\":\"https:\\\/\\\/www.giessegi.com\\\/de\\\/produkt\\\/winterunterwasche-copy\\\/#breadcrumb\"},\"inLanguage\":\"de\",\"potentialAction\":[{\"@type\":\"ReadAction\",\"target\":[\"https:\\\/\\\/www.giessegi.com\\\/de\\\/produkt\\\/winterunterwasche-copy\\\/\"]}]},{\"@type\":\"ImageObject\",\"inLanguage\":\"de\",\"@id\":\"https:\\\/\\\/www.giessegi.com\\\/de\\\/produkt\\\/winterunterwasche-copy\\\/#primaryimage\",\"url\":\"https:\\\/\\\/www.giessegi.com\\\/wp-content\\\/uploads\\\/2022\\\/10\\\/01083_Front_SINGLET_sleeveless_jersey_accessories_custom.jpg\",\"contentUrl\":\"https:\\\/\\\/www.giessegi.com\\\/wp-content\\\/uploads\\\/2022\\\/10\\\/01083_Front_SINGLET_sleeveless_jersey_accessories_custom.jpg\",\"width\":1000,\"height\":1000},{\"@type\":\"BreadcrumbList\",\"@id\":\"https:\\\/\\\/www.giessegi.com\\\/de\\\/produkt\\\/winterunterwasche-copy\\\/#breadcrumb\",\"itemListElement\":[{\"@type\":\"ListItem\",\"position\":1,\"name\":\"Home\",\"item\":\"https:\\\/\\\/www.giessegi.com\\\/\"},{\"@type\":\"ListItem\",\"position\":2,\"name\":\"Products\",\"item\":\"https:\\\/\\\/www.giessegi.com\\\/en\\\/shop\\\/\"},{\"@type\":\"ListItem\",\"position\":3,\"name\":\"Nahtlose Mesh-Top\"}]},{\"@type\":\"WebSite\",\"@id\":\"https:\\\/\\\/www.giessegi.com\\\/en\\\/#website\",\"url\":\"https:\\\/\\\/www.giessegi.com\\\/en\\\/\",\"name\":\"Giessegi\",\"description\":\"\",\"publisher\":{\"@id\":\"https:\\\/\\\/www.giessegi.com\\\/en\\\/#organization\"},\"potentialAction\":[{\"@type\":\"SearchAction\",\"target\":{\"@type\":\"EntryPoint\",\"urlTemplate\":\"https:\\\/\\\/www.giessegi.com\\\/en\\\/?s={search_term_string}\"},\"query-input\":{\"@type\":\"PropertyValueSpecification\",\"valueRequired\":true,\"valueName\":\"search_term_string\"}}],\"inLanguage\":\"de\"},{\"@type\":\"Organization\",\"@id\":\"https:\\\/\\\/www.giessegi.com\\\/en\\\/#organization\",\"name\":\"Giessegi\",\"url\":\"https:\\\/\\\/www.giessegi.com\\\/en\\\/\",\"logo\":{\"@type\":\"ImageObject\",\"inLanguage\":\"de\",\"@id\":\"https:\\\/\\\/www.giessegi.com\\\/en\\\/#\\\/schema\\\/logo\\\/image\\\/\",\"url\":\"https:\\\/\\\/www.giessegi.com\\\/wp-content\\\/uploads\\\/2022\\\/09\\\/giessegi-logo.jpeg\",\"contentUrl\":\"https:\\\/\\\/www.giessegi.com\\\/wp-content\\\/uploads\\\/2022\\\/09\\\/giessegi-logo.jpeg\",\"width\":175,\"height\":77,\"caption\":\"Giessegi\"},\"image\":{\"@id\":\"https:\\\/\\\/www.giessegi.com\\\/en\\\/#\\\/schema\\\/logo\\\/image\\\/\"}}]}<\/script>\n<!-- \/ Yoast SEO plugin. -->","yoast_head_json":{"title":"Nahtlose Mesh-Top | GSG - Giessegi","robots":{"index":"index","follow":"follow","max-snippet":"max-snippet:-1","max-image-preview":"max-image-preview:large","max-video-preview":"max-video-preview:-1"},"canonical":"https:\/\/www.giessegi.com\/de\/produkt\/winterunterwasche-copy\/","og_locale":"de_DE","og_type":"article","og_title":"Nahtlose Mesh-Top | GSG - Giessegi","og_description":"Nahtloses Mesh-Top, das entwickelt wurde, um maximalen Komfort und optimale Atmungsaktivit\u00e4t w\u00e4hrend deiner t\u00e4glichen Aktivit\u00e4ten und Trainingseinheiten zu bieten. Hergestellt aus elastischem Netzmaterial passt sich dieses Top perfekt deinem K\u00f6rper an und bietet eine flie\u00dfende und nat\u00fcrliche Passform, die sich mit dir bewegt.  Hauptmerkmale:  - Nahtloses Design: Das Fehlen von N\u00e4hten reduziert das Risiko von Hautirritationen und erm\u00f6glicht dir, dich frei und ohne Unbehagen zu bewegen.  - Elastisches Netzmaterial: Die Struktur des elastischen Netzes f\u00f6rdert die Bel\u00fcftung und h\u00e4lt dich auch w\u00e4hrend der intensivsten Trainingseinheiten k\u00fchl und trocken.  - Maximaler Komfort: Unser Top besteht aus hochwertigen Materialien, die sich weich anf\u00fchlen und sanft zur Haut sind \u2013 perfekt f\u00fcr den ganzen Tag.  - Vielseitigkeit: Ideal f\u00fcr Fitness, Freizeit oder als Basisschicht unter anderen Kleidungsst\u00fccken.   Zusammensetzung: 88% Polypropylen, 4% Kohlenstoff, 8% Polyamid.  Made in Italy","og_url":"https:\/\/www.giessegi.com\/de\/produkt\/winterunterwasche-copy\/","og_site_name":"GSG - Giessegi","article_modified_time":"2025-11-02T12:30:29+00:00","og_image":[{"width":1000,"height":1000,"url":"https:\/\/www.giessegi.com\/wp-content\/uploads\/2022\/10\/01083_Front_SINGLET_sleeveless_jersey_accessories_custom.jpg","type":"image\/jpeg"}],"twitter_card":"summary_large_image","twitter_misc":{"Gesch\u00e4tzte Lesezeit":"1\u00a0Minute"},"schema":{"@context":"https:\/\/schema.org","@graph":[{"@type":"WebPage","@id":"https:\/\/www.giessegi.com\/de\/produkt\/winterunterwasche-copy\/","url":"https:\/\/www.giessegi.com\/de\/produkt\/winterunterwasche-copy\/","name":"Nahtlose Mesh-Top | GSG - Giessegi","isPartOf":{"@id":"https:\/\/www.giessegi.com\/en\/#website"},"primaryImageOfPage":{"@id":"https:\/\/www.giessegi.com\/de\/produkt\/winterunterwasche-copy\/#primaryimage"},"image":{"@id":"https:\/\/www.giessegi.com\/de\/produkt\/winterunterwasche-copy\/#primaryimage"},"thumbnailUrl":"https:\/\/www.giessegi.com\/wp-content\/uploads\/2022\/10\/01083_Front_SINGLET_sleeveless_jersey_accessories_custom.jpg","datePublished":"2025-03-27T08:32:29+00:00","dateModified":"2025-11-02T12:30:29+00:00","breadcrumb":{"@id":"https:\/\/www.giessegi.com\/de\/produkt\/winterunterwasche-copy\/#breadcrumb"},"inLanguage":"de","potentialAction":[{"@type":"ReadAction","target":["https:\/\/www.giessegi.com\/de\/produkt\/winterunterwasche-copy\/"]}]},{"@type":"ImageObject","inLanguage":"de","@id":"https:\/\/www.giessegi.com\/de\/produkt\/winterunterwasche-copy\/#primaryimage","url":"https:\/\/www.giessegi.com\/wp-content\/uploads\/2022\/10\/01083_Front_SINGLET_sleeveless_jersey_accessories_custom.jpg","contentUrl":"https:\/\/www.giessegi.com\/wp-content\/uploads\/2022\/10\/01083_Front_SINGLET_sleeveless_jersey_accessories_custom.jpg","width":1000,"height":1000},{"@type":"BreadcrumbList","@id":"https:\/\/www.giessegi.com\/de\/produkt\/winterunterwasche-copy\/#breadcrumb","itemListElement":[{"@type":"ListItem","position":1,"name":"Home","item":"https:\/\/www.giessegi.com\/"},{"@type":"ListItem","position":2,"name":"Products","item":"https:\/\/www.giessegi.com\/en\/shop\/"},{"@type":"ListItem","position":3,"name":"Nahtlose Mesh-Top"}]},{"@type":"WebSite","@id":"https:\/\/www.giessegi.com\/en\/#website","url":"https:\/\/www.giessegi.com\/en\/","name":"Giessegi","description":"","publisher":{"@id":"https:\/\/www.giessegi.com\/en\/#organization"},"potentialAction":[{"@type":"SearchAction","target":{"@type":"EntryPoint","urlTemplate":"https:\/\/www.giessegi.com\/en\/?s={search_term_string}"},"query-input":{"@type":"PropertyValueSpecification","valueRequired":true,"valueName":"search_term_string"}}],"inLanguage":"de"},{"@type":"Organization","@id":"https:\/\/www.giessegi.com\/en\/#organization","name":"Giessegi","url":"https:\/\/www.giessegi.com\/en\/","logo":{"@type":"ImageObject","inLanguage":"de","@id":"https:\/\/www.giessegi.com\/en\/#\/schema\/logo\/image\/","url":"https:\/\/www.giessegi.com\/wp-content\/uploads\/2022\/09\/giessegi-logo.jpeg","contentUrl":"https:\/\/www.giessegi.com\/wp-content\/uploads\/2022\/09\/giessegi-logo.jpeg","width":175,"height":77,"caption":"Giessegi"},"image":{"@id":"https:\/\/www.giessegi.com\/en\/#\/schema\/logo\/image\/"}}]}},"_links":{"self":[{"href":"https:\/\/www.giessegi.com\/de\/wp-json\/wp\/v2\/product\/69704","targetHints":{"allow":["GET"]}}],"collection":[{"href":"https:\/\/www.giessegi.com\/de\/wp-json\/wp\/v2\/product"}],"about":[{"href":"https:\/\/www.giessegi.com\/de\/wp-json\/wp\/v2\/types\/product"}],"wp:featuredmedia":[{"embeddable":true,"href":"https:\/\/www.giessegi.com\/de\/wp-json\/wp\/v2\/media\/67155"}],"wp:attachment":[{"href":"https:\/\/www.giessegi.com\/de\/wp-json\/wp\/v2\/media?parent=69704"}],"wp:term":[{"taxonomy":"product_brand","embeddable":true,"href":"https:\/\/www.giessegi.com\/de\/wp-json\/wp\/v2\/product_brand?post=69704"},{"taxonomy":"product_cat","embeddable":true,"href":"https:\/\/www.giessegi.com\/de\/wp-json\/wp\/v2\/product_cat?post=69704"},{"taxonomy":"product_tag","embeddable":true,"href":"https:\/\/www.giessegi.com\/de\/wp-json\/wp\/v2\/product_tag?post=69704"},{"taxonomy":"collezione","embeddable":true,"href":"https:\/\/www.giessegi.com\/de\/wp-json\/wp\/v2\/collezione?post=69704"}],"curies":[{"name":"wp","href":"https:\/\/api.w.org\/{rel}","templated":true}]}}