{"id":65844,"date":"2024-06-05T16:32:21","date_gmt":"2024-06-05T14:32:21","guid":{"rendered":"https:\/\/www.giessegi.com\/?post_type=product&#038;p=65844"},"modified":"2026-04-10T10:54:14","modified_gmt":"2026-04-10T08:54:14","slug":"40-jahrestags-hemd","status":"publish","type":"product","link":"https:\/\/www.giessegi.com\/de\/produkt\/40-jahrestags-hemd\/","title":{"rendered":"40. JAHRESTAGS-HEMD"},"content":{"rendered":"","protected":false},"excerpt":{"rendered":"<p>40 Jahre Geschichte.<\/p>\n<p>GSG ist ein Unternehmen, das von 1984 bis heute Made in Italy Radsportbekleidung herstellt. Um diesen gro\u00dfen Meilenstein zu feiern, haben wir die Grafiken einiger der vielen Profiteams zusammengef\u00fchrt, die GSG im Laufe der vier Jahrzehnte gesponsert hat. Das Ergebnis war ein originelles Design, das wir in einer limitierten Auflage anbieten wollten, entwickelt in 3 Farbvarianten.<\/p>\n<p>Zu diesem Anlass haben wir uns f\u00fcr ein High-End-Modell mit sehr hoher Leistung entschieden, das um neue Funktionen erweitert wurde:<\/p>\n<ul>\n<li>Sehr leichte, schnell trocknende, teilweise \u00f6kologisch nachhaltige Netzstoffe.<\/li>\n<li>Aerodynamische Materialien an den \u00c4rmeln und an der Vorderseite, um die Geschwindigkeit bei gleicher Kraft zu erh\u00f6hen, die beim Tragen eines anderen Trikots entsteht.<\/li>\n<li>Anatomische Konstruktion und elastische Stoffe f\u00fcr mehr Komfort auch auf langen Strecken.<\/li>\n<\/ul>\n","protected":false},"featured_media":65711,"template":"","meta":[],"product_brand":[],"product_cat":[4209],"product_tag":[],"collezione":[6364],"class_list":{"0":"post-65844","1":"product","2":"type-product","3":"status-publish","4":"has-post-thumbnail","6":"product_cat-capsule-collection-de","7":"pa_colore-grun-de","8":"pa_colore-rot-de","9":"pa_colore-violett-de","10":"pa_taglia-l-de","11":"pa_taglia-m-de","12":"pa_taglia-s-de","13":"pa_taglia-xl-de","14":"pa_taglia-xs-de","15":"pa_taglia-xxl-de","16":"collezione-summer-2024-de","19":"first","20":"instock","21":"sale","22":"shipping-taxable","23":"purchasable","24":"product-type-variable"},"yoast_head":"<!-- This site is optimized with the Yoast SEO plugin v27.3 - https:\/\/yoast.com\/product\/yoast-seo-wordpress\/ -->\n<title>40. JAHRESTAGS-HEMD | GSG - Giessegi<\/title>\n<meta name=\"robots\" content=\"index, follow, max-snippet:-1, max-image-preview:large, max-video-preview:-1\" \/>\n<link rel=\"canonical\" href=\"https:\/\/www.giessegi.com\/de\/produkt\/40-jahrestags-hemd\/\" \/>\n<meta property=\"og:locale\" content=\"de_DE\" \/>\n<meta property=\"og:type\" content=\"article\" \/>\n<meta property=\"og:title\" content=\"40. JAHRESTAGS-HEMD | GSG - Giessegi\" \/>\n<meta property=\"og:description\" content=\"40 Jahre Geschichte.  GSG ist ein Unternehmen, das von 1984 bis heute Made in Italy Radsportbekleidung herstellt. Um diesen gro\u00dfen Meilenstein zu feiern, haben wir die Grafiken einiger der vielen Profiteams zusammengef\u00fchrt, die GSG im Laufe der vier Jahrzehnte gesponsert hat. Das Ergebnis war ein originelles Design, das wir in einer limitierten Auflage anbieten wollten, entwickelt in 3 Farbvarianten.  Zu diesem Anlass haben wir uns f\u00fcr ein High-End-Modell mit sehr hoher Leistung entschieden, das um neue Funktionen erweitert wurde:   Sehr leichte, schnell trocknende, teilweise \u00f6kologisch nachhaltige Netzstoffe.  Aerodynamische Materialien an den \u00c4rmeln und an der Vorderseite, um die Geschwindigkeit bei gleicher Kraft zu erh\u00f6hen, die beim Tragen eines anderen Trikots entsteht.  Anatomische Konstruktion und elastische Stoffe f\u00fcr mehr Komfort auch auf langen Strecken.\" \/>\n<meta property=\"og:url\" content=\"https:\/\/www.giessegi.com\/de\/produkt\/40-jahrestags-hemd\/\" \/>\n<meta property=\"og:site_name\" content=\"GSG - Giessegi\" \/>\n<meta property=\"article:modified_time\" content=\"2026-04-10T08:54:14+00:00\" \/>\n<meta property=\"og:image\" content=\"https:\/\/www.giessegi.com\/wp-content\/uploads\/2024\/06\/03537-40-anniversary_Jersey_violet_front.jpg\" \/>\n\t<meta property=\"og:image:width\" content=\"999\" \/>\n\t<meta property=\"og:image:height\" content=\"999\" \/>\n\t<meta property=\"og:image:type\" content=\"image\/jpeg\" \/>\n<meta name=\"twitter:card\" content=\"summary_large_image\" \/>\n<meta name=\"twitter:label1\" content=\"Gesch\u00e4tzte Lesezeit\" \/>\n\t<meta name=\"twitter:data1\" content=\"1\u00a0Minute\" \/>\n<script type=\"application\/ld+json\" class=\"yoast-schema-graph\">{\"@context\":\"https:\\\/\\\/schema.org\",\"@graph\":[{\"@type\":\"WebPage\",\"@id\":\"https:\\\/\\\/www.giessegi.com\\\/de\\\/produkt\\\/40-jahrestags-hemd\\\/\",\"url\":\"https:\\\/\\\/www.giessegi.com\\\/de\\\/produkt\\\/40-jahrestags-hemd\\\/\",\"name\":\"40. JAHRESTAGS-HEMD | GSG - Giessegi\",\"isPartOf\":{\"@id\":\"https:\\\/\\\/www.giessegi.com\\\/en\\\/#website\"},\"primaryImageOfPage\":{\"@id\":\"https:\\\/\\\/www.giessegi.com\\\/de\\\/produkt\\\/40-jahrestags-hemd\\\/#primaryimage\"},\"image\":{\"@id\":\"https:\\\/\\\/www.giessegi.com\\\/de\\\/produkt\\\/40-jahrestags-hemd\\\/#primaryimage\"},\"thumbnailUrl\":\"https:\\\/\\\/www.giessegi.com\\\/wp-content\\\/uploads\\\/2024\\\/06\\\/03537-40-anniversary_Jersey_violet_front.jpg\",\"datePublished\":\"2024-06-05T14:32:21+00:00\",\"dateModified\":\"2026-04-10T08:54:14+00:00\",\"breadcrumb\":{\"@id\":\"https:\\\/\\\/www.giessegi.com\\\/de\\\/produkt\\\/40-jahrestags-hemd\\\/#breadcrumb\"},\"inLanguage\":\"de\",\"potentialAction\":[{\"@type\":\"ReadAction\",\"target\":[\"https:\\\/\\\/www.giessegi.com\\\/de\\\/produkt\\\/40-jahrestags-hemd\\\/\"]}]},{\"@type\":\"ImageObject\",\"inLanguage\":\"de\",\"@id\":\"https:\\\/\\\/www.giessegi.com\\\/de\\\/produkt\\\/40-jahrestags-hemd\\\/#primaryimage\",\"url\":\"https:\\\/\\\/www.giessegi.com\\\/wp-content\\\/uploads\\\/2024\\\/06\\\/03537-40-anniversary_Jersey_violet_front.jpg\",\"contentUrl\":\"https:\\\/\\\/www.giessegi.com\\\/wp-content\\\/uploads\\\/2024\\\/06\\\/03537-40-anniversary_Jersey_violet_front.jpg\",\"width\":999,\"height\":999},{\"@type\":\"BreadcrumbList\",\"@id\":\"https:\\\/\\\/www.giessegi.com\\\/de\\\/produkt\\\/40-jahrestags-hemd\\\/#breadcrumb\",\"itemListElement\":[{\"@type\":\"ListItem\",\"position\":1,\"name\":\"Home\",\"item\":\"https:\\\/\\\/www.giessegi.com\\\/\"},{\"@type\":\"ListItem\",\"position\":2,\"name\":\"Products\",\"item\":\"https:\\\/\\\/www.giessegi.com\\\/en\\\/shop\\\/\"},{\"@type\":\"ListItem\",\"position\":3,\"name\":\"40. JAHRESTAGS-HEMD\"}]},{\"@type\":\"WebSite\",\"@id\":\"https:\\\/\\\/www.giessegi.com\\\/en\\\/#website\",\"url\":\"https:\\\/\\\/www.giessegi.com\\\/en\\\/\",\"name\":\"Giessegi\",\"description\":\"\",\"publisher\":{\"@id\":\"https:\\\/\\\/www.giessegi.com\\\/en\\\/#organization\"},\"potentialAction\":[{\"@type\":\"SearchAction\",\"target\":{\"@type\":\"EntryPoint\",\"urlTemplate\":\"https:\\\/\\\/www.giessegi.com\\\/en\\\/?s={search_term_string}\"},\"query-input\":{\"@type\":\"PropertyValueSpecification\",\"valueRequired\":true,\"valueName\":\"search_term_string\"}}],\"inLanguage\":\"de\"},{\"@type\":\"Organization\",\"@id\":\"https:\\\/\\\/www.giessegi.com\\\/en\\\/#organization\",\"name\":\"Giessegi\",\"url\":\"https:\\\/\\\/www.giessegi.com\\\/en\\\/\",\"logo\":{\"@type\":\"ImageObject\",\"inLanguage\":\"de\",\"@id\":\"https:\\\/\\\/www.giessegi.com\\\/en\\\/#\\\/schema\\\/logo\\\/image\\\/\",\"url\":\"https:\\\/\\\/www.giessegi.com\\\/wp-content\\\/uploads\\\/2022\\\/09\\\/giessegi-logo.jpeg\",\"contentUrl\":\"https:\\\/\\\/www.giessegi.com\\\/wp-content\\\/uploads\\\/2022\\\/09\\\/giessegi-logo.jpeg\",\"width\":175,\"height\":77,\"caption\":\"Giessegi\"},\"image\":{\"@id\":\"https:\\\/\\\/www.giessegi.com\\\/en\\\/#\\\/schema\\\/logo\\\/image\\\/\"}}]}<\/script>\n<!-- \/ Yoast SEO plugin. -->","yoast_head_json":{"title":"40. JAHRESTAGS-HEMD | GSG - Giessegi","robots":{"index":"index","follow":"follow","max-snippet":"max-snippet:-1","max-image-preview":"max-image-preview:large","max-video-preview":"max-video-preview:-1"},"canonical":"https:\/\/www.giessegi.com\/de\/produkt\/40-jahrestags-hemd\/","og_locale":"de_DE","og_type":"article","og_title":"40. JAHRESTAGS-HEMD | GSG - Giessegi","og_description":"40 Jahre Geschichte.  GSG ist ein Unternehmen, das von 1984 bis heute Made in Italy Radsportbekleidung herstellt. Um diesen gro\u00dfen Meilenstein zu feiern, haben wir die Grafiken einiger der vielen Profiteams zusammengef\u00fchrt, die GSG im Laufe der vier Jahrzehnte gesponsert hat. Das Ergebnis war ein originelles Design, das wir in einer limitierten Auflage anbieten wollten, entwickelt in 3 Farbvarianten.  Zu diesem Anlass haben wir uns f\u00fcr ein High-End-Modell mit sehr hoher Leistung entschieden, das um neue Funktionen erweitert wurde:   Sehr leichte, schnell trocknende, teilweise \u00f6kologisch nachhaltige Netzstoffe.  Aerodynamische Materialien an den \u00c4rmeln und an der Vorderseite, um die Geschwindigkeit bei gleicher Kraft zu erh\u00f6hen, die beim Tragen eines anderen Trikots entsteht.  Anatomische Konstruktion und elastische Stoffe f\u00fcr mehr Komfort auch auf langen Strecken.","og_url":"https:\/\/www.giessegi.com\/de\/produkt\/40-jahrestags-hemd\/","og_site_name":"GSG - Giessegi","article_modified_time":"2026-04-10T08:54:14+00:00","og_image":[{"width":999,"height":999,"url":"https:\/\/www.giessegi.com\/wp-content\/uploads\/2024\/06\/03537-40-anniversary_Jersey_violet_front.jpg","type":"image\/jpeg"}],"twitter_card":"summary_large_image","twitter_misc":{"Gesch\u00e4tzte Lesezeit":"1\u00a0Minute"},"schema":{"@context":"https:\/\/schema.org","@graph":[{"@type":"WebPage","@id":"https:\/\/www.giessegi.com\/de\/produkt\/40-jahrestags-hemd\/","url":"https:\/\/www.giessegi.com\/de\/produkt\/40-jahrestags-hemd\/","name":"40. JAHRESTAGS-HEMD | GSG - Giessegi","isPartOf":{"@id":"https:\/\/www.giessegi.com\/en\/#website"},"primaryImageOfPage":{"@id":"https:\/\/www.giessegi.com\/de\/produkt\/40-jahrestags-hemd\/#primaryimage"},"image":{"@id":"https:\/\/www.giessegi.com\/de\/produkt\/40-jahrestags-hemd\/#primaryimage"},"thumbnailUrl":"https:\/\/www.giessegi.com\/wp-content\/uploads\/2024\/06\/03537-40-anniversary_Jersey_violet_front.jpg","datePublished":"2024-06-05T14:32:21+00:00","dateModified":"2026-04-10T08:54:14+00:00","breadcrumb":{"@id":"https:\/\/www.giessegi.com\/de\/produkt\/40-jahrestags-hemd\/#breadcrumb"},"inLanguage":"de","potentialAction":[{"@type":"ReadAction","target":["https:\/\/www.giessegi.com\/de\/produkt\/40-jahrestags-hemd\/"]}]},{"@type":"ImageObject","inLanguage":"de","@id":"https:\/\/www.giessegi.com\/de\/produkt\/40-jahrestags-hemd\/#primaryimage","url":"https:\/\/www.giessegi.com\/wp-content\/uploads\/2024\/06\/03537-40-anniversary_Jersey_violet_front.jpg","contentUrl":"https:\/\/www.giessegi.com\/wp-content\/uploads\/2024\/06\/03537-40-anniversary_Jersey_violet_front.jpg","width":999,"height":999},{"@type":"BreadcrumbList","@id":"https:\/\/www.giessegi.com\/de\/produkt\/40-jahrestags-hemd\/#breadcrumb","itemListElement":[{"@type":"ListItem","position":1,"name":"Home","item":"https:\/\/www.giessegi.com\/"},{"@type":"ListItem","position":2,"name":"Products","item":"https:\/\/www.giessegi.com\/en\/shop\/"},{"@type":"ListItem","position":3,"name":"40. JAHRESTAGS-HEMD"}]},{"@type":"WebSite","@id":"https:\/\/www.giessegi.com\/en\/#website","url":"https:\/\/www.giessegi.com\/en\/","name":"Giessegi","description":"","publisher":{"@id":"https:\/\/www.giessegi.com\/en\/#organization"},"potentialAction":[{"@type":"SearchAction","target":{"@type":"EntryPoint","urlTemplate":"https:\/\/www.giessegi.com\/en\/?s={search_term_string}"},"query-input":{"@type":"PropertyValueSpecification","valueRequired":true,"valueName":"search_term_string"}}],"inLanguage":"de"},{"@type":"Organization","@id":"https:\/\/www.giessegi.com\/en\/#organization","name":"Giessegi","url":"https:\/\/www.giessegi.com\/en\/","logo":{"@type":"ImageObject","inLanguage":"de","@id":"https:\/\/www.giessegi.com\/en\/#\/schema\/logo\/image\/","url":"https:\/\/www.giessegi.com\/wp-content\/uploads\/2022\/09\/giessegi-logo.jpeg","contentUrl":"https:\/\/www.giessegi.com\/wp-content\/uploads\/2022\/09\/giessegi-logo.jpeg","width":175,"height":77,"caption":"Giessegi"},"image":{"@id":"https:\/\/www.giessegi.com\/en\/#\/schema\/logo\/image\/"}}]}},"_links":{"self":[{"href":"https:\/\/www.giessegi.com\/de\/wp-json\/wp\/v2\/product\/65844","targetHints":{"allow":["GET"]}}],"collection":[{"href":"https:\/\/www.giessegi.com\/de\/wp-json\/wp\/v2\/product"}],"about":[{"href":"https:\/\/www.giessegi.com\/de\/wp-json\/wp\/v2\/types\/product"}],"wp:featuredmedia":[{"embeddable":true,"href":"https:\/\/www.giessegi.com\/de\/wp-json\/wp\/v2\/media\/65711"}],"wp:attachment":[{"href":"https:\/\/www.giessegi.com\/de\/wp-json\/wp\/v2\/media?parent=65844"}],"wp:term":[{"taxonomy":"product_brand","embeddable":true,"href":"https:\/\/www.giessegi.com\/de\/wp-json\/wp\/v2\/product_brand?post=65844"},{"taxonomy":"product_cat","embeddable":true,"href":"https:\/\/www.giessegi.com\/de\/wp-json\/wp\/v2\/product_cat?post=65844"},{"taxonomy":"product_tag","embeddable":true,"href":"https:\/\/www.giessegi.com\/de\/wp-json\/wp\/v2\/product_tag?post=65844"},{"taxonomy":"collezione","embeddable":true,"href":"https:\/\/www.giessegi.com\/de\/wp-json\/wp\/v2\/collezione?post=65844"}],"curies":[{"name":"wp","href":"https:\/\/api.w.org\/{rel}","templated":true}]}}