{"id":65250,"date":"2024-05-23T11:01:00","date_gmt":"2024-05-23T09:01:00","guid":{"rendered":"https:\/\/www.giessegi.com\/product\/future-2\/"},"modified":"2025-07-23T10:54:31","modified_gmt":"2025-07-23T08:54:31","slug":"future-2","status":"publish","type":"product","link":"https:\/\/www.giessegi.com\/de\/produkt\/future-2\/","title":{"rendered":"FUTURE"},"content":{"rendered":"","protected":false},"excerpt":{"rendered":"<p>Neues Kurzarmtrikot. Der Stoff besteht aus recyceltem Garn und ist \u00f6kologisch nachhaltig. Das Trikot ist perfekt f\u00fcr Stra\u00dfen- und Gel\u00e4ndefahrer, da der Stoff widerstandsf\u00e4hig und atmungsaktiv ist. Es gibt einen durchgehenden, versteckten Rei\u00dfverschluss. 3 offene R\u00fcckentaschen und eine zus\u00e4tzliche wasserdichte Tasche mit unsichtbarem Rei\u00dfverschluss auf der rechten Seite. An der Taille befindet sich ein Silikongreifer. Die Passform ist normal. Reflektierender Einsatz hinten f\u00fcr mehr Sicherheit im Stra\u00dfenverkehr.<\/p>\n","protected":false},"featured_media":64800,"template":"","meta":[],"product_brand":[],"product_cat":[4222,6394,4235,4238],"product_tag":[],"collezione":[6364],"class_list":{"0":"post-65250","1":"product","2":"type-product","3":"status-publish","4":"has-post-thumbnail","6":"product_cat-mann-de-2","7":"product_cat-kurzarmhemden-de","8":"product_cat-spitze","9":"product_cat-trikots-de-4","10":"pa_colore-blau-de","11":"pa_colore-himmelblau-de","12":"pa_colore-neon-orange-de","13":"pa_colore-rot-de","14":"pa_taglia-3xl-de","15":"pa_taglia-l-de","16":"pa_taglia-m-de","17":"pa_taglia-s-de","18":"pa_taglia-xl-de","19":"pa_taglia-xs-de","20":"pa_taglia-xxl-de","21":"collezione-summer-2024-de","24":"first","25":"instock","26":"sale","27":"shipping-taxable","28":"purchasable","29":"product-type-variable"},"yoast_head":"<!-- This site is optimized with the Yoast SEO plugin v27.3 - https:\/\/yoast.com\/product\/yoast-seo-wordpress\/ -->\n<title>FUTURE | GSG - Giessegi<\/title>\n<meta name=\"robots\" content=\"index, follow, max-snippet:-1, max-image-preview:large, max-video-preview:-1\" \/>\n<link rel=\"canonical\" href=\"https:\/\/www.giessegi.com\/de\/produkt\/future-2\/\" \/>\n<meta property=\"og:locale\" content=\"de_DE\" \/>\n<meta property=\"og:type\" content=\"article\" \/>\n<meta property=\"og:title\" content=\"FUTURE | GSG - Giessegi\" \/>\n<meta property=\"og:description\" content=\"Neues Kurzarmtrikot. Der Stoff besteht aus recyceltem Garn und ist \u00f6kologisch nachhaltig. Das Trikot ist perfekt f\u00fcr Stra\u00dfen- und Gel\u00e4ndefahrer, da der Stoff widerstandsf\u00e4hig und atmungsaktiv ist. Es gibt einen durchgehenden, versteckten Rei\u00dfverschluss. 3 offene R\u00fcckentaschen und eine zus\u00e4tzliche wasserdichte Tasche mit unsichtbarem Rei\u00dfverschluss auf der rechten Seite. An der Taille befindet sich ein Silikongreifer. Die Passform ist normal. Reflektierender Einsatz hinten f\u00fcr mehr Sicherheit im Stra\u00dfenverkehr.\" \/>\n<meta property=\"og:url\" content=\"https:\/\/www.giessegi.com\/de\/produkt\/future-2\/\" \/>\n<meta property=\"og:site_name\" content=\"GSG - Giessegi\" \/>\n<meta property=\"article:modified_time\" content=\"2025-07-23T08:54:31+00:00\" \/>\n<meta property=\"og:image\" content=\"https:\/\/www.giessegi.com\/wp-content\/uploads\/2024\/05\/03526-FUTURE_46_BLU_front.jpg\" \/>\n\t<meta property=\"og:image:width\" content=\"1000\" \/>\n\t<meta property=\"og:image:height\" content=\"1000\" \/>\n\t<meta property=\"og:image:type\" content=\"image\/jpeg\" \/>\n<meta name=\"twitter:card\" content=\"summary_large_image\" \/>\n<meta name=\"twitter:label1\" content=\"Gesch\u00e4tzte Lesezeit\" \/>\n\t<meta name=\"twitter:data1\" content=\"1\u00a0Minute\" \/>\n<script type=\"application\/ld+json\" class=\"yoast-schema-graph\">{\"@context\":\"https:\\\/\\\/schema.org\",\"@graph\":[{\"@type\":\"WebPage\",\"@id\":\"https:\\\/\\\/www.giessegi.com\\\/de\\\/produkt\\\/future-2\\\/\",\"url\":\"https:\\\/\\\/www.giessegi.com\\\/de\\\/produkt\\\/future-2\\\/\",\"name\":\"FUTURE | GSG - Giessegi\",\"isPartOf\":{\"@id\":\"https:\\\/\\\/www.giessegi.com\\\/en\\\/#website\"},\"primaryImageOfPage\":{\"@id\":\"https:\\\/\\\/www.giessegi.com\\\/de\\\/produkt\\\/future-2\\\/#primaryimage\"},\"image\":{\"@id\":\"https:\\\/\\\/www.giessegi.com\\\/de\\\/produkt\\\/future-2\\\/#primaryimage\"},\"thumbnailUrl\":\"https:\\\/\\\/www.giessegi.com\\\/wp-content\\\/uploads\\\/2024\\\/05\\\/03526-FUTURE_46_BLU_front.jpg\",\"datePublished\":\"2024-05-23T09:01:00+00:00\",\"dateModified\":\"2025-07-23T08:54:31+00:00\",\"breadcrumb\":{\"@id\":\"https:\\\/\\\/www.giessegi.com\\\/de\\\/produkt\\\/future-2\\\/#breadcrumb\"},\"inLanguage\":\"de\",\"potentialAction\":[{\"@type\":\"ReadAction\",\"target\":[\"https:\\\/\\\/www.giessegi.com\\\/de\\\/produkt\\\/future-2\\\/\"]}]},{\"@type\":\"ImageObject\",\"inLanguage\":\"de\",\"@id\":\"https:\\\/\\\/www.giessegi.com\\\/de\\\/produkt\\\/future-2\\\/#primaryimage\",\"url\":\"https:\\\/\\\/www.giessegi.com\\\/wp-content\\\/uploads\\\/2024\\\/05\\\/03526-FUTURE_46_BLU_front.jpg\",\"contentUrl\":\"https:\\\/\\\/www.giessegi.com\\\/wp-content\\\/uploads\\\/2024\\\/05\\\/03526-FUTURE_46_BLU_front.jpg\",\"width\":1000,\"height\":1000},{\"@type\":\"BreadcrumbList\",\"@id\":\"https:\\\/\\\/www.giessegi.com\\\/de\\\/produkt\\\/future-2\\\/#breadcrumb\",\"itemListElement\":[{\"@type\":\"ListItem\",\"position\":1,\"name\":\"Home\",\"item\":\"https:\\\/\\\/www.giessegi.com\\\/\"},{\"@type\":\"ListItem\",\"position\":2,\"name\":\"Products\",\"item\":\"https:\\\/\\\/www.giessegi.com\\\/en\\\/shop\\\/\"},{\"@type\":\"ListItem\",\"position\":3,\"name\":\"FUTURE\"}]},{\"@type\":\"WebSite\",\"@id\":\"https:\\\/\\\/www.giessegi.com\\\/en\\\/#website\",\"url\":\"https:\\\/\\\/www.giessegi.com\\\/en\\\/\",\"name\":\"Giessegi\",\"description\":\"\",\"publisher\":{\"@id\":\"https:\\\/\\\/www.giessegi.com\\\/en\\\/#organization\"},\"potentialAction\":[{\"@type\":\"SearchAction\",\"target\":{\"@type\":\"EntryPoint\",\"urlTemplate\":\"https:\\\/\\\/www.giessegi.com\\\/en\\\/?s={search_term_string}\"},\"query-input\":{\"@type\":\"PropertyValueSpecification\",\"valueRequired\":true,\"valueName\":\"search_term_string\"}}],\"inLanguage\":\"de\"},{\"@type\":\"Organization\",\"@id\":\"https:\\\/\\\/www.giessegi.com\\\/en\\\/#organization\",\"name\":\"Giessegi\",\"url\":\"https:\\\/\\\/www.giessegi.com\\\/en\\\/\",\"logo\":{\"@type\":\"ImageObject\",\"inLanguage\":\"de\",\"@id\":\"https:\\\/\\\/www.giessegi.com\\\/en\\\/#\\\/schema\\\/logo\\\/image\\\/\",\"url\":\"https:\\\/\\\/www.giessegi.com\\\/wp-content\\\/uploads\\\/2022\\\/09\\\/giessegi-logo.jpeg\",\"contentUrl\":\"https:\\\/\\\/www.giessegi.com\\\/wp-content\\\/uploads\\\/2022\\\/09\\\/giessegi-logo.jpeg\",\"width\":175,\"height\":77,\"caption\":\"Giessegi\"},\"image\":{\"@id\":\"https:\\\/\\\/www.giessegi.com\\\/en\\\/#\\\/schema\\\/logo\\\/image\\\/\"}}]}<\/script>\n<!-- \/ Yoast SEO plugin. -->","yoast_head_json":{"title":"FUTURE | GSG - Giessegi","robots":{"index":"index","follow":"follow","max-snippet":"max-snippet:-1","max-image-preview":"max-image-preview:large","max-video-preview":"max-video-preview:-1"},"canonical":"https:\/\/www.giessegi.com\/de\/produkt\/future-2\/","og_locale":"de_DE","og_type":"article","og_title":"FUTURE | GSG - Giessegi","og_description":"Neues Kurzarmtrikot. Der Stoff besteht aus recyceltem Garn und ist \u00f6kologisch nachhaltig. Das Trikot ist perfekt f\u00fcr Stra\u00dfen- und Gel\u00e4ndefahrer, da der Stoff widerstandsf\u00e4hig und atmungsaktiv ist. Es gibt einen durchgehenden, versteckten Rei\u00dfverschluss. 3 offene R\u00fcckentaschen und eine zus\u00e4tzliche wasserdichte Tasche mit unsichtbarem Rei\u00dfverschluss auf der rechten Seite. An der Taille befindet sich ein Silikongreifer. Die Passform ist normal. Reflektierender Einsatz hinten f\u00fcr mehr Sicherheit im Stra\u00dfenverkehr.","og_url":"https:\/\/www.giessegi.com\/de\/produkt\/future-2\/","og_site_name":"GSG - Giessegi","article_modified_time":"2025-07-23T08:54:31+00:00","og_image":[{"width":1000,"height":1000,"url":"https:\/\/www.giessegi.com\/wp-content\/uploads\/2024\/05\/03526-FUTURE_46_BLU_front.jpg","type":"image\/jpeg"}],"twitter_card":"summary_large_image","twitter_misc":{"Gesch\u00e4tzte Lesezeit":"1\u00a0Minute"},"schema":{"@context":"https:\/\/schema.org","@graph":[{"@type":"WebPage","@id":"https:\/\/www.giessegi.com\/de\/produkt\/future-2\/","url":"https:\/\/www.giessegi.com\/de\/produkt\/future-2\/","name":"FUTURE | GSG - Giessegi","isPartOf":{"@id":"https:\/\/www.giessegi.com\/en\/#website"},"primaryImageOfPage":{"@id":"https:\/\/www.giessegi.com\/de\/produkt\/future-2\/#primaryimage"},"image":{"@id":"https:\/\/www.giessegi.com\/de\/produkt\/future-2\/#primaryimage"},"thumbnailUrl":"https:\/\/www.giessegi.com\/wp-content\/uploads\/2024\/05\/03526-FUTURE_46_BLU_front.jpg","datePublished":"2024-05-23T09:01:00+00:00","dateModified":"2025-07-23T08:54:31+00:00","breadcrumb":{"@id":"https:\/\/www.giessegi.com\/de\/produkt\/future-2\/#breadcrumb"},"inLanguage":"de","potentialAction":[{"@type":"ReadAction","target":["https:\/\/www.giessegi.com\/de\/produkt\/future-2\/"]}]},{"@type":"ImageObject","inLanguage":"de","@id":"https:\/\/www.giessegi.com\/de\/produkt\/future-2\/#primaryimage","url":"https:\/\/www.giessegi.com\/wp-content\/uploads\/2024\/05\/03526-FUTURE_46_BLU_front.jpg","contentUrl":"https:\/\/www.giessegi.com\/wp-content\/uploads\/2024\/05\/03526-FUTURE_46_BLU_front.jpg","width":1000,"height":1000},{"@type":"BreadcrumbList","@id":"https:\/\/www.giessegi.com\/de\/produkt\/future-2\/#breadcrumb","itemListElement":[{"@type":"ListItem","position":1,"name":"Home","item":"https:\/\/www.giessegi.com\/"},{"@type":"ListItem","position":2,"name":"Products","item":"https:\/\/www.giessegi.com\/en\/shop\/"},{"@type":"ListItem","position":3,"name":"FUTURE"}]},{"@type":"WebSite","@id":"https:\/\/www.giessegi.com\/en\/#website","url":"https:\/\/www.giessegi.com\/en\/","name":"Giessegi","description":"","publisher":{"@id":"https:\/\/www.giessegi.com\/en\/#organization"},"potentialAction":[{"@type":"SearchAction","target":{"@type":"EntryPoint","urlTemplate":"https:\/\/www.giessegi.com\/en\/?s={search_term_string}"},"query-input":{"@type":"PropertyValueSpecification","valueRequired":true,"valueName":"search_term_string"}}],"inLanguage":"de"},{"@type":"Organization","@id":"https:\/\/www.giessegi.com\/en\/#organization","name":"Giessegi","url":"https:\/\/www.giessegi.com\/en\/","logo":{"@type":"ImageObject","inLanguage":"de","@id":"https:\/\/www.giessegi.com\/en\/#\/schema\/logo\/image\/","url":"https:\/\/www.giessegi.com\/wp-content\/uploads\/2022\/09\/giessegi-logo.jpeg","contentUrl":"https:\/\/www.giessegi.com\/wp-content\/uploads\/2022\/09\/giessegi-logo.jpeg","width":175,"height":77,"caption":"Giessegi"},"image":{"@id":"https:\/\/www.giessegi.com\/en\/#\/schema\/logo\/image\/"}}]}},"_links":{"self":[{"href":"https:\/\/www.giessegi.com\/de\/wp-json\/wp\/v2\/product\/65250","targetHints":{"allow":["GET"]}}],"collection":[{"href":"https:\/\/www.giessegi.com\/de\/wp-json\/wp\/v2\/product"}],"about":[{"href":"https:\/\/www.giessegi.com\/de\/wp-json\/wp\/v2\/types\/product"}],"wp:featuredmedia":[{"embeddable":true,"href":"https:\/\/www.giessegi.com\/de\/wp-json\/wp\/v2\/media\/64800"}],"wp:attachment":[{"href":"https:\/\/www.giessegi.com\/de\/wp-json\/wp\/v2\/media?parent=65250"}],"wp:term":[{"taxonomy":"product_brand","embeddable":true,"href":"https:\/\/www.giessegi.com\/de\/wp-json\/wp\/v2\/product_brand?post=65250"},{"taxonomy":"product_cat","embeddable":true,"href":"https:\/\/www.giessegi.com\/de\/wp-json\/wp\/v2\/product_cat?post=65250"},{"taxonomy":"product_tag","embeddable":true,"href":"https:\/\/www.giessegi.com\/de\/wp-json\/wp\/v2\/product_tag?post=65250"},{"taxonomy":"collezione","embeddable":true,"href":"https:\/\/www.giessegi.com\/de\/wp-json\/wp\/v2\/collezione?post=65250"}],"curies":[{"name":"wp","href":"https:\/\/api.w.org\/{rel}","templated":true}]}}