{"id":58809,"date":"2023-10-30T12:37:41","date_gmt":"2023-10-30T11:37:41","guid":{"rendered":"https:\/\/www.giessegi.com\/product\/ghiaia\/"},"modified":"2024-12-20T07:52:52","modified_gmt":"2024-12-20T06:52:52","slug":"ghiaia","status":"publish","type":"product","link":"https:\/\/www.giessegi.com\/de\/produkt\/ghiaia\/","title":{"rendered":"GHIAIA"},"content":{"rendered":"","protected":false},"excerpt":{"rendered":"<p>Winter-Tr\u00e4gerhose f\u00fcr Gravel und MTB. Es hat einen wasserabweisenden und weichen Stoff, um vor K\u00e4lte zu sch\u00fctzen und Regen und Schlamm. Die Tr\u00e4ger bestehen aus Mesh, um eine hervorragende Atmungsaktivit\u00e4t zu gew\u00e4hrleisten, und sind sehr elastisch, um auch bei l\u00e4ngerem Sitzen im Sattel bequem zu sein. Es handelt sich um eine Radhose, die auch dank des Ergotech-Sitzpolsters, das \u00fcber eine hervorragende Polsterung verf\u00fcgt und f\u00fcr das Gel\u00e4nde geeignet ist, f\u00fcr lange Strecken geeignet ist. Die Schw\u00e4mme sind hochdicht und atmungsaktiv, um sowohl vor mechanischer Beanspruchung als auch vor Schwei\u00df zu sch\u00fctzen und Schmerzen und Irritationen f\u00fcr den Radfahrer zu vermeiden. Die N\u00e4hte sind verst\u00e4rkt, um widerstandsf\u00e4hig zu sein bis hin zu l\u00e4ngerem Gebrauch. Die Schnitte der Tr\u00e4gerhose und des Sitzpolsters sind so geformt, dass sie sich der Anatomie des Athleten anpassen. Gibt es vier Taschen, um die Beladen mit Gegenst\u00e4nden, die Sie auf lange Fahrten mitnehmen k\u00f6nnen.<\/p>\n<p>SITZPOLSTER: <a href=\"https:\/\/www.giessegi.com\/de\/sitzpolster\/\">ERGOTECH<\/a><\/p>\n<p>TEMPERATUR: -5\u00b0 \/ +12\u00b0<\/p>\n","protected":false},"featured_media":58582,"template":"","meta":[],"product_brand":[],"product_cat":[4222,4232,4198,4233],"product_tag":[],"collezione":[5473],"class_list":{"0":"post-58809","1":"product","2":"type-product","3":"status-publish","4":"has-post-thumbnail","6":"product_cat-mann-de-2","7":"product_cat-hose","8":"product_cat-kies-de","9":"product_cat-strumpfhosen","10":"pa_colore-schwarz-de","11":"pa_taglia-3xl-de","12":"pa_taglia-l-de","13":"pa_taglia-m-de","14":"pa_taglia-s-de","15":"pa_taglia-xl-de","16":"pa_taglia-xs-de","17":"pa_taglia-xxl-de","18":"collezione-winter-2023-24-de","21":"first","22":"instock","23":"sale","24":"shipping-taxable","25":"purchasable","26":"product-type-variable"},"yoast_head":"<!-- This site is optimized with the Yoast SEO plugin v27.3 - https:\/\/yoast.com\/product\/yoast-seo-wordpress\/ -->\n<title>GHIAIA | GSG - Giessegi<\/title>\n<meta name=\"robots\" content=\"index, follow, max-snippet:-1, max-image-preview:large, max-video-preview:-1\" \/>\n<link rel=\"canonical\" href=\"https:\/\/www.giessegi.com\/de\/produkt\/ghiaia\/\" \/>\n<meta property=\"og:locale\" content=\"de_DE\" \/>\n<meta property=\"og:type\" content=\"article\" \/>\n<meta property=\"og:title\" content=\"GHIAIA | GSG - Giessegi\" \/>\n<meta property=\"og:description\" content=\"Winter-Tr\u00e4gerhose f\u00fcr Gravel und MTB. Es hat einen wasserabweisenden und weichen Stoff, um vor K\u00e4lte zu sch\u00fctzen und Regen und Schlamm. Die Tr\u00e4ger bestehen aus Mesh, um eine hervorragende Atmungsaktivit\u00e4t zu gew\u00e4hrleisten, und sind sehr elastisch, um auch bei l\u00e4ngerem Sitzen im Sattel bequem zu sein. Es handelt sich um eine Radhose, die auch dank des Ergotech-Sitzpolsters, das \u00fcber eine hervorragende Polsterung verf\u00fcgt und f\u00fcr das Gel\u00e4nde geeignet ist, f\u00fcr lange Strecken geeignet ist. Die Schw\u00e4mme sind hochdicht und atmungsaktiv, um sowohl vor mechanischer Beanspruchung als auch vor Schwei\u00df zu sch\u00fctzen und Schmerzen und Irritationen f\u00fcr den Radfahrer zu vermeiden. Die N\u00e4hte sind verst\u00e4rkt, um widerstandsf\u00e4hig zu sein bis hin zu l\u00e4ngerem Gebrauch. Die Schnitte der Tr\u00e4gerhose und des Sitzpolsters sind so geformt, dass sie sich der Anatomie des Athleten anpassen. Gibt es vier Taschen, um die Beladen mit Gegenst\u00e4nden, die Sie auf lange Fahrten mitnehmen k\u00f6nnen.  SITZPOLSTER: ERGOTECH  TEMPERATUR: -5\u00b0 \/ +12\u00b0\" \/>\n<meta property=\"og:url\" content=\"https:\/\/www.giessegi.com\/de\/produkt\/ghiaia\/\" \/>\n<meta property=\"og:site_name\" content=\"GSG - Giessegi\" \/>\n<meta property=\"article:modified_time\" content=\"2024-12-20T06:52:52+00:00\" \/>\n<meta property=\"og:image\" content=\"https:\/\/www.giessegi.com\/wp-content\/uploads\/2023\/10\/07271-GHIAIA_01_nero_front.jpg\" \/>\n\t<meta property=\"og:image:width\" content=\"1000\" \/>\n\t<meta property=\"og:image:height\" content=\"1000\" \/>\n\t<meta property=\"og:image:type\" content=\"image\/jpeg\" \/>\n<meta name=\"twitter:card\" content=\"summary_large_image\" \/>\n<meta name=\"twitter:label1\" content=\"Gesch\u00e4tzte Lesezeit\" \/>\n\t<meta name=\"twitter:data1\" content=\"1\u00a0Minute\" \/>\n<script type=\"application\/ld+json\" class=\"yoast-schema-graph\">{\"@context\":\"https:\\\/\\\/schema.org\",\"@graph\":[{\"@type\":\"WebPage\",\"@id\":\"https:\\\/\\\/www.giessegi.com\\\/de\\\/produkt\\\/ghiaia\\\/\",\"url\":\"https:\\\/\\\/www.giessegi.com\\\/de\\\/produkt\\\/ghiaia\\\/\",\"name\":\"GHIAIA | GSG - Giessegi\",\"isPartOf\":{\"@id\":\"https:\\\/\\\/www.giessegi.com\\\/en\\\/#website\"},\"primaryImageOfPage\":{\"@id\":\"https:\\\/\\\/www.giessegi.com\\\/de\\\/produkt\\\/ghiaia\\\/#primaryimage\"},\"image\":{\"@id\":\"https:\\\/\\\/www.giessegi.com\\\/de\\\/produkt\\\/ghiaia\\\/#primaryimage\"},\"thumbnailUrl\":\"https:\\\/\\\/www.giessegi.com\\\/wp-content\\\/uploads\\\/2023\\\/10\\\/07271-GHIAIA_01_nero_front.jpg\",\"datePublished\":\"2023-10-30T11:37:41+00:00\",\"dateModified\":\"2024-12-20T06:52:52+00:00\",\"breadcrumb\":{\"@id\":\"https:\\\/\\\/www.giessegi.com\\\/de\\\/produkt\\\/ghiaia\\\/#breadcrumb\"},\"inLanguage\":\"de\",\"potentialAction\":[{\"@type\":\"ReadAction\",\"target\":[\"https:\\\/\\\/www.giessegi.com\\\/de\\\/produkt\\\/ghiaia\\\/\"]}]},{\"@type\":\"ImageObject\",\"inLanguage\":\"de\",\"@id\":\"https:\\\/\\\/www.giessegi.com\\\/de\\\/produkt\\\/ghiaia\\\/#primaryimage\",\"url\":\"https:\\\/\\\/www.giessegi.com\\\/wp-content\\\/uploads\\\/2023\\\/10\\\/07271-GHIAIA_01_nero_front.jpg\",\"contentUrl\":\"https:\\\/\\\/www.giessegi.com\\\/wp-content\\\/uploads\\\/2023\\\/10\\\/07271-GHIAIA_01_nero_front.jpg\",\"width\":1000,\"height\":1000},{\"@type\":\"BreadcrumbList\",\"@id\":\"https:\\\/\\\/www.giessegi.com\\\/de\\\/produkt\\\/ghiaia\\\/#breadcrumb\",\"itemListElement\":[{\"@type\":\"ListItem\",\"position\":1,\"name\":\"Home\",\"item\":\"https:\\\/\\\/www.giessegi.com\\\/\"},{\"@type\":\"ListItem\",\"position\":2,\"name\":\"Products\",\"item\":\"https:\\\/\\\/www.giessegi.com\\\/en\\\/shop\\\/\"},{\"@type\":\"ListItem\",\"position\":3,\"name\":\"GHIAIA\"}]},{\"@type\":\"WebSite\",\"@id\":\"https:\\\/\\\/www.giessegi.com\\\/en\\\/#website\",\"url\":\"https:\\\/\\\/www.giessegi.com\\\/en\\\/\",\"name\":\"Giessegi\",\"description\":\"\",\"publisher\":{\"@id\":\"https:\\\/\\\/www.giessegi.com\\\/en\\\/#organization\"},\"potentialAction\":[{\"@type\":\"SearchAction\",\"target\":{\"@type\":\"EntryPoint\",\"urlTemplate\":\"https:\\\/\\\/www.giessegi.com\\\/en\\\/?s={search_term_string}\"},\"query-input\":{\"@type\":\"PropertyValueSpecification\",\"valueRequired\":true,\"valueName\":\"search_term_string\"}}],\"inLanguage\":\"de\"},{\"@type\":\"Organization\",\"@id\":\"https:\\\/\\\/www.giessegi.com\\\/en\\\/#organization\",\"name\":\"Giessegi\",\"url\":\"https:\\\/\\\/www.giessegi.com\\\/en\\\/\",\"logo\":{\"@type\":\"ImageObject\",\"inLanguage\":\"de\",\"@id\":\"https:\\\/\\\/www.giessegi.com\\\/en\\\/#\\\/schema\\\/logo\\\/image\\\/\",\"url\":\"https:\\\/\\\/www.giessegi.com\\\/wp-content\\\/uploads\\\/2022\\\/09\\\/giessegi-logo.jpeg\",\"contentUrl\":\"https:\\\/\\\/www.giessegi.com\\\/wp-content\\\/uploads\\\/2022\\\/09\\\/giessegi-logo.jpeg\",\"width\":175,\"height\":77,\"caption\":\"Giessegi\"},\"image\":{\"@id\":\"https:\\\/\\\/www.giessegi.com\\\/en\\\/#\\\/schema\\\/logo\\\/image\\\/\"}}]}<\/script>\n<!-- \/ Yoast SEO plugin. -->","yoast_head_json":{"title":"GHIAIA | GSG - Giessegi","robots":{"index":"index","follow":"follow","max-snippet":"max-snippet:-1","max-image-preview":"max-image-preview:large","max-video-preview":"max-video-preview:-1"},"canonical":"https:\/\/www.giessegi.com\/de\/produkt\/ghiaia\/","og_locale":"de_DE","og_type":"article","og_title":"GHIAIA | GSG - Giessegi","og_description":"Winter-Tr\u00e4gerhose f\u00fcr Gravel und MTB. Es hat einen wasserabweisenden und weichen Stoff, um vor K\u00e4lte zu sch\u00fctzen und Regen und Schlamm. Die Tr\u00e4ger bestehen aus Mesh, um eine hervorragende Atmungsaktivit\u00e4t zu gew\u00e4hrleisten, und sind sehr elastisch, um auch bei l\u00e4ngerem Sitzen im Sattel bequem zu sein. Es handelt sich um eine Radhose, die auch dank des Ergotech-Sitzpolsters, das \u00fcber eine hervorragende Polsterung verf\u00fcgt und f\u00fcr das Gel\u00e4nde geeignet ist, f\u00fcr lange Strecken geeignet ist. Die Schw\u00e4mme sind hochdicht und atmungsaktiv, um sowohl vor mechanischer Beanspruchung als auch vor Schwei\u00df zu sch\u00fctzen und Schmerzen und Irritationen f\u00fcr den Radfahrer zu vermeiden. Die N\u00e4hte sind verst\u00e4rkt, um widerstandsf\u00e4hig zu sein bis hin zu l\u00e4ngerem Gebrauch. Die Schnitte der Tr\u00e4gerhose und des Sitzpolsters sind so geformt, dass sie sich der Anatomie des Athleten anpassen. Gibt es vier Taschen, um die Beladen mit Gegenst\u00e4nden, die Sie auf lange Fahrten mitnehmen k\u00f6nnen.  SITZPOLSTER: ERGOTECH  TEMPERATUR: -5\u00b0 \/ +12\u00b0","og_url":"https:\/\/www.giessegi.com\/de\/produkt\/ghiaia\/","og_site_name":"GSG - Giessegi","article_modified_time":"2024-12-20T06:52:52+00:00","og_image":[{"width":1000,"height":1000,"url":"https:\/\/www.giessegi.com\/wp-content\/uploads\/2023\/10\/07271-GHIAIA_01_nero_front.jpg","type":"image\/jpeg"}],"twitter_card":"summary_large_image","twitter_misc":{"Gesch\u00e4tzte Lesezeit":"1\u00a0Minute"},"schema":{"@context":"https:\/\/schema.org","@graph":[{"@type":"WebPage","@id":"https:\/\/www.giessegi.com\/de\/produkt\/ghiaia\/","url":"https:\/\/www.giessegi.com\/de\/produkt\/ghiaia\/","name":"GHIAIA | GSG - Giessegi","isPartOf":{"@id":"https:\/\/www.giessegi.com\/en\/#website"},"primaryImageOfPage":{"@id":"https:\/\/www.giessegi.com\/de\/produkt\/ghiaia\/#primaryimage"},"image":{"@id":"https:\/\/www.giessegi.com\/de\/produkt\/ghiaia\/#primaryimage"},"thumbnailUrl":"https:\/\/www.giessegi.com\/wp-content\/uploads\/2023\/10\/07271-GHIAIA_01_nero_front.jpg","datePublished":"2023-10-30T11:37:41+00:00","dateModified":"2024-12-20T06:52:52+00:00","breadcrumb":{"@id":"https:\/\/www.giessegi.com\/de\/produkt\/ghiaia\/#breadcrumb"},"inLanguage":"de","potentialAction":[{"@type":"ReadAction","target":["https:\/\/www.giessegi.com\/de\/produkt\/ghiaia\/"]}]},{"@type":"ImageObject","inLanguage":"de","@id":"https:\/\/www.giessegi.com\/de\/produkt\/ghiaia\/#primaryimage","url":"https:\/\/www.giessegi.com\/wp-content\/uploads\/2023\/10\/07271-GHIAIA_01_nero_front.jpg","contentUrl":"https:\/\/www.giessegi.com\/wp-content\/uploads\/2023\/10\/07271-GHIAIA_01_nero_front.jpg","width":1000,"height":1000},{"@type":"BreadcrumbList","@id":"https:\/\/www.giessegi.com\/de\/produkt\/ghiaia\/#breadcrumb","itemListElement":[{"@type":"ListItem","position":1,"name":"Home","item":"https:\/\/www.giessegi.com\/"},{"@type":"ListItem","position":2,"name":"Products","item":"https:\/\/www.giessegi.com\/en\/shop\/"},{"@type":"ListItem","position":3,"name":"GHIAIA"}]},{"@type":"WebSite","@id":"https:\/\/www.giessegi.com\/en\/#website","url":"https:\/\/www.giessegi.com\/en\/","name":"Giessegi","description":"","publisher":{"@id":"https:\/\/www.giessegi.com\/en\/#organization"},"potentialAction":[{"@type":"SearchAction","target":{"@type":"EntryPoint","urlTemplate":"https:\/\/www.giessegi.com\/en\/?s={search_term_string}"},"query-input":{"@type":"PropertyValueSpecification","valueRequired":true,"valueName":"search_term_string"}}],"inLanguage":"de"},{"@type":"Organization","@id":"https:\/\/www.giessegi.com\/en\/#organization","name":"Giessegi","url":"https:\/\/www.giessegi.com\/en\/","logo":{"@type":"ImageObject","inLanguage":"de","@id":"https:\/\/www.giessegi.com\/en\/#\/schema\/logo\/image\/","url":"https:\/\/www.giessegi.com\/wp-content\/uploads\/2022\/09\/giessegi-logo.jpeg","contentUrl":"https:\/\/www.giessegi.com\/wp-content\/uploads\/2022\/09\/giessegi-logo.jpeg","width":175,"height":77,"caption":"Giessegi"},"image":{"@id":"https:\/\/www.giessegi.com\/en\/#\/schema\/logo\/image\/"}}]}},"_links":{"self":[{"href":"https:\/\/www.giessegi.com\/de\/wp-json\/wp\/v2\/product\/58809","targetHints":{"allow":["GET"]}}],"collection":[{"href":"https:\/\/www.giessegi.com\/de\/wp-json\/wp\/v2\/product"}],"about":[{"href":"https:\/\/www.giessegi.com\/de\/wp-json\/wp\/v2\/types\/product"}],"wp:featuredmedia":[{"embeddable":true,"href":"https:\/\/www.giessegi.com\/de\/wp-json\/wp\/v2\/media\/58582"}],"wp:attachment":[{"href":"https:\/\/www.giessegi.com\/de\/wp-json\/wp\/v2\/media?parent=58809"}],"wp:term":[{"taxonomy":"product_brand","embeddable":true,"href":"https:\/\/www.giessegi.com\/de\/wp-json\/wp\/v2\/product_brand?post=58809"},{"taxonomy":"product_cat","embeddable":true,"href":"https:\/\/www.giessegi.com\/de\/wp-json\/wp\/v2\/product_cat?post=58809"},{"taxonomy":"product_tag","embeddable":true,"href":"https:\/\/www.giessegi.com\/de\/wp-json\/wp\/v2\/product_tag?post=58809"},{"taxonomy":"collezione","embeddable":true,"href":"https:\/\/www.giessegi.com\/de\/wp-json\/wp\/v2\/collezione?post=58809"}],"curies":[{"name":"wp","href":"https:\/\/api.w.org\/{rel}","templated":true}]}}