{"id":58802,"date":"2023-10-30T12:38:05","date_gmt":"2023-10-30T11:38:05","guid":{"rendered":"https:\/\/www.giessegi.com\/product\/fuggitivo\/"},"modified":"2024-02-13T00:00:56","modified_gmt":"2024-02-12T23:00:56","slug":"fuggitivo","status":"publish","type":"product","link":"https:\/\/www.giessegi.com\/de\/produkt\/fuggitivo\/","title":{"rendered":"FUGGITIVO"},"content":{"rendered":"","protected":false},"excerpt":{"rendered":"<p>Die FUGGITIVO Winter-Fahrradjacke hat einen Stoff, der von allen Radfahrern jeder Disziplin wegen seiner hervorragenden Eigenschaften sehr gesch\u00e4tzt wird. Das Hauptgewebe besteht aus einer leichten wind- und regendichten Schicht auf der Au\u00dfenseite und einer leichten Regenschicht auf der Innenseite mit einer Fleece-Schicht in Primaloft. Das Material wurde entwickelt, um die Temperatur der stabiler K\u00f6rper. Der Rest der Jacke besteht aus einem wasserabweisenden Stretch-Fleece-Stoff. Der Vorteil ist, dass z.B. auf Auf einem H\u00fcgel, wenn das Schwitzen zunimmt, schafft es der Stoff, Feuchtigkeit abzuleiten und gleichzeitig den K\u00f6rper trocken zu halten. Im Moment, in dem Sie sich dem Abstieg stellen, wird das schlechte Gef\u00fchl, das Schwei\u00df durch Abk\u00fchlung verursacht, verringert. Die Formgebung des Kleidungsst\u00fccks bietet einen ausgezeichneten Komfort beim Rad fahren. Es gibt 3 Taschen und eine vierte Rei\u00dfverschlusstasche, in der Sie Ihre wichtigsten Gegenst\u00e4nde verstauen k\u00f6nnen. Die Taschen sind aus abriebfestem Gewebe gefertigt, um im Laufe der Zeit widerstandsf\u00e4higer zu sein. Es gibt reflektierende Details positioniert, um den Radfahrer im Stra\u00dfenverkehr aus jedem Blickwinkel besser sichtbar zu machen.<\/p>\n<p>TEMPERATUR: +5\u00b0+13\u00b0<\/p>\n","protected":false},"featured_media":58494,"template":"","meta":[],"product_brand":[],"product_cat":[4222,4237,4235,4208],"product_tag":[],"collezione":[5473],"class_list":{"0":"post-58802","1":"product","2":"type-product","3":"status-publish","4":"has-post-thumbnail","6":"product_cat-mann-de-2","7":"product_cat-jacken-de","8":"product_cat-spitze","9":"product_cat-strasse","10":"pa_colore-grun-de","11":"pa_colore-schwarz-de","12":"pa_taglia-3xl-de","13":"pa_taglia-l-de","14":"pa_taglia-m-de","15":"pa_taglia-s-de","16":"pa_taglia-xl-de","17":"pa_taglia-xs-de","18":"pa_taglia-xxl-de","19":"collezione-winter-2023-24-de","22":"first","23":"instock","24":"shipping-taxable","25":"purchasable","26":"product-type-variable"},"yoast_head":"<!-- This site is optimized with the Yoast SEO plugin v27.3 - https:\/\/yoast.com\/product\/yoast-seo-wordpress\/ -->\n<title>FUGGITIVO | GSG - Giessegi<\/title>\n<meta name=\"robots\" content=\"index, follow, max-snippet:-1, max-image-preview:large, max-video-preview:-1\" \/>\n<link rel=\"canonical\" href=\"https:\/\/www.giessegi.com\/de\/produkt\/fuggitivo\/\" \/>\n<meta property=\"og:locale\" content=\"de_DE\" \/>\n<meta property=\"og:type\" content=\"article\" \/>\n<meta property=\"og:title\" content=\"FUGGITIVO | GSG - Giessegi\" \/>\n<meta property=\"og:description\" content=\"Die FUGGITIVO Winter-Fahrradjacke hat einen Stoff, der von allen Radfahrern jeder Disziplin wegen seiner hervorragenden Eigenschaften sehr gesch\u00e4tzt wird. Das Hauptgewebe besteht aus einer leichten wind- und regendichten Schicht auf der Au\u00dfenseite und einer leichten Regenschicht auf der Innenseite mit einer Fleece-Schicht in Primaloft. Das Material wurde entwickelt, um die Temperatur der stabiler K\u00f6rper. Der Rest der Jacke besteht aus einem wasserabweisenden Stretch-Fleece-Stoff. Der Vorteil ist, dass z.B. auf Auf einem H\u00fcgel, wenn das Schwitzen zunimmt, schafft es der Stoff, Feuchtigkeit abzuleiten und gleichzeitig den K\u00f6rper trocken zu halten. Im Moment, in dem Sie sich dem Abstieg stellen, wird das schlechte Gef\u00fchl, das Schwei\u00df durch Abk\u00fchlung verursacht, verringert. Die Formgebung des Kleidungsst\u00fccks bietet einen ausgezeichneten Komfort beim Rad fahren. Es gibt 3 Taschen und eine vierte Rei\u00dfverschlusstasche, in der Sie Ihre wichtigsten Gegenst\u00e4nde verstauen k\u00f6nnen. Die Taschen sind aus abriebfestem Gewebe gefertigt, um im Laufe der Zeit widerstandsf\u00e4higer zu sein. Es gibt reflektierende Details positioniert, um den Radfahrer im Stra\u00dfenverkehr aus jedem Blickwinkel besser sichtbar zu machen.  TEMPERATUR: +5\u00b0+13\u00b0\" \/>\n<meta property=\"og:url\" content=\"https:\/\/www.giessegi.com\/de\/produkt\/fuggitivo\/\" \/>\n<meta property=\"og:site_name\" content=\"GSG - Giessegi\" \/>\n<meta property=\"article:modified_time\" content=\"2024-02-12T23:00:56+00:00\" \/>\n<meta property=\"og:image\" content=\"https:\/\/www.giessegi.com\/wp-content\/uploads\/2023\/10\/10189-FUGGITIVO_01_nero_front.jpg\" \/>\n\t<meta property=\"og:image:width\" content=\"1000\" \/>\n\t<meta property=\"og:image:height\" content=\"1000\" \/>\n\t<meta property=\"og:image:type\" content=\"image\/jpeg\" \/>\n<meta name=\"twitter:card\" content=\"summary_large_image\" \/>\n<meta name=\"twitter:label1\" content=\"Gesch\u00e4tzte Lesezeit\" \/>\n\t<meta name=\"twitter:data1\" content=\"1\u00a0Minute\" \/>\n<script type=\"application\/ld+json\" class=\"yoast-schema-graph\">{\"@context\":\"https:\\\/\\\/schema.org\",\"@graph\":[{\"@type\":\"WebPage\",\"@id\":\"https:\\\/\\\/www.giessegi.com\\\/de\\\/produkt\\\/fuggitivo\\\/\",\"url\":\"https:\\\/\\\/www.giessegi.com\\\/de\\\/produkt\\\/fuggitivo\\\/\",\"name\":\"FUGGITIVO | GSG - Giessegi\",\"isPartOf\":{\"@id\":\"https:\\\/\\\/www.giessegi.com\\\/en\\\/#website\"},\"primaryImageOfPage\":{\"@id\":\"https:\\\/\\\/www.giessegi.com\\\/de\\\/produkt\\\/fuggitivo\\\/#primaryimage\"},\"image\":{\"@id\":\"https:\\\/\\\/www.giessegi.com\\\/de\\\/produkt\\\/fuggitivo\\\/#primaryimage\"},\"thumbnailUrl\":\"https:\\\/\\\/www.giessegi.com\\\/wp-content\\\/uploads\\\/2023\\\/10\\\/10189-FUGGITIVO_01_nero_front.jpg\",\"datePublished\":\"2023-10-30T11:38:05+00:00\",\"dateModified\":\"2024-02-12T23:00:56+00:00\",\"breadcrumb\":{\"@id\":\"https:\\\/\\\/www.giessegi.com\\\/de\\\/produkt\\\/fuggitivo\\\/#breadcrumb\"},\"inLanguage\":\"de\",\"potentialAction\":[{\"@type\":\"ReadAction\",\"target\":[\"https:\\\/\\\/www.giessegi.com\\\/de\\\/produkt\\\/fuggitivo\\\/\"]}]},{\"@type\":\"ImageObject\",\"inLanguage\":\"de\",\"@id\":\"https:\\\/\\\/www.giessegi.com\\\/de\\\/produkt\\\/fuggitivo\\\/#primaryimage\",\"url\":\"https:\\\/\\\/www.giessegi.com\\\/wp-content\\\/uploads\\\/2023\\\/10\\\/10189-FUGGITIVO_01_nero_front.jpg\",\"contentUrl\":\"https:\\\/\\\/www.giessegi.com\\\/wp-content\\\/uploads\\\/2023\\\/10\\\/10189-FUGGITIVO_01_nero_front.jpg\",\"width\":1000,\"height\":1000},{\"@type\":\"BreadcrumbList\",\"@id\":\"https:\\\/\\\/www.giessegi.com\\\/de\\\/produkt\\\/fuggitivo\\\/#breadcrumb\",\"itemListElement\":[{\"@type\":\"ListItem\",\"position\":1,\"name\":\"Home\",\"item\":\"https:\\\/\\\/www.giessegi.com\\\/\"},{\"@type\":\"ListItem\",\"position\":2,\"name\":\"Products\",\"item\":\"https:\\\/\\\/www.giessegi.com\\\/en\\\/shop\\\/\"},{\"@type\":\"ListItem\",\"position\":3,\"name\":\"FUGGITIVO\"}]},{\"@type\":\"WebSite\",\"@id\":\"https:\\\/\\\/www.giessegi.com\\\/en\\\/#website\",\"url\":\"https:\\\/\\\/www.giessegi.com\\\/en\\\/\",\"name\":\"Giessegi\",\"description\":\"\",\"publisher\":{\"@id\":\"https:\\\/\\\/www.giessegi.com\\\/en\\\/#organization\"},\"potentialAction\":[{\"@type\":\"SearchAction\",\"target\":{\"@type\":\"EntryPoint\",\"urlTemplate\":\"https:\\\/\\\/www.giessegi.com\\\/en\\\/?s={search_term_string}\"},\"query-input\":{\"@type\":\"PropertyValueSpecification\",\"valueRequired\":true,\"valueName\":\"search_term_string\"}}],\"inLanguage\":\"de\"},{\"@type\":\"Organization\",\"@id\":\"https:\\\/\\\/www.giessegi.com\\\/en\\\/#organization\",\"name\":\"Giessegi\",\"url\":\"https:\\\/\\\/www.giessegi.com\\\/en\\\/\",\"logo\":{\"@type\":\"ImageObject\",\"inLanguage\":\"de\",\"@id\":\"https:\\\/\\\/www.giessegi.com\\\/en\\\/#\\\/schema\\\/logo\\\/image\\\/\",\"url\":\"https:\\\/\\\/www.giessegi.com\\\/wp-content\\\/uploads\\\/2022\\\/09\\\/giessegi-logo.jpeg\",\"contentUrl\":\"https:\\\/\\\/www.giessegi.com\\\/wp-content\\\/uploads\\\/2022\\\/09\\\/giessegi-logo.jpeg\",\"width\":175,\"height\":77,\"caption\":\"Giessegi\"},\"image\":{\"@id\":\"https:\\\/\\\/www.giessegi.com\\\/en\\\/#\\\/schema\\\/logo\\\/image\\\/\"}}]}<\/script>\n<!-- \/ Yoast SEO plugin. -->","yoast_head_json":{"title":"FUGGITIVO | GSG - Giessegi","robots":{"index":"index","follow":"follow","max-snippet":"max-snippet:-1","max-image-preview":"max-image-preview:large","max-video-preview":"max-video-preview:-1"},"canonical":"https:\/\/www.giessegi.com\/de\/produkt\/fuggitivo\/","og_locale":"de_DE","og_type":"article","og_title":"FUGGITIVO | GSG - Giessegi","og_description":"Die FUGGITIVO Winter-Fahrradjacke hat einen Stoff, der von allen Radfahrern jeder Disziplin wegen seiner hervorragenden Eigenschaften sehr gesch\u00e4tzt wird. Das Hauptgewebe besteht aus einer leichten wind- und regendichten Schicht auf der Au\u00dfenseite und einer leichten Regenschicht auf der Innenseite mit einer Fleece-Schicht in Primaloft. Das Material wurde entwickelt, um die Temperatur der stabiler K\u00f6rper. Der Rest der Jacke besteht aus einem wasserabweisenden Stretch-Fleece-Stoff. Der Vorteil ist, dass z.B. auf Auf einem H\u00fcgel, wenn das Schwitzen zunimmt, schafft es der Stoff, Feuchtigkeit abzuleiten und gleichzeitig den K\u00f6rper trocken zu halten. Im Moment, in dem Sie sich dem Abstieg stellen, wird das schlechte Gef\u00fchl, das Schwei\u00df durch Abk\u00fchlung verursacht, verringert. Die Formgebung des Kleidungsst\u00fccks bietet einen ausgezeichneten Komfort beim Rad fahren. Es gibt 3 Taschen und eine vierte Rei\u00dfverschlusstasche, in der Sie Ihre wichtigsten Gegenst\u00e4nde verstauen k\u00f6nnen. Die Taschen sind aus abriebfestem Gewebe gefertigt, um im Laufe der Zeit widerstandsf\u00e4higer zu sein. Es gibt reflektierende Details positioniert, um den Radfahrer im Stra\u00dfenverkehr aus jedem Blickwinkel besser sichtbar zu machen.  TEMPERATUR: +5\u00b0+13\u00b0","og_url":"https:\/\/www.giessegi.com\/de\/produkt\/fuggitivo\/","og_site_name":"GSG - Giessegi","article_modified_time":"2024-02-12T23:00:56+00:00","og_image":[{"width":1000,"height":1000,"url":"https:\/\/www.giessegi.com\/wp-content\/uploads\/2023\/10\/10189-FUGGITIVO_01_nero_front.jpg","type":"image\/jpeg"}],"twitter_card":"summary_large_image","twitter_misc":{"Gesch\u00e4tzte Lesezeit":"1\u00a0Minute"},"schema":{"@context":"https:\/\/schema.org","@graph":[{"@type":"WebPage","@id":"https:\/\/www.giessegi.com\/de\/produkt\/fuggitivo\/","url":"https:\/\/www.giessegi.com\/de\/produkt\/fuggitivo\/","name":"FUGGITIVO | GSG - Giessegi","isPartOf":{"@id":"https:\/\/www.giessegi.com\/en\/#website"},"primaryImageOfPage":{"@id":"https:\/\/www.giessegi.com\/de\/produkt\/fuggitivo\/#primaryimage"},"image":{"@id":"https:\/\/www.giessegi.com\/de\/produkt\/fuggitivo\/#primaryimage"},"thumbnailUrl":"https:\/\/www.giessegi.com\/wp-content\/uploads\/2023\/10\/10189-FUGGITIVO_01_nero_front.jpg","datePublished":"2023-10-30T11:38:05+00:00","dateModified":"2024-02-12T23:00:56+00:00","breadcrumb":{"@id":"https:\/\/www.giessegi.com\/de\/produkt\/fuggitivo\/#breadcrumb"},"inLanguage":"de","potentialAction":[{"@type":"ReadAction","target":["https:\/\/www.giessegi.com\/de\/produkt\/fuggitivo\/"]}]},{"@type":"ImageObject","inLanguage":"de","@id":"https:\/\/www.giessegi.com\/de\/produkt\/fuggitivo\/#primaryimage","url":"https:\/\/www.giessegi.com\/wp-content\/uploads\/2023\/10\/10189-FUGGITIVO_01_nero_front.jpg","contentUrl":"https:\/\/www.giessegi.com\/wp-content\/uploads\/2023\/10\/10189-FUGGITIVO_01_nero_front.jpg","width":1000,"height":1000},{"@type":"BreadcrumbList","@id":"https:\/\/www.giessegi.com\/de\/produkt\/fuggitivo\/#breadcrumb","itemListElement":[{"@type":"ListItem","position":1,"name":"Home","item":"https:\/\/www.giessegi.com\/"},{"@type":"ListItem","position":2,"name":"Products","item":"https:\/\/www.giessegi.com\/en\/shop\/"},{"@type":"ListItem","position":3,"name":"FUGGITIVO"}]},{"@type":"WebSite","@id":"https:\/\/www.giessegi.com\/en\/#website","url":"https:\/\/www.giessegi.com\/en\/","name":"Giessegi","description":"","publisher":{"@id":"https:\/\/www.giessegi.com\/en\/#organization"},"potentialAction":[{"@type":"SearchAction","target":{"@type":"EntryPoint","urlTemplate":"https:\/\/www.giessegi.com\/en\/?s={search_term_string}"},"query-input":{"@type":"PropertyValueSpecification","valueRequired":true,"valueName":"search_term_string"}}],"inLanguage":"de"},{"@type":"Organization","@id":"https:\/\/www.giessegi.com\/en\/#organization","name":"Giessegi","url":"https:\/\/www.giessegi.com\/en\/","logo":{"@type":"ImageObject","inLanguage":"de","@id":"https:\/\/www.giessegi.com\/en\/#\/schema\/logo\/image\/","url":"https:\/\/www.giessegi.com\/wp-content\/uploads\/2022\/09\/giessegi-logo.jpeg","contentUrl":"https:\/\/www.giessegi.com\/wp-content\/uploads\/2022\/09\/giessegi-logo.jpeg","width":175,"height":77,"caption":"Giessegi"},"image":{"@id":"https:\/\/www.giessegi.com\/en\/#\/schema\/logo\/image\/"}}]}},"_links":{"self":[{"href":"https:\/\/www.giessegi.com\/de\/wp-json\/wp\/v2\/product\/58802","targetHints":{"allow":["GET"]}}],"collection":[{"href":"https:\/\/www.giessegi.com\/de\/wp-json\/wp\/v2\/product"}],"about":[{"href":"https:\/\/www.giessegi.com\/de\/wp-json\/wp\/v2\/types\/product"}],"wp:featuredmedia":[{"embeddable":true,"href":"https:\/\/www.giessegi.com\/de\/wp-json\/wp\/v2\/media\/58494"}],"wp:attachment":[{"href":"https:\/\/www.giessegi.com\/de\/wp-json\/wp\/v2\/media?parent=58802"}],"wp:term":[{"taxonomy":"product_brand","embeddable":true,"href":"https:\/\/www.giessegi.com\/de\/wp-json\/wp\/v2\/product_brand?post=58802"},{"taxonomy":"product_cat","embeddable":true,"href":"https:\/\/www.giessegi.com\/de\/wp-json\/wp\/v2\/product_cat?post=58802"},{"taxonomy":"product_tag","embeddable":true,"href":"https:\/\/www.giessegi.com\/de\/wp-json\/wp\/v2\/product_tag?post=58802"},{"taxonomy":"collezione","embeddable":true,"href":"https:\/\/www.giessegi.com\/de\/wp-json\/wp\/v2\/collezione?post=58802"}],"curies":[{"name":"wp","href":"https:\/\/api.w.org\/{rel}","templated":true}]}}