{"id":57425,"date":"2022-09-23T12:03:35","date_gmt":"2022-09-23T10:03:35","guid":{"rendered":"https:\/\/www.giessegi.com\/product\/x-racer-body-gara-m-c\/"},"modified":"2025-11-02T15:36:06","modified_gmt":"2025-11-02T14:36:06","slug":"x-racer","status":"publish","type":"product","link":"https:\/\/www.giessegi.com\/de\/produkt\/x-racer\/","title":{"rendered":"X RACER"},"content":{"rendered":"<p class=\"p1\"><span class=\"s1\">Der <\/span><b>X-Racer Rennanzug<\/b><span class=\"s1\"> wurde entwickelt, um <\/span><b>h\u00f6chste Aerodynamik, Geschwindigkeit und Komfort<\/b><span class=\"s1\"> auf Wettkampfniveau zu bieten.<\/span><\/p>\n<p class=\"p2\">Hergestellt aus <span class=\"s2\"><b>High Speed Lycra<\/b><\/span>, sorgt er f\u00fcr eine perfekte Passform, Atmungsaktivit\u00e4t und minimale Luftreibung.<\/p>\n<p class=\"p1\"><b>Hauptmerkmale:<\/b><b><\/b><\/p>\n<ul>\n<li>\n<p class=\"p1\"><span class=\"s1\"><b>Trikotstoff:<\/b><\/span> <span class=\"s1\"><b>High Speed Lycra<\/b><\/span>, elastisch, leicht und atmungsaktiv.<\/p>\n<\/li>\n<li>\n<p class=\"p1\"><span class=\"s1\"><b>Rei\u00dfverschluss:<\/b><\/span> verdeckt, mit selbstblockierendem Schieber.<\/p>\n<\/li>\n<li>\n<p class=\"p1\"><span class=\"s1\"><b>\u00c4rmelabschluss:<\/b><\/span> Laserschnitt f\u00fcr nahtlosen Sitz und Aerodynamik.<\/p>\n<\/li>\n<li>\n<p class=\"p1\"><span class=\"s1\"><b>Vorderer Saum:<\/b><\/span> mit Umschlag f\u00fcr sauberen Halt.<\/p>\n<\/li>\n<li>\n<p class=\"p1\"><b>Beinabschluss:<\/b> <b>Laserschnitt-Lycra mit innenliegendem Silikonband<\/b><span class=\"s1\"> f\u00fcr perfekten Halt ohne Druck.<\/span><\/p>\n<\/li>\n<li>\n<p class=\"p1\"><span class=\"s1\"><b>Taschen:<\/b><\/span> drei offene R\u00fcckentaschen f\u00fcr alle wichtigen Utensilien.<\/p>\n<\/li>\n<\/ul>\n<p class=\"p2\">Erh\u00e4ltlich in <span class=\"s2\"><b>Gr\u00f6\u00dfen XXS\u20135XL<\/b><\/span>, ist der <span class=\"s2\"><b>X-Racer Rennanzug<\/b><\/span> die ideale Wahl f\u00fcr Fahrer, die <span class=\"s2\"><b>Renn-Performance, Komfort und Stil<\/b><\/span> in einem aerodynamischen Design suchen.<\/p>\n","protected":false},"excerpt":{"rendered":"<p class=\"p1\"><span class=\"s1\"><b>X-Racer Rennanzug<\/b><\/span> aus <span class=\"s1\"><b>High Speed Lycra<\/b><\/span> mit verdecktem Rei\u00dfverschluss, lasergeschnittenen \u00c4rmeln und Beinabschl\u00fcssen sowie drei offenen R\u00fcckentaschen.<\/p>\n<p class=\"p1\">Entwickelt f\u00fcr maximale Aerodynamik und Komfort.<\/p>\n","protected":false},"featured_media":76377,"template":"","meta":[],"product_brand":[],"product_cat":[4219,4182,4181],"product_tag":[],"collezione":[],"class_list":{"0":"post-57425","1":"product","2":"type-product","3":"status-publish","4":"has-post-thumbnail","6":"product_cat-custom-de","7":"product_cat-einteile","8":"product_cat-elite-de","11":"first","12":"instock","13":"shipping-taxable","14":"product-type-simple"},"yoast_head":"<!-- This site is optimized with the Yoast SEO plugin v27.3 - https:\/\/yoast.com\/product\/yoast-seo-wordpress\/ -->\n<title>X RACER | GSG - Giessegi<\/title>\n<meta name=\"robots\" content=\"index, follow, max-snippet:-1, max-image-preview:large, max-video-preview:-1\" \/>\n<link rel=\"canonical\" href=\"https:\/\/www.giessegi.com\/de\/produkt\/x-racer\/\" \/>\n<meta property=\"og:locale\" content=\"de_DE\" \/>\n<meta property=\"og:type\" content=\"article\" \/>\n<meta property=\"og:title\" content=\"X RACER | GSG - Giessegi\" \/>\n<meta property=\"og:description\" content=\"X-Racer Rennanzug aus High Speed Lycra mit verdecktem Rei\u00dfverschluss, lasergeschnittenen \u00c4rmeln und Beinabschl\u00fcssen sowie drei offenen R\u00fcckentaschen. Entwickelt f\u00fcr maximale Aerodynamik und Komfort.\" \/>\n<meta property=\"og:url\" content=\"https:\/\/www.giessegi.com\/de\/produkt\/x-racer\/\" \/>\n<meta property=\"og:site_name\" content=\"GSG - Giessegi\" \/>\n<meta property=\"article:modified_time\" content=\"2025-11-02T14:36:06+00:00\" \/>\n<meta property=\"og:image\" content=\"https:\/\/www.giessegi.com\/wp-content\/uploads\/2022\/09\/08210-FRONT.jpg\" \/>\n\t<meta property=\"og:image:width\" content=\"1028\" \/>\n\t<meta property=\"og:image:height\" content=\"1000\" \/>\n\t<meta property=\"og:image:type\" content=\"image\/jpeg\" \/>\n<meta name=\"twitter:card\" content=\"summary_large_image\" \/>\n<meta name=\"twitter:label1\" content=\"Gesch\u00e4tzte Lesezeit\" \/>\n\t<meta name=\"twitter:data1\" content=\"1\u00a0Minute\" \/>\n<script type=\"application\/ld+json\" class=\"yoast-schema-graph\">{\"@context\":\"https:\\\/\\\/schema.org\",\"@graph\":[{\"@type\":\"WebPage\",\"@id\":\"https:\\\/\\\/www.giessegi.com\\\/de\\\/produkt\\\/x-racer\\\/\",\"url\":\"https:\\\/\\\/www.giessegi.com\\\/de\\\/produkt\\\/x-racer\\\/\",\"name\":\"X RACER | GSG - Giessegi\",\"isPartOf\":{\"@id\":\"https:\\\/\\\/www.giessegi.com\\\/en\\\/#website\"},\"primaryImageOfPage\":{\"@id\":\"https:\\\/\\\/www.giessegi.com\\\/de\\\/produkt\\\/x-racer\\\/#primaryimage\"},\"image\":{\"@id\":\"https:\\\/\\\/www.giessegi.com\\\/de\\\/produkt\\\/x-racer\\\/#primaryimage\"},\"thumbnailUrl\":\"https:\\\/\\\/www.giessegi.com\\\/wp-content\\\/uploads\\\/2022\\\/09\\\/08210-FRONT.jpg\",\"datePublished\":\"2022-09-23T10:03:35+00:00\",\"dateModified\":\"2025-11-02T14:36:06+00:00\",\"breadcrumb\":{\"@id\":\"https:\\\/\\\/www.giessegi.com\\\/de\\\/produkt\\\/x-racer\\\/#breadcrumb\"},\"inLanguage\":\"de\",\"potentialAction\":[{\"@type\":\"ReadAction\",\"target\":[\"https:\\\/\\\/www.giessegi.com\\\/de\\\/produkt\\\/x-racer\\\/\"]}]},{\"@type\":\"ImageObject\",\"inLanguage\":\"de\",\"@id\":\"https:\\\/\\\/www.giessegi.com\\\/de\\\/produkt\\\/x-racer\\\/#primaryimage\",\"url\":\"https:\\\/\\\/www.giessegi.com\\\/wp-content\\\/uploads\\\/2022\\\/09\\\/08210-FRONT.jpg\",\"contentUrl\":\"https:\\\/\\\/www.giessegi.com\\\/wp-content\\\/uploads\\\/2022\\\/09\\\/08210-FRONT.jpg\",\"width\":1028,\"height\":1000},{\"@type\":\"BreadcrumbList\",\"@id\":\"https:\\\/\\\/www.giessegi.com\\\/de\\\/produkt\\\/x-racer\\\/#breadcrumb\",\"itemListElement\":[{\"@type\":\"ListItem\",\"position\":1,\"name\":\"Home\",\"item\":\"https:\\\/\\\/www.giessegi.com\\\/\"},{\"@type\":\"ListItem\",\"position\":2,\"name\":\"Products\",\"item\":\"https:\\\/\\\/www.giessegi.com\\\/en\\\/shop\\\/\"},{\"@type\":\"ListItem\",\"position\":3,\"name\":\"X RACER\"}]},{\"@type\":\"WebSite\",\"@id\":\"https:\\\/\\\/www.giessegi.com\\\/en\\\/#website\",\"url\":\"https:\\\/\\\/www.giessegi.com\\\/en\\\/\",\"name\":\"Giessegi\",\"description\":\"\",\"publisher\":{\"@id\":\"https:\\\/\\\/www.giessegi.com\\\/en\\\/#organization\"},\"potentialAction\":[{\"@type\":\"SearchAction\",\"target\":{\"@type\":\"EntryPoint\",\"urlTemplate\":\"https:\\\/\\\/www.giessegi.com\\\/en\\\/?s={search_term_string}\"},\"query-input\":{\"@type\":\"PropertyValueSpecification\",\"valueRequired\":true,\"valueName\":\"search_term_string\"}}],\"inLanguage\":\"de\"},{\"@type\":\"Organization\",\"@id\":\"https:\\\/\\\/www.giessegi.com\\\/en\\\/#organization\",\"name\":\"Giessegi\",\"url\":\"https:\\\/\\\/www.giessegi.com\\\/en\\\/\",\"logo\":{\"@type\":\"ImageObject\",\"inLanguage\":\"de\",\"@id\":\"https:\\\/\\\/www.giessegi.com\\\/en\\\/#\\\/schema\\\/logo\\\/image\\\/\",\"url\":\"https:\\\/\\\/www.giessegi.com\\\/wp-content\\\/uploads\\\/2022\\\/09\\\/giessegi-logo.jpeg\",\"contentUrl\":\"https:\\\/\\\/www.giessegi.com\\\/wp-content\\\/uploads\\\/2022\\\/09\\\/giessegi-logo.jpeg\",\"width\":175,\"height\":77,\"caption\":\"Giessegi\"},\"image\":{\"@id\":\"https:\\\/\\\/www.giessegi.com\\\/en\\\/#\\\/schema\\\/logo\\\/image\\\/\"}}]}<\/script>\n<!-- \/ Yoast SEO plugin. -->","yoast_head_json":{"title":"X RACER | GSG - Giessegi","robots":{"index":"index","follow":"follow","max-snippet":"max-snippet:-1","max-image-preview":"max-image-preview:large","max-video-preview":"max-video-preview:-1"},"canonical":"https:\/\/www.giessegi.com\/de\/produkt\/x-racer\/","og_locale":"de_DE","og_type":"article","og_title":"X RACER | GSG - Giessegi","og_description":"X-Racer Rennanzug aus High Speed Lycra mit verdecktem Rei\u00dfverschluss, lasergeschnittenen \u00c4rmeln und Beinabschl\u00fcssen sowie drei offenen R\u00fcckentaschen. Entwickelt f\u00fcr maximale Aerodynamik und Komfort.","og_url":"https:\/\/www.giessegi.com\/de\/produkt\/x-racer\/","og_site_name":"GSG - Giessegi","article_modified_time":"2025-11-02T14:36:06+00:00","og_image":[{"width":1028,"height":1000,"url":"https:\/\/www.giessegi.com\/wp-content\/uploads\/2022\/09\/08210-FRONT.jpg","type":"image\/jpeg"}],"twitter_card":"summary_large_image","twitter_misc":{"Gesch\u00e4tzte Lesezeit":"1\u00a0Minute"},"schema":{"@context":"https:\/\/schema.org","@graph":[{"@type":"WebPage","@id":"https:\/\/www.giessegi.com\/de\/produkt\/x-racer\/","url":"https:\/\/www.giessegi.com\/de\/produkt\/x-racer\/","name":"X RACER | GSG - Giessegi","isPartOf":{"@id":"https:\/\/www.giessegi.com\/en\/#website"},"primaryImageOfPage":{"@id":"https:\/\/www.giessegi.com\/de\/produkt\/x-racer\/#primaryimage"},"image":{"@id":"https:\/\/www.giessegi.com\/de\/produkt\/x-racer\/#primaryimage"},"thumbnailUrl":"https:\/\/www.giessegi.com\/wp-content\/uploads\/2022\/09\/08210-FRONT.jpg","datePublished":"2022-09-23T10:03:35+00:00","dateModified":"2025-11-02T14:36:06+00:00","breadcrumb":{"@id":"https:\/\/www.giessegi.com\/de\/produkt\/x-racer\/#breadcrumb"},"inLanguage":"de","potentialAction":[{"@type":"ReadAction","target":["https:\/\/www.giessegi.com\/de\/produkt\/x-racer\/"]}]},{"@type":"ImageObject","inLanguage":"de","@id":"https:\/\/www.giessegi.com\/de\/produkt\/x-racer\/#primaryimage","url":"https:\/\/www.giessegi.com\/wp-content\/uploads\/2022\/09\/08210-FRONT.jpg","contentUrl":"https:\/\/www.giessegi.com\/wp-content\/uploads\/2022\/09\/08210-FRONT.jpg","width":1028,"height":1000},{"@type":"BreadcrumbList","@id":"https:\/\/www.giessegi.com\/de\/produkt\/x-racer\/#breadcrumb","itemListElement":[{"@type":"ListItem","position":1,"name":"Home","item":"https:\/\/www.giessegi.com\/"},{"@type":"ListItem","position":2,"name":"Products","item":"https:\/\/www.giessegi.com\/en\/shop\/"},{"@type":"ListItem","position":3,"name":"X RACER"}]},{"@type":"WebSite","@id":"https:\/\/www.giessegi.com\/en\/#website","url":"https:\/\/www.giessegi.com\/en\/","name":"Giessegi","description":"","publisher":{"@id":"https:\/\/www.giessegi.com\/en\/#organization"},"potentialAction":[{"@type":"SearchAction","target":{"@type":"EntryPoint","urlTemplate":"https:\/\/www.giessegi.com\/en\/?s={search_term_string}"},"query-input":{"@type":"PropertyValueSpecification","valueRequired":true,"valueName":"search_term_string"}}],"inLanguage":"de"},{"@type":"Organization","@id":"https:\/\/www.giessegi.com\/en\/#organization","name":"Giessegi","url":"https:\/\/www.giessegi.com\/en\/","logo":{"@type":"ImageObject","inLanguage":"de","@id":"https:\/\/www.giessegi.com\/en\/#\/schema\/logo\/image\/","url":"https:\/\/www.giessegi.com\/wp-content\/uploads\/2022\/09\/giessegi-logo.jpeg","contentUrl":"https:\/\/www.giessegi.com\/wp-content\/uploads\/2022\/09\/giessegi-logo.jpeg","width":175,"height":77,"caption":"Giessegi"},"image":{"@id":"https:\/\/www.giessegi.com\/en\/#\/schema\/logo\/image\/"}}]}},"_links":{"self":[{"href":"https:\/\/www.giessegi.com\/de\/wp-json\/wp\/v2\/product\/57425","targetHints":{"allow":["GET"]}}],"collection":[{"href":"https:\/\/www.giessegi.com\/de\/wp-json\/wp\/v2\/product"}],"about":[{"href":"https:\/\/www.giessegi.com\/de\/wp-json\/wp\/v2\/types\/product"}],"wp:featuredmedia":[{"embeddable":true,"href":"https:\/\/www.giessegi.com\/de\/wp-json\/wp\/v2\/media\/76377"}],"wp:attachment":[{"href":"https:\/\/www.giessegi.com\/de\/wp-json\/wp\/v2\/media?parent=57425"}],"wp:term":[{"taxonomy":"product_brand","embeddable":true,"href":"https:\/\/www.giessegi.com\/de\/wp-json\/wp\/v2\/product_brand?post=57425"},{"taxonomy":"product_cat","embeddable":true,"href":"https:\/\/www.giessegi.com\/de\/wp-json\/wp\/v2\/product_cat?post=57425"},{"taxonomy":"product_tag","embeddable":true,"href":"https:\/\/www.giessegi.com\/de\/wp-json\/wp\/v2\/product_tag?post=57425"},{"taxonomy":"collezione","embeddable":true,"href":"https:\/\/www.giessegi.com\/de\/wp-json\/wp\/v2\/collezione?post=57425"}],"curies":[{"name":"wp","href":"https:\/\/api.w.org\/{rel}","templated":true}]}}