{"id":57354,"date":"2023-02-02T13:57:45","date_gmt":"2023-02-02T12:57:45","guid":{"rendered":"https:\/\/www.giessegi.com\/product\/vigo\/"},"modified":"2023-12-18T11:48:23","modified_gmt":"2023-12-18T10:48:23","slug":"vigo","status":"publish","type":"product","link":"https:\/\/www.giessegi.com\/de\/produkt\/vigo\/","title":{"rendered":"VIGO"},"content":{"rendered":"","protected":false},"excerpt":{"rendered":"<p>RACING LANGARMTRIKOT<\/p>\n<p>&nbsp;<\/p>\n<p>Langarmtrikot aus leichtem und aerodynamischem Stoff, der dank seiner Struktur und Leichtigkeit f\u00fcr den Wettkampf geeignet ist.<br \/>\nDas Shirt schmiegt sich perfekt an den K\u00f6rper an, passt sich den Bewegungen des Sportlers an und hilft, seine Leistung zu verbessern.<br \/>\nUm die Atmungsaktivit\u00e4t zu erh\u00f6hen, befindet sich auf der Vorderseite ein kurzer Rei\u00dfverschluss.<br \/>\nDar\u00fcber hinaus sorgt der Silikongummi am Bund daf\u00fcr, dass das Kleidungsst\u00fcck gut sitzt.<\/p>\n<p>Kurzer sichtbarer Rei\u00dfverschluss mit selbstsicherndem Schieber.<br \/>\nErgonomischer Schnitt.<br \/>\nFeinstrick mit elastischem Silikonbund.<\/p>\n<p>WINDDICHT 1\/5<br \/>\nWASSERABWEISEND\u00a0 1\/5<br \/>\nISOLIERUNG 1\/5<br \/>\nATMUNGSAKTIV 5\/5<\/p>\n","protected":false},"featured_media":57355,"template":"","meta":[],"product_brand":[],"product_cat":[4219,4197,4194],"product_tag":[],"collezione":[],"class_list":{"0":"post-57354","1":"product","2":"type-product","3":"status-publish","4":"has-post-thumbnail","6":"product_cat-custom-de","7":"product_cat-nordisches-skifahren","8":"product_cat-skifahren","11":"first","12":"instock","13":"shipping-taxable","14":"product-type-simple"},"yoast_head":"<!-- This site is optimized with the Yoast SEO plugin v27.3 - https:\/\/yoast.com\/product\/yoast-seo-wordpress\/ -->\n<title>VIGO | GSG - Giessegi<\/title>\n<meta name=\"robots\" content=\"index, follow, max-snippet:-1, max-image-preview:large, max-video-preview:-1\" \/>\n<link rel=\"canonical\" href=\"https:\/\/www.giessegi.com\/de\/produkt\/vigo\/\" \/>\n<meta property=\"og:locale\" content=\"de_DE\" \/>\n<meta property=\"og:type\" content=\"article\" \/>\n<meta property=\"og:title\" content=\"VIGO | GSG - Giessegi\" \/>\n<meta property=\"og:description\" content=\"RACING LANGARMTRIKOT  &nbsp;  Langarmtrikot aus leichtem und aerodynamischem Stoff, der dank seiner Struktur und Leichtigkeit f\u00fcr den Wettkampf geeignet ist. Das Shirt schmiegt sich perfekt an den K\u00f6rper an, passt sich den Bewegungen des Sportlers an und hilft, seine Leistung zu verbessern. Um die Atmungsaktivit\u00e4t zu erh\u00f6hen, befindet sich auf der Vorderseite ein kurzer Rei\u00dfverschluss. Dar\u00fcber hinaus sorgt der Silikongummi am Bund daf\u00fcr, dass das Kleidungsst\u00fcck gut sitzt.  Kurzer sichtbarer Rei\u00dfverschluss mit selbstsicherndem Schieber. Ergonomischer Schnitt. Feinstrick mit elastischem Silikonbund.  WINDDICHT 1\/5 WASSERABWEISEND\u00a0 1\/5 ISOLIERUNG 1\/5 ATMUNGSAKTIV 5\/5\" \/>\n<meta property=\"og:url\" content=\"https:\/\/www.giessegi.com\/de\/produkt\/vigo\/\" \/>\n<meta property=\"og:site_name\" content=\"GSG - Giessegi\" \/>\n<meta property=\"article:modified_time\" content=\"2023-12-18T10:48:23+00:00\" \/>\n<meta property=\"og:image\" content=\"https:\/\/www.giessegi.com\/wp-content\/uploads\/2023\/02\/04187_Vigo_fronte.jpg\" \/>\n\t<meta property=\"og:image:width\" content=\"1000\" \/>\n\t<meta property=\"og:image:height\" content=\"1000\" \/>\n\t<meta property=\"og:image:type\" content=\"image\/jpeg\" \/>\n<meta name=\"twitter:card\" content=\"summary_large_image\" \/>\n<meta name=\"twitter:label1\" content=\"Gesch\u00e4tzte Lesezeit\" \/>\n\t<meta name=\"twitter:data1\" content=\"1\u00a0Minute\" \/>\n<script type=\"application\/ld+json\" class=\"yoast-schema-graph\">{\"@context\":\"https:\\\/\\\/schema.org\",\"@graph\":[{\"@type\":\"WebPage\",\"@id\":\"https:\\\/\\\/www.giessegi.com\\\/de\\\/produkt\\\/vigo\\\/\",\"url\":\"https:\\\/\\\/www.giessegi.com\\\/de\\\/produkt\\\/vigo\\\/\",\"name\":\"VIGO | GSG - Giessegi\",\"isPartOf\":{\"@id\":\"https:\\\/\\\/www.giessegi.com\\\/en\\\/#website\"},\"primaryImageOfPage\":{\"@id\":\"https:\\\/\\\/www.giessegi.com\\\/de\\\/produkt\\\/vigo\\\/#primaryimage\"},\"image\":{\"@id\":\"https:\\\/\\\/www.giessegi.com\\\/de\\\/produkt\\\/vigo\\\/#primaryimage\"},\"thumbnailUrl\":\"https:\\\/\\\/www.giessegi.com\\\/wp-content\\\/uploads\\\/2023\\\/02\\\/04187_Vigo_fronte.jpg\",\"datePublished\":\"2023-02-02T12:57:45+00:00\",\"dateModified\":\"2023-12-18T10:48:23+00:00\",\"breadcrumb\":{\"@id\":\"https:\\\/\\\/www.giessegi.com\\\/de\\\/produkt\\\/vigo\\\/#breadcrumb\"},\"inLanguage\":\"de\",\"potentialAction\":[{\"@type\":\"ReadAction\",\"target\":[\"https:\\\/\\\/www.giessegi.com\\\/de\\\/produkt\\\/vigo\\\/\"]}]},{\"@type\":\"ImageObject\",\"inLanguage\":\"de\",\"@id\":\"https:\\\/\\\/www.giessegi.com\\\/de\\\/produkt\\\/vigo\\\/#primaryimage\",\"url\":\"https:\\\/\\\/www.giessegi.com\\\/wp-content\\\/uploads\\\/2023\\\/02\\\/04187_Vigo_fronte.jpg\",\"contentUrl\":\"https:\\\/\\\/www.giessegi.com\\\/wp-content\\\/uploads\\\/2023\\\/02\\\/04187_Vigo_fronte.jpg\",\"width\":1000,\"height\":1000},{\"@type\":\"BreadcrumbList\",\"@id\":\"https:\\\/\\\/www.giessegi.com\\\/de\\\/produkt\\\/vigo\\\/#breadcrumb\",\"itemListElement\":[{\"@type\":\"ListItem\",\"position\":1,\"name\":\"Home\",\"item\":\"https:\\\/\\\/www.giessegi.com\\\/\"},{\"@type\":\"ListItem\",\"position\":2,\"name\":\"Products\",\"item\":\"https:\\\/\\\/www.giessegi.com\\\/en\\\/shop\\\/\"},{\"@type\":\"ListItem\",\"position\":3,\"name\":\"VIGO\"}]},{\"@type\":\"WebSite\",\"@id\":\"https:\\\/\\\/www.giessegi.com\\\/en\\\/#website\",\"url\":\"https:\\\/\\\/www.giessegi.com\\\/en\\\/\",\"name\":\"Giessegi\",\"description\":\"\",\"publisher\":{\"@id\":\"https:\\\/\\\/www.giessegi.com\\\/en\\\/#organization\"},\"potentialAction\":[{\"@type\":\"SearchAction\",\"target\":{\"@type\":\"EntryPoint\",\"urlTemplate\":\"https:\\\/\\\/www.giessegi.com\\\/en\\\/?s={search_term_string}\"},\"query-input\":{\"@type\":\"PropertyValueSpecification\",\"valueRequired\":true,\"valueName\":\"search_term_string\"}}],\"inLanguage\":\"de\"},{\"@type\":\"Organization\",\"@id\":\"https:\\\/\\\/www.giessegi.com\\\/en\\\/#organization\",\"name\":\"Giessegi\",\"url\":\"https:\\\/\\\/www.giessegi.com\\\/en\\\/\",\"logo\":{\"@type\":\"ImageObject\",\"inLanguage\":\"de\",\"@id\":\"https:\\\/\\\/www.giessegi.com\\\/en\\\/#\\\/schema\\\/logo\\\/image\\\/\",\"url\":\"https:\\\/\\\/www.giessegi.com\\\/wp-content\\\/uploads\\\/2022\\\/09\\\/giessegi-logo.jpeg\",\"contentUrl\":\"https:\\\/\\\/www.giessegi.com\\\/wp-content\\\/uploads\\\/2022\\\/09\\\/giessegi-logo.jpeg\",\"width\":175,\"height\":77,\"caption\":\"Giessegi\"},\"image\":{\"@id\":\"https:\\\/\\\/www.giessegi.com\\\/en\\\/#\\\/schema\\\/logo\\\/image\\\/\"}}]}<\/script>\n<!-- \/ Yoast SEO plugin. -->","yoast_head_json":{"title":"VIGO | GSG - Giessegi","robots":{"index":"index","follow":"follow","max-snippet":"max-snippet:-1","max-image-preview":"max-image-preview:large","max-video-preview":"max-video-preview:-1"},"canonical":"https:\/\/www.giessegi.com\/de\/produkt\/vigo\/","og_locale":"de_DE","og_type":"article","og_title":"VIGO | GSG - Giessegi","og_description":"RACING LANGARMTRIKOT  &nbsp;  Langarmtrikot aus leichtem und aerodynamischem Stoff, der dank seiner Struktur und Leichtigkeit f\u00fcr den Wettkampf geeignet ist. Das Shirt schmiegt sich perfekt an den K\u00f6rper an, passt sich den Bewegungen des Sportlers an und hilft, seine Leistung zu verbessern. Um die Atmungsaktivit\u00e4t zu erh\u00f6hen, befindet sich auf der Vorderseite ein kurzer Rei\u00dfverschluss. Dar\u00fcber hinaus sorgt der Silikongummi am Bund daf\u00fcr, dass das Kleidungsst\u00fcck gut sitzt.  Kurzer sichtbarer Rei\u00dfverschluss mit selbstsicherndem Schieber. Ergonomischer Schnitt. Feinstrick mit elastischem Silikonbund.  WINDDICHT 1\/5 WASSERABWEISEND\u00a0 1\/5 ISOLIERUNG 1\/5 ATMUNGSAKTIV 5\/5","og_url":"https:\/\/www.giessegi.com\/de\/produkt\/vigo\/","og_site_name":"GSG - Giessegi","article_modified_time":"2023-12-18T10:48:23+00:00","og_image":[{"width":1000,"height":1000,"url":"https:\/\/www.giessegi.com\/wp-content\/uploads\/2023\/02\/04187_Vigo_fronte.jpg","type":"image\/jpeg"}],"twitter_card":"summary_large_image","twitter_misc":{"Gesch\u00e4tzte Lesezeit":"1\u00a0Minute"},"schema":{"@context":"https:\/\/schema.org","@graph":[{"@type":"WebPage","@id":"https:\/\/www.giessegi.com\/de\/produkt\/vigo\/","url":"https:\/\/www.giessegi.com\/de\/produkt\/vigo\/","name":"VIGO | GSG - Giessegi","isPartOf":{"@id":"https:\/\/www.giessegi.com\/en\/#website"},"primaryImageOfPage":{"@id":"https:\/\/www.giessegi.com\/de\/produkt\/vigo\/#primaryimage"},"image":{"@id":"https:\/\/www.giessegi.com\/de\/produkt\/vigo\/#primaryimage"},"thumbnailUrl":"https:\/\/www.giessegi.com\/wp-content\/uploads\/2023\/02\/04187_Vigo_fronte.jpg","datePublished":"2023-02-02T12:57:45+00:00","dateModified":"2023-12-18T10:48:23+00:00","breadcrumb":{"@id":"https:\/\/www.giessegi.com\/de\/produkt\/vigo\/#breadcrumb"},"inLanguage":"de","potentialAction":[{"@type":"ReadAction","target":["https:\/\/www.giessegi.com\/de\/produkt\/vigo\/"]}]},{"@type":"ImageObject","inLanguage":"de","@id":"https:\/\/www.giessegi.com\/de\/produkt\/vigo\/#primaryimage","url":"https:\/\/www.giessegi.com\/wp-content\/uploads\/2023\/02\/04187_Vigo_fronte.jpg","contentUrl":"https:\/\/www.giessegi.com\/wp-content\/uploads\/2023\/02\/04187_Vigo_fronte.jpg","width":1000,"height":1000},{"@type":"BreadcrumbList","@id":"https:\/\/www.giessegi.com\/de\/produkt\/vigo\/#breadcrumb","itemListElement":[{"@type":"ListItem","position":1,"name":"Home","item":"https:\/\/www.giessegi.com\/"},{"@type":"ListItem","position":2,"name":"Products","item":"https:\/\/www.giessegi.com\/en\/shop\/"},{"@type":"ListItem","position":3,"name":"VIGO"}]},{"@type":"WebSite","@id":"https:\/\/www.giessegi.com\/en\/#website","url":"https:\/\/www.giessegi.com\/en\/","name":"Giessegi","description":"","publisher":{"@id":"https:\/\/www.giessegi.com\/en\/#organization"},"potentialAction":[{"@type":"SearchAction","target":{"@type":"EntryPoint","urlTemplate":"https:\/\/www.giessegi.com\/en\/?s={search_term_string}"},"query-input":{"@type":"PropertyValueSpecification","valueRequired":true,"valueName":"search_term_string"}}],"inLanguage":"de"},{"@type":"Organization","@id":"https:\/\/www.giessegi.com\/en\/#organization","name":"Giessegi","url":"https:\/\/www.giessegi.com\/en\/","logo":{"@type":"ImageObject","inLanguage":"de","@id":"https:\/\/www.giessegi.com\/en\/#\/schema\/logo\/image\/","url":"https:\/\/www.giessegi.com\/wp-content\/uploads\/2022\/09\/giessegi-logo.jpeg","contentUrl":"https:\/\/www.giessegi.com\/wp-content\/uploads\/2022\/09\/giessegi-logo.jpeg","width":175,"height":77,"caption":"Giessegi"},"image":{"@id":"https:\/\/www.giessegi.com\/en\/#\/schema\/logo\/image\/"}}]}},"_links":{"self":[{"href":"https:\/\/www.giessegi.com\/de\/wp-json\/wp\/v2\/product\/57354","targetHints":{"allow":["GET"]}}],"collection":[{"href":"https:\/\/www.giessegi.com\/de\/wp-json\/wp\/v2\/product"}],"about":[{"href":"https:\/\/www.giessegi.com\/de\/wp-json\/wp\/v2\/types\/product"}],"wp:featuredmedia":[{"embeddable":true,"href":"https:\/\/www.giessegi.com\/de\/wp-json\/wp\/v2\/media\/57355"}],"wp:attachment":[{"href":"https:\/\/www.giessegi.com\/de\/wp-json\/wp\/v2\/media?parent=57354"}],"wp:term":[{"taxonomy":"product_brand","embeddable":true,"href":"https:\/\/www.giessegi.com\/de\/wp-json\/wp\/v2\/product_brand?post=57354"},{"taxonomy":"product_cat","embeddable":true,"href":"https:\/\/www.giessegi.com\/de\/wp-json\/wp\/v2\/product_cat?post=57354"},{"taxonomy":"product_tag","embeddable":true,"href":"https:\/\/www.giessegi.com\/de\/wp-json\/wp\/v2\/product_tag?post=57354"},{"taxonomy":"collezione","embeddable":true,"href":"https:\/\/www.giessegi.com\/de\/wp-json\/wp\/v2\/collezione?post=57354"}],"curies":[{"name":"wp","href":"https:\/\/api.w.org\/{rel}","templated":true}]}}