{"id":57228,"date":"2022-10-17T15:23:00","date_gmt":"2022-10-17T13:23:00","guid":{"rendered":"https:\/\/www.giessegi.com\/product\/vertigo\/"},"modified":"2023-12-18T11:16:35","modified_gmt":"2023-12-18T10:16:35","slug":"vertigo","status":"publish","type":"product","link":"https:\/\/www.giessegi.com\/de\/produkt\/vertigo\/","title":{"rendered":"VERTIGO"},"content":{"rendered":"","protected":false},"excerpt":{"rendered":"<p>UNISEX-HOSE MIT TASCHEN<\/p>\n<p>&nbsp;<\/p>\n<p>Die Hose ist warm und wasserdicht dank des eVent-Gewebes und der Primaloft-Innenseite, die Schutz vor Wind und Witterungseinfl\u00fcssen, aber auch Atmungsaktivit\u00e4t und Komfort garantieren.<br \/>\nDas Au\u00dfengewebe hat eine Wassers\u00e4ule von 20.000 mm und eine Atmungsaktivit\u00e4t von 15.000 g\/m2 in 24 Stunden.<br \/>\nEs gibt zwei praktische Seitentaschen. Am Ende des Beins befindet sich der schneefeste Verschluss mit Silikongummi, um das Eindringen von Schnee in die Stiefel zu verhindern.<br \/>\nMit den Klettverschl\u00fcssen und den seitlichen Kn\u00f6pfen k\u00f6nnen Sie das Beinende verstellen, w\u00e4hrend der Verschluss auf der Vorderseite mit Kn\u00f6pfen und Rei\u00dfverschluss versehen ist.<br \/>\nAn den speziellen Eins\u00e4tzen am G\u00fcrtel k\u00f6nnen Hosentr\u00e4ger mit Schnellverschluss angebracht werden.<br \/>\nDas abriebfeste Kandar-Gewebe am Beinende sch\u00fctzt die Hose bei Kontakt mit Stiefeln.<br \/>\nDie Hose ist mit Digitaldruck vollst\u00e4ndig personalisierbar.<\/p>\n<p>WINDDICHT 5\/5<br \/>\nWASSERABWEISEND\u00a0 4\/5<br \/>\nISOLIERUNG 5\/5<br \/>\nATMUNGSAKTIV 5\/5<\/p>\n","protected":false},"featured_media":57231,"template":"","meta":[],"product_brand":[],"product_cat":[4219,4196,4194],"product_tag":[],"collezione":[],"class_list":{"0":"post-57228","1":"product","2":"type-product","3":"status-publish","4":"has-post-thumbnail","6":"product_cat-custom-de","7":"product_cat-ski-alpin","8":"product_cat-skifahren","11":"first","12":"instock","13":"shipping-taxable","14":"product-type-simple"},"yoast_head":"<!-- This site is optimized with the Yoast SEO plugin v27.3 - https:\/\/yoast.com\/product\/yoast-seo-wordpress\/ -->\n<title>VERTIGO | GSG - Giessegi<\/title>\n<meta name=\"robots\" content=\"index, follow, max-snippet:-1, max-image-preview:large, max-video-preview:-1\" \/>\n<link rel=\"canonical\" href=\"https:\/\/www.giessegi.com\/de\/produkt\/vertigo\/\" \/>\n<meta property=\"og:locale\" content=\"de_DE\" \/>\n<meta property=\"og:type\" content=\"article\" \/>\n<meta property=\"og:title\" content=\"VERTIGO | GSG - Giessegi\" \/>\n<meta property=\"og:description\" content=\"UNISEX-HOSE MIT TASCHEN  &nbsp;  Die Hose ist warm und wasserdicht dank des eVent-Gewebes und der Primaloft-Innenseite, die Schutz vor Wind und Witterungseinfl\u00fcssen, aber auch Atmungsaktivit\u00e4t und Komfort garantieren. Das Au\u00dfengewebe hat eine Wassers\u00e4ule von 20.000 mm und eine Atmungsaktivit\u00e4t von 15.000 g\/m2 in 24 Stunden. Es gibt zwei praktische Seitentaschen. Am Ende des Beins befindet sich der schneefeste Verschluss mit Silikongummi, um das Eindringen von Schnee in die Stiefel zu verhindern. Mit den Klettverschl\u00fcssen und den seitlichen Kn\u00f6pfen k\u00f6nnen Sie das Beinende verstellen, w\u00e4hrend der Verschluss auf der Vorderseite mit Kn\u00f6pfen und Rei\u00dfverschluss versehen ist. An den speziellen Eins\u00e4tzen am G\u00fcrtel k\u00f6nnen Hosentr\u00e4ger mit Schnellverschluss angebracht werden. Das abriebfeste Kandar-Gewebe am Beinende sch\u00fctzt die Hose bei Kontakt mit Stiefeln. Die Hose ist mit Digitaldruck vollst\u00e4ndig personalisierbar.  WINDDICHT 5\/5 WASSERABWEISEND\u00a0 4\/5 ISOLIERUNG 5\/5 ATMUNGSAKTIV 5\/5\" \/>\n<meta property=\"og:url\" content=\"https:\/\/www.giessegi.com\/de\/produkt\/vertigo\/\" \/>\n<meta property=\"og:site_name\" content=\"GSG - Giessegi\" \/>\n<meta property=\"article:modified_time\" content=\"2023-12-18T10:16:35+00:00\" \/>\n<meta property=\"og:image\" content=\"https:\/\/www.giessegi.com\/wp-content\/uploads\/2022\/10\/07257_Vertigo_fronte.jpg\" \/>\n\t<meta property=\"og:image:width\" content=\"1000\" \/>\n\t<meta property=\"og:image:height\" content=\"1000\" \/>\n\t<meta property=\"og:image:type\" content=\"image\/jpeg\" \/>\n<meta name=\"twitter:card\" content=\"summary_large_image\" \/>\n<meta name=\"twitter:label1\" content=\"Gesch\u00e4tzte Lesezeit\" \/>\n\t<meta name=\"twitter:data1\" content=\"1\u00a0Minute\" \/>\n<script type=\"application\/ld+json\" class=\"yoast-schema-graph\">{\"@context\":\"https:\\\/\\\/schema.org\",\"@graph\":[{\"@type\":\"WebPage\",\"@id\":\"https:\\\/\\\/www.giessegi.com\\\/de\\\/produkt\\\/vertigo\\\/\",\"url\":\"https:\\\/\\\/www.giessegi.com\\\/de\\\/produkt\\\/vertigo\\\/\",\"name\":\"VERTIGO | GSG - Giessegi\",\"isPartOf\":{\"@id\":\"https:\\\/\\\/www.giessegi.com\\\/en\\\/#website\"},\"primaryImageOfPage\":{\"@id\":\"https:\\\/\\\/www.giessegi.com\\\/de\\\/produkt\\\/vertigo\\\/#primaryimage\"},\"image\":{\"@id\":\"https:\\\/\\\/www.giessegi.com\\\/de\\\/produkt\\\/vertigo\\\/#primaryimage\"},\"thumbnailUrl\":\"https:\\\/\\\/www.giessegi.com\\\/wp-content\\\/uploads\\\/2022\\\/10\\\/07257_Vertigo_fronte.jpg\",\"datePublished\":\"2022-10-17T13:23:00+00:00\",\"dateModified\":\"2023-12-18T10:16:35+00:00\",\"breadcrumb\":{\"@id\":\"https:\\\/\\\/www.giessegi.com\\\/de\\\/produkt\\\/vertigo\\\/#breadcrumb\"},\"inLanguage\":\"de\",\"potentialAction\":[{\"@type\":\"ReadAction\",\"target\":[\"https:\\\/\\\/www.giessegi.com\\\/de\\\/produkt\\\/vertigo\\\/\"]}]},{\"@type\":\"ImageObject\",\"inLanguage\":\"de\",\"@id\":\"https:\\\/\\\/www.giessegi.com\\\/de\\\/produkt\\\/vertigo\\\/#primaryimage\",\"url\":\"https:\\\/\\\/www.giessegi.com\\\/wp-content\\\/uploads\\\/2022\\\/10\\\/07257_Vertigo_fronte.jpg\",\"contentUrl\":\"https:\\\/\\\/www.giessegi.com\\\/wp-content\\\/uploads\\\/2022\\\/10\\\/07257_Vertigo_fronte.jpg\",\"width\":1000,\"height\":1000},{\"@type\":\"BreadcrumbList\",\"@id\":\"https:\\\/\\\/www.giessegi.com\\\/de\\\/produkt\\\/vertigo\\\/#breadcrumb\",\"itemListElement\":[{\"@type\":\"ListItem\",\"position\":1,\"name\":\"Home\",\"item\":\"https:\\\/\\\/www.giessegi.com\\\/\"},{\"@type\":\"ListItem\",\"position\":2,\"name\":\"Products\",\"item\":\"https:\\\/\\\/www.giessegi.com\\\/en\\\/shop\\\/\"},{\"@type\":\"ListItem\",\"position\":3,\"name\":\"VERTIGO\"}]},{\"@type\":\"WebSite\",\"@id\":\"https:\\\/\\\/www.giessegi.com\\\/en\\\/#website\",\"url\":\"https:\\\/\\\/www.giessegi.com\\\/en\\\/\",\"name\":\"Giessegi\",\"description\":\"\",\"publisher\":{\"@id\":\"https:\\\/\\\/www.giessegi.com\\\/en\\\/#organization\"},\"potentialAction\":[{\"@type\":\"SearchAction\",\"target\":{\"@type\":\"EntryPoint\",\"urlTemplate\":\"https:\\\/\\\/www.giessegi.com\\\/en\\\/?s={search_term_string}\"},\"query-input\":{\"@type\":\"PropertyValueSpecification\",\"valueRequired\":true,\"valueName\":\"search_term_string\"}}],\"inLanguage\":\"de\"},{\"@type\":\"Organization\",\"@id\":\"https:\\\/\\\/www.giessegi.com\\\/en\\\/#organization\",\"name\":\"Giessegi\",\"url\":\"https:\\\/\\\/www.giessegi.com\\\/en\\\/\",\"logo\":{\"@type\":\"ImageObject\",\"inLanguage\":\"de\",\"@id\":\"https:\\\/\\\/www.giessegi.com\\\/en\\\/#\\\/schema\\\/logo\\\/image\\\/\",\"url\":\"https:\\\/\\\/www.giessegi.com\\\/wp-content\\\/uploads\\\/2022\\\/09\\\/giessegi-logo.jpeg\",\"contentUrl\":\"https:\\\/\\\/www.giessegi.com\\\/wp-content\\\/uploads\\\/2022\\\/09\\\/giessegi-logo.jpeg\",\"width\":175,\"height\":77,\"caption\":\"Giessegi\"},\"image\":{\"@id\":\"https:\\\/\\\/www.giessegi.com\\\/en\\\/#\\\/schema\\\/logo\\\/image\\\/\"}}]}<\/script>\n<!-- \/ Yoast SEO plugin. -->","yoast_head_json":{"title":"VERTIGO | GSG - Giessegi","robots":{"index":"index","follow":"follow","max-snippet":"max-snippet:-1","max-image-preview":"max-image-preview:large","max-video-preview":"max-video-preview:-1"},"canonical":"https:\/\/www.giessegi.com\/de\/produkt\/vertigo\/","og_locale":"de_DE","og_type":"article","og_title":"VERTIGO | GSG - Giessegi","og_description":"UNISEX-HOSE MIT TASCHEN  &nbsp;  Die Hose ist warm und wasserdicht dank des eVent-Gewebes und der Primaloft-Innenseite, die Schutz vor Wind und Witterungseinfl\u00fcssen, aber auch Atmungsaktivit\u00e4t und Komfort garantieren. Das Au\u00dfengewebe hat eine Wassers\u00e4ule von 20.000 mm und eine Atmungsaktivit\u00e4t von 15.000 g\/m2 in 24 Stunden. Es gibt zwei praktische Seitentaschen. Am Ende des Beins befindet sich der schneefeste Verschluss mit Silikongummi, um das Eindringen von Schnee in die Stiefel zu verhindern. Mit den Klettverschl\u00fcssen und den seitlichen Kn\u00f6pfen k\u00f6nnen Sie das Beinende verstellen, w\u00e4hrend der Verschluss auf der Vorderseite mit Kn\u00f6pfen und Rei\u00dfverschluss versehen ist. An den speziellen Eins\u00e4tzen am G\u00fcrtel k\u00f6nnen Hosentr\u00e4ger mit Schnellverschluss angebracht werden. Das abriebfeste Kandar-Gewebe am Beinende sch\u00fctzt die Hose bei Kontakt mit Stiefeln. Die Hose ist mit Digitaldruck vollst\u00e4ndig personalisierbar.  WINDDICHT 5\/5 WASSERABWEISEND\u00a0 4\/5 ISOLIERUNG 5\/5 ATMUNGSAKTIV 5\/5","og_url":"https:\/\/www.giessegi.com\/de\/produkt\/vertigo\/","og_site_name":"GSG - Giessegi","article_modified_time":"2023-12-18T10:16:35+00:00","og_image":[{"width":1000,"height":1000,"url":"https:\/\/www.giessegi.com\/wp-content\/uploads\/2022\/10\/07257_Vertigo_fronte.jpg","type":"image\/jpeg"}],"twitter_card":"summary_large_image","twitter_misc":{"Gesch\u00e4tzte Lesezeit":"1\u00a0Minute"},"schema":{"@context":"https:\/\/schema.org","@graph":[{"@type":"WebPage","@id":"https:\/\/www.giessegi.com\/de\/produkt\/vertigo\/","url":"https:\/\/www.giessegi.com\/de\/produkt\/vertigo\/","name":"VERTIGO | GSG - Giessegi","isPartOf":{"@id":"https:\/\/www.giessegi.com\/en\/#website"},"primaryImageOfPage":{"@id":"https:\/\/www.giessegi.com\/de\/produkt\/vertigo\/#primaryimage"},"image":{"@id":"https:\/\/www.giessegi.com\/de\/produkt\/vertigo\/#primaryimage"},"thumbnailUrl":"https:\/\/www.giessegi.com\/wp-content\/uploads\/2022\/10\/07257_Vertigo_fronte.jpg","datePublished":"2022-10-17T13:23:00+00:00","dateModified":"2023-12-18T10:16:35+00:00","breadcrumb":{"@id":"https:\/\/www.giessegi.com\/de\/produkt\/vertigo\/#breadcrumb"},"inLanguage":"de","potentialAction":[{"@type":"ReadAction","target":["https:\/\/www.giessegi.com\/de\/produkt\/vertigo\/"]}]},{"@type":"ImageObject","inLanguage":"de","@id":"https:\/\/www.giessegi.com\/de\/produkt\/vertigo\/#primaryimage","url":"https:\/\/www.giessegi.com\/wp-content\/uploads\/2022\/10\/07257_Vertigo_fronte.jpg","contentUrl":"https:\/\/www.giessegi.com\/wp-content\/uploads\/2022\/10\/07257_Vertigo_fronte.jpg","width":1000,"height":1000},{"@type":"BreadcrumbList","@id":"https:\/\/www.giessegi.com\/de\/produkt\/vertigo\/#breadcrumb","itemListElement":[{"@type":"ListItem","position":1,"name":"Home","item":"https:\/\/www.giessegi.com\/"},{"@type":"ListItem","position":2,"name":"Products","item":"https:\/\/www.giessegi.com\/en\/shop\/"},{"@type":"ListItem","position":3,"name":"VERTIGO"}]},{"@type":"WebSite","@id":"https:\/\/www.giessegi.com\/en\/#website","url":"https:\/\/www.giessegi.com\/en\/","name":"Giessegi","description":"","publisher":{"@id":"https:\/\/www.giessegi.com\/en\/#organization"},"potentialAction":[{"@type":"SearchAction","target":{"@type":"EntryPoint","urlTemplate":"https:\/\/www.giessegi.com\/en\/?s={search_term_string}"},"query-input":{"@type":"PropertyValueSpecification","valueRequired":true,"valueName":"search_term_string"}}],"inLanguage":"de"},{"@type":"Organization","@id":"https:\/\/www.giessegi.com\/en\/#organization","name":"Giessegi","url":"https:\/\/www.giessegi.com\/en\/","logo":{"@type":"ImageObject","inLanguage":"de","@id":"https:\/\/www.giessegi.com\/en\/#\/schema\/logo\/image\/","url":"https:\/\/www.giessegi.com\/wp-content\/uploads\/2022\/09\/giessegi-logo.jpeg","contentUrl":"https:\/\/www.giessegi.com\/wp-content\/uploads\/2022\/09\/giessegi-logo.jpeg","width":175,"height":77,"caption":"Giessegi"},"image":{"@id":"https:\/\/www.giessegi.com\/en\/#\/schema\/logo\/image\/"}}]}},"_links":{"self":[{"href":"https:\/\/www.giessegi.com\/de\/wp-json\/wp\/v2\/product\/57228","targetHints":{"allow":["GET"]}}],"collection":[{"href":"https:\/\/www.giessegi.com\/de\/wp-json\/wp\/v2\/product"}],"about":[{"href":"https:\/\/www.giessegi.com\/de\/wp-json\/wp\/v2\/types\/product"}],"wp:featuredmedia":[{"embeddable":true,"href":"https:\/\/www.giessegi.com\/de\/wp-json\/wp\/v2\/media\/57231"}],"wp:attachment":[{"href":"https:\/\/www.giessegi.com\/de\/wp-json\/wp\/v2\/media?parent=57228"}],"wp:term":[{"taxonomy":"product_brand","embeddable":true,"href":"https:\/\/www.giessegi.com\/de\/wp-json\/wp\/v2\/product_brand?post=57228"},{"taxonomy":"product_cat","embeddable":true,"href":"https:\/\/www.giessegi.com\/de\/wp-json\/wp\/v2\/product_cat?post=57228"},{"taxonomy":"product_tag","embeddable":true,"href":"https:\/\/www.giessegi.com\/de\/wp-json\/wp\/v2\/product_tag?post=57228"},{"taxonomy":"collezione","embeddable":true,"href":"https:\/\/www.giessegi.com\/de\/wp-json\/wp\/v2\/collezione?post=57228"}],"curies":[{"name":"wp","href":"https:\/\/api.w.org\/{rel}","templated":true}]}}