{"id":56457,"date":"2022-10-17T15:22:24","date_gmt":"2022-10-17T13:22:24","guid":{"rendered":"https:\/\/www.giessegi.com\/product\/paradiso\/"},"modified":"2023-12-18T10:59:33","modified_gmt":"2023-12-18T09:59:33","slug":"paradiso","status":"publish","type":"product","link":"https:\/\/www.giessegi.com\/de\/produkt\/paradiso\/","title":{"rendered":"PARADISO"},"content":{"rendered":"","protected":false},"excerpt":{"rendered":"<p>KAPUZENJACKE F\u00dcR HERREN<\/p>\n<p>&nbsp;<\/p>\n<p>Skijacke aus, wasserdichtem, winddichtem und thermischem Material.<br \/>\nDie \u00e4u\u00dfere Teflonbehandlung macht die Jacke wasserabweisend und schmutzabweisend. Das Gewebe aus 60% Polyester und 40% Polyurethan hat eine Wassers\u00e4ule von 10.000 mm und eine Atmungsaktivit\u00e4t von 11.000 Gramm pro Quadratmeter in 24 Stunden.<br \/>\nEs ist eine ergonomische Jacke; es hat eine Kapuze, die mittels einer elastischen Kordel verstellbar ist.<br \/>\nEs gibt drei Fronttaschen mit Rei\u00dfverschluss. Am linken \u00c4rmel befindet sich eine Tasche f\u00fcr den Skipass, die mit einem unsichtbaren Rei\u00dfverschluss geschlossen wird.<br \/>\nIntern auf der Vorderseite befindet sich eine Rei\u00dfverschlusstasche.<br \/>\nDie Enden der \u00c4rmel haben Klettverschluss und eine Manschette aus Fleecestoff bis zur halben Hand.<br \/>\nDie Jacke kann mit Digitaldruck vollst\u00e4ndig personalisiert werden.<\/p>\n<p>&nbsp;<\/p>\n<p>WINDDICHT 3\/5<br \/>\nWASSERABWEISEND\u00a0 3\/5<br \/>\nISOLIERUNG 3\/5<br \/>\nATMUNGSAKTIV 3\/5<\/p>\n","protected":false},"featured_media":56460,"template":"","meta":[],"product_brand":[],"product_cat":[4219,4196,4194],"product_tag":[],"collezione":[],"class_list":{"0":"post-56457","1":"product","2":"type-product","3":"status-publish","4":"has-post-thumbnail","6":"product_cat-custom-de","7":"product_cat-ski-alpin","8":"product_cat-skifahren","11":"first","12":"instock","13":"shipping-taxable","14":"product-type-simple"},"yoast_head":"<!-- This site is optimized with the Yoast SEO plugin v27.3 - https:\/\/yoast.com\/product\/yoast-seo-wordpress\/ -->\n<title>PARADISO | GSG - Giessegi<\/title>\n<meta name=\"robots\" content=\"index, follow, max-snippet:-1, max-image-preview:large, max-video-preview:-1\" \/>\n<link rel=\"canonical\" href=\"https:\/\/www.giessegi.com\/de\/produkt\/paradiso\/\" \/>\n<meta property=\"og:locale\" content=\"de_DE\" \/>\n<meta property=\"og:type\" content=\"article\" \/>\n<meta property=\"og:title\" content=\"PARADISO | GSG - Giessegi\" \/>\n<meta property=\"og:description\" content=\"KAPUZENJACKE F\u00dcR HERREN  &nbsp;  Skijacke aus, wasserdichtem, winddichtem und thermischem Material. Die \u00e4u\u00dfere Teflonbehandlung macht die Jacke wasserabweisend und schmutzabweisend. Das Gewebe aus 60% Polyester und 40% Polyurethan hat eine Wassers\u00e4ule von 10.000 mm und eine Atmungsaktivit\u00e4t von 11.000 Gramm pro Quadratmeter in 24 Stunden. Es ist eine ergonomische Jacke; es hat eine Kapuze, die mittels einer elastischen Kordel verstellbar ist. Es gibt drei Fronttaschen mit Rei\u00dfverschluss. Am linken \u00c4rmel befindet sich eine Tasche f\u00fcr den Skipass, die mit einem unsichtbaren Rei\u00dfverschluss geschlossen wird. Intern auf der Vorderseite befindet sich eine Rei\u00dfverschlusstasche. Die Enden der \u00c4rmel haben Klettverschluss und eine Manschette aus Fleecestoff bis zur halben Hand. Die Jacke kann mit Digitaldruck vollst\u00e4ndig personalisiert werden.  &nbsp;  WINDDICHT 3\/5 WASSERABWEISEND\u00a0 3\/5 ISOLIERUNG 3\/5 ATMUNGSAKTIV 3\/5\" \/>\n<meta property=\"og:url\" content=\"https:\/\/www.giessegi.com\/de\/produkt\/paradiso\/\" \/>\n<meta property=\"og:site_name\" content=\"GSG - Giessegi\" \/>\n<meta property=\"article:modified_time\" content=\"2023-12-18T09:59:33+00:00\" \/>\n<meta property=\"og:image\" content=\"https:\/\/www.giessegi.com\/wp-content\/uploads\/2022\/10\/10166_Paradiso_fronte.jpg\" \/>\n\t<meta property=\"og:image:width\" content=\"1000\" \/>\n\t<meta property=\"og:image:height\" content=\"1000\" \/>\n\t<meta property=\"og:image:type\" content=\"image\/jpeg\" \/>\n<meta name=\"twitter:card\" content=\"summary_large_image\" \/>\n<meta name=\"twitter:label1\" content=\"Gesch\u00e4tzte Lesezeit\" \/>\n\t<meta name=\"twitter:data1\" content=\"1\u00a0Minute\" \/>\n<script type=\"application\/ld+json\" class=\"yoast-schema-graph\">{\"@context\":\"https:\\\/\\\/schema.org\",\"@graph\":[{\"@type\":\"WebPage\",\"@id\":\"https:\\\/\\\/www.giessegi.com\\\/de\\\/produkt\\\/paradiso\\\/\",\"url\":\"https:\\\/\\\/www.giessegi.com\\\/de\\\/produkt\\\/paradiso\\\/\",\"name\":\"PARADISO | GSG - Giessegi\",\"isPartOf\":{\"@id\":\"https:\\\/\\\/www.giessegi.com\\\/en\\\/#website\"},\"primaryImageOfPage\":{\"@id\":\"https:\\\/\\\/www.giessegi.com\\\/de\\\/produkt\\\/paradiso\\\/#primaryimage\"},\"image\":{\"@id\":\"https:\\\/\\\/www.giessegi.com\\\/de\\\/produkt\\\/paradiso\\\/#primaryimage\"},\"thumbnailUrl\":\"https:\\\/\\\/www.giessegi.com\\\/wp-content\\\/uploads\\\/2022\\\/10\\\/10166_Paradiso_fronte.jpg\",\"datePublished\":\"2022-10-17T13:22:24+00:00\",\"dateModified\":\"2023-12-18T09:59:33+00:00\",\"breadcrumb\":{\"@id\":\"https:\\\/\\\/www.giessegi.com\\\/de\\\/produkt\\\/paradiso\\\/#breadcrumb\"},\"inLanguage\":\"de\",\"potentialAction\":[{\"@type\":\"ReadAction\",\"target\":[\"https:\\\/\\\/www.giessegi.com\\\/de\\\/produkt\\\/paradiso\\\/\"]}]},{\"@type\":\"ImageObject\",\"inLanguage\":\"de\",\"@id\":\"https:\\\/\\\/www.giessegi.com\\\/de\\\/produkt\\\/paradiso\\\/#primaryimage\",\"url\":\"https:\\\/\\\/www.giessegi.com\\\/wp-content\\\/uploads\\\/2022\\\/10\\\/10166_Paradiso_fronte.jpg\",\"contentUrl\":\"https:\\\/\\\/www.giessegi.com\\\/wp-content\\\/uploads\\\/2022\\\/10\\\/10166_Paradiso_fronte.jpg\",\"width\":1000,\"height\":1000},{\"@type\":\"BreadcrumbList\",\"@id\":\"https:\\\/\\\/www.giessegi.com\\\/de\\\/produkt\\\/paradiso\\\/#breadcrumb\",\"itemListElement\":[{\"@type\":\"ListItem\",\"position\":1,\"name\":\"Home\",\"item\":\"https:\\\/\\\/www.giessegi.com\\\/\"},{\"@type\":\"ListItem\",\"position\":2,\"name\":\"Products\",\"item\":\"https:\\\/\\\/www.giessegi.com\\\/en\\\/shop\\\/\"},{\"@type\":\"ListItem\",\"position\":3,\"name\":\"PARADISO\"}]},{\"@type\":\"WebSite\",\"@id\":\"https:\\\/\\\/www.giessegi.com\\\/en\\\/#website\",\"url\":\"https:\\\/\\\/www.giessegi.com\\\/en\\\/\",\"name\":\"Giessegi\",\"description\":\"\",\"publisher\":{\"@id\":\"https:\\\/\\\/www.giessegi.com\\\/en\\\/#organization\"},\"potentialAction\":[{\"@type\":\"SearchAction\",\"target\":{\"@type\":\"EntryPoint\",\"urlTemplate\":\"https:\\\/\\\/www.giessegi.com\\\/en\\\/?s={search_term_string}\"},\"query-input\":{\"@type\":\"PropertyValueSpecification\",\"valueRequired\":true,\"valueName\":\"search_term_string\"}}],\"inLanguage\":\"de\"},{\"@type\":\"Organization\",\"@id\":\"https:\\\/\\\/www.giessegi.com\\\/en\\\/#organization\",\"name\":\"Giessegi\",\"url\":\"https:\\\/\\\/www.giessegi.com\\\/en\\\/\",\"logo\":{\"@type\":\"ImageObject\",\"inLanguage\":\"de\",\"@id\":\"https:\\\/\\\/www.giessegi.com\\\/en\\\/#\\\/schema\\\/logo\\\/image\\\/\",\"url\":\"https:\\\/\\\/www.giessegi.com\\\/wp-content\\\/uploads\\\/2022\\\/09\\\/giessegi-logo.jpeg\",\"contentUrl\":\"https:\\\/\\\/www.giessegi.com\\\/wp-content\\\/uploads\\\/2022\\\/09\\\/giessegi-logo.jpeg\",\"width\":175,\"height\":77,\"caption\":\"Giessegi\"},\"image\":{\"@id\":\"https:\\\/\\\/www.giessegi.com\\\/en\\\/#\\\/schema\\\/logo\\\/image\\\/\"}}]}<\/script>\n<!-- \/ Yoast SEO plugin. -->","yoast_head_json":{"title":"PARADISO | GSG - Giessegi","robots":{"index":"index","follow":"follow","max-snippet":"max-snippet:-1","max-image-preview":"max-image-preview:large","max-video-preview":"max-video-preview:-1"},"canonical":"https:\/\/www.giessegi.com\/de\/produkt\/paradiso\/","og_locale":"de_DE","og_type":"article","og_title":"PARADISO | GSG - Giessegi","og_description":"KAPUZENJACKE F\u00dcR HERREN  &nbsp;  Skijacke aus, wasserdichtem, winddichtem und thermischem Material. Die \u00e4u\u00dfere Teflonbehandlung macht die Jacke wasserabweisend und schmutzabweisend. Das Gewebe aus 60% Polyester und 40% Polyurethan hat eine Wassers\u00e4ule von 10.000 mm und eine Atmungsaktivit\u00e4t von 11.000 Gramm pro Quadratmeter in 24 Stunden. Es ist eine ergonomische Jacke; es hat eine Kapuze, die mittels einer elastischen Kordel verstellbar ist. Es gibt drei Fronttaschen mit Rei\u00dfverschluss. Am linken \u00c4rmel befindet sich eine Tasche f\u00fcr den Skipass, die mit einem unsichtbaren Rei\u00dfverschluss geschlossen wird. Intern auf der Vorderseite befindet sich eine Rei\u00dfverschlusstasche. Die Enden der \u00c4rmel haben Klettverschluss und eine Manschette aus Fleecestoff bis zur halben Hand. Die Jacke kann mit Digitaldruck vollst\u00e4ndig personalisiert werden.  &nbsp;  WINDDICHT 3\/5 WASSERABWEISEND\u00a0 3\/5 ISOLIERUNG 3\/5 ATMUNGSAKTIV 3\/5","og_url":"https:\/\/www.giessegi.com\/de\/produkt\/paradiso\/","og_site_name":"GSG - Giessegi","article_modified_time":"2023-12-18T09:59:33+00:00","og_image":[{"width":1000,"height":1000,"url":"https:\/\/www.giessegi.com\/wp-content\/uploads\/2022\/10\/10166_Paradiso_fronte.jpg","type":"image\/jpeg"}],"twitter_card":"summary_large_image","twitter_misc":{"Gesch\u00e4tzte Lesezeit":"1\u00a0Minute"},"schema":{"@context":"https:\/\/schema.org","@graph":[{"@type":"WebPage","@id":"https:\/\/www.giessegi.com\/de\/produkt\/paradiso\/","url":"https:\/\/www.giessegi.com\/de\/produkt\/paradiso\/","name":"PARADISO | GSG - Giessegi","isPartOf":{"@id":"https:\/\/www.giessegi.com\/en\/#website"},"primaryImageOfPage":{"@id":"https:\/\/www.giessegi.com\/de\/produkt\/paradiso\/#primaryimage"},"image":{"@id":"https:\/\/www.giessegi.com\/de\/produkt\/paradiso\/#primaryimage"},"thumbnailUrl":"https:\/\/www.giessegi.com\/wp-content\/uploads\/2022\/10\/10166_Paradiso_fronte.jpg","datePublished":"2022-10-17T13:22:24+00:00","dateModified":"2023-12-18T09:59:33+00:00","breadcrumb":{"@id":"https:\/\/www.giessegi.com\/de\/produkt\/paradiso\/#breadcrumb"},"inLanguage":"de","potentialAction":[{"@type":"ReadAction","target":["https:\/\/www.giessegi.com\/de\/produkt\/paradiso\/"]}]},{"@type":"ImageObject","inLanguage":"de","@id":"https:\/\/www.giessegi.com\/de\/produkt\/paradiso\/#primaryimage","url":"https:\/\/www.giessegi.com\/wp-content\/uploads\/2022\/10\/10166_Paradiso_fronte.jpg","contentUrl":"https:\/\/www.giessegi.com\/wp-content\/uploads\/2022\/10\/10166_Paradiso_fronte.jpg","width":1000,"height":1000},{"@type":"BreadcrumbList","@id":"https:\/\/www.giessegi.com\/de\/produkt\/paradiso\/#breadcrumb","itemListElement":[{"@type":"ListItem","position":1,"name":"Home","item":"https:\/\/www.giessegi.com\/"},{"@type":"ListItem","position":2,"name":"Products","item":"https:\/\/www.giessegi.com\/en\/shop\/"},{"@type":"ListItem","position":3,"name":"PARADISO"}]},{"@type":"WebSite","@id":"https:\/\/www.giessegi.com\/en\/#website","url":"https:\/\/www.giessegi.com\/en\/","name":"Giessegi","description":"","publisher":{"@id":"https:\/\/www.giessegi.com\/en\/#organization"},"potentialAction":[{"@type":"SearchAction","target":{"@type":"EntryPoint","urlTemplate":"https:\/\/www.giessegi.com\/en\/?s={search_term_string}"},"query-input":{"@type":"PropertyValueSpecification","valueRequired":true,"valueName":"search_term_string"}}],"inLanguage":"de"},{"@type":"Organization","@id":"https:\/\/www.giessegi.com\/en\/#organization","name":"Giessegi","url":"https:\/\/www.giessegi.com\/en\/","logo":{"@type":"ImageObject","inLanguage":"de","@id":"https:\/\/www.giessegi.com\/en\/#\/schema\/logo\/image\/","url":"https:\/\/www.giessegi.com\/wp-content\/uploads\/2022\/09\/giessegi-logo.jpeg","contentUrl":"https:\/\/www.giessegi.com\/wp-content\/uploads\/2022\/09\/giessegi-logo.jpeg","width":175,"height":77,"caption":"Giessegi"},"image":{"@id":"https:\/\/www.giessegi.com\/en\/#\/schema\/logo\/image\/"}}]}},"_links":{"self":[{"href":"https:\/\/www.giessegi.com\/de\/wp-json\/wp\/v2\/product\/56457","targetHints":{"allow":["GET"]}}],"collection":[{"href":"https:\/\/www.giessegi.com\/de\/wp-json\/wp\/v2\/product"}],"about":[{"href":"https:\/\/www.giessegi.com\/de\/wp-json\/wp\/v2\/types\/product"}],"wp:featuredmedia":[{"embeddable":true,"href":"https:\/\/www.giessegi.com\/de\/wp-json\/wp\/v2\/media\/56460"}],"wp:attachment":[{"href":"https:\/\/www.giessegi.com\/de\/wp-json\/wp\/v2\/media?parent=56457"}],"wp:term":[{"taxonomy":"product_brand","embeddable":true,"href":"https:\/\/www.giessegi.com\/de\/wp-json\/wp\/v2\/product_brand?post=56457"},{"taxonomy":"product_cat","embeddable":true,"href":"https:\/\/www.giessegi.com\/de\/wp-json\/wp\/v2\/product_cat?post=56457"},{"taxonomy":"product_tag","embeddable":true,"href":"https:\/\/www.giessegi.com\/de\/wp-json\/wp\/v2\/product_tag?post=56457"},{"taxonomy":"collezione","embeddable":true,"href":"https:\/\/www.giessegi.com\/de\/wp-json\/wp\/v2\/collezione?post=56457"}],"curies":[{"name":"wp","href":"https:\/\/api.w.org\/{rel}","templated":true}]}}