{"id":56397,"date":"2022-10-17T15:18:26","date_gmt":"2022-10-17T13:18:26","guid":{"rendered":"https:\/\/www.giessegi.com\/product\/olimpia\/"},"modified":"2023-12-18T12:58:18","modified_gmt":"2023-12-18T11:58:18","slug":"olimpia","status":"publish","type":"product","link":"https:\/\/www.giessegi.com\/de\/produkt\/olimpia\/","title":{"rendered":"OLIMPIA"},"content":{"rendered":"","protected":false},"excerpt":{"rendered":"<p>UNISEX-W\u00c4RMJACKE<\/p>\n<p>&nbsp;<\/p>\n<p>Das Hauptmaterial besteht aus 95% Polyester und 5% Polyurethan, der Innenteil besteht aus 100% geb\u00fcrstetem Polyestergewebe, um maximale W\u00e4rme, Weichheit und Komfort zu gew\u00e4hrleisten.<br \/>\nDas Material hat eine Wassers\u00e4ule von 10.000 mm und eine Atmungsaktivit\u00e4t von 15.000 gr\/m\u00b2 in 24 Stunden; Dies gew\u00e4hrleistet einen hervorragenden Schutz vor Wind, Schnee und Regen.<br \/>\nDie Jacke ist atmungsaktiv, warm und leicht zugleich.<br \/>\nDie Eins\u00e4tze aus Kardak-Gewebe, einem 100% Polyesterharz mit Polyurethan-Behandlung, dienen zur Verst\u00e4rkung der \u00c4rmel und Schultern.<br \/>\nAuf dem linken \u00c4rmel befinden sich zwei bequeme Rei\u00dfverschlusstaschen und eine Skipasstasche.<br \/>\nDie Jacke kann mit Digitaldruck vollst\u00e4ndig personalisiert werden.<\/p>\n<p>WINDDICHT 5\/5<br \/>\nWASSERABWEISEND\u00a0 4\/5<br \/>\nISOLIERUNG 5\/5<br \/>\nATMUNGSAKTIV 5\/5<\/p>\n","protected":false},"featured_media":56400,"template":"","meta":[],"product_brand":[],"product_cat":[4219,4196,4194],"product_tag":[],"collezione":[],"class_list":{"0":"post-56397","1":"product","2":"type-product","3":"status-publish","4":"has-post-thumbnail","6":"product_cat-custom-de","7":"product_cat-ski-alpin","8":"product_cat-skifahren","11":"first","12":"instock","13":"shipping-taxable","14":"product-type-simple"},"yoast_head":"<!-- This site is optimized with the Yoast SEO plugin v27.3 - https:\/\/yoast.com\/product\/yoast-seo-wordpress\/ -->\n<title>OLIMPIA | GSG - Giessegi<\/title>\n<meta name=\"robots\" content=\"index, follow, max-snippet:-1, max-image-preview:large, max-video-preview:-1\" \/>\n<link rel=\"canonical\" href=\"https:\/\/www.giessegi.com\/de\/produkt\/olimpia\/\" \/>\n<meta property=\"og:locale\" content=\"de_DE\" \/>\n<meta property=\"og:type\" content=\"article\" \/>\n<meta property=\"og:title\" content=\"OLIMPIA | GSG - Giessegi\" \/>\n<meta property=\"og:description\" content=\"UNISEX-W\u00c4RMJACKE  &nbsp;  Das Hauptmaterial besteht aus 95% Polyester und 5% Polyurethan, der Innenteil besteht aus 100% geb\u00fcrstetem Polyestergewebe, um maximale W\u00e4rme, Weichheit und Komfort zu gew\u00e4hrleisten. Das Material hat eine Wassers\u00e4ule von 10.000 mm und eine Atmungsaktivit\u00e4t von 15.000 gr\/m\u00b2 in 24 Stunden; Dies gew\u00e4hrleistet einen hervorragenden Schutz vor Wind, Schnee und Regen. Die Jacke ist atmungsaktiv, warm und leicht zugleich. Die Eins\u00e4tze aus Kardak-Gewebe, einem 100% Polyesterharz mit Polyurethan-Behandlung, dienen zur Verst\u00e4rkung der \u00c4rmel und Schultern. Auf dem linken \u00c4rmel befinden sich zwei bequeme Rei\u00dfverschlusstaschen und eine Skipasstasche. Die Jacke kann mit Digitaldruck vollst\u00e4ndig personalisiert werden.  WINDDICHT 5\/5 WASSERABWEISEND\u00a0 4\/5 ISOLIERUNG 5\/5 ATMUNGSAKTIV 5\/5\" \/>\n<meta property=\"og:url\" content=\"https:\/\/www.giessegi.com\/de\/produkt\/olimpia\/\" \/>\n<meta property=\"og:site_name\" content=\"GSG - Giessegi\" \/>\n<meta property=\"article:modified_time\" content=\"2023-12-18T11:58:18+00:00\" \/>\n<meta property=\"og:image\" content=\"https:\/\/www.giessegi.com\/wp-content\/uploads\/2022\/10\/10138_Olimpia_fronte.jpg\" \/>\n\t<meta property=\"og:image:width\" content=\"1000\" \/>\n\t<meta property=\"og:image:height\" content=\"1000\" \/>\n\t<meta property=\"og:image:type\" content=\"image\/jpeg\" \/>\n<meta name=\"twitter:card\" content=\"summary_large_image\" \/>\n<meta name=\"twitter:label1\" content=\"Gesch\u00e4tzte Lesezeit\" \/>\n\t<meta name=\"twitter:data1\" content=\"1\u00a0Minute\" \/>\n<script type=\"application\/ld+json\" class=\"yoast-schema-graph\">{\"@context\":\"https:\\\/\\\/schema.org\",\"@graph\":[{\"@type\":\"WebPage\",\"@id\":\"https:\\\/\\\/www.giessegi.com\\\/de\\\/produkt\\\/olimpia\\\/\",\"url\":\"https:\\\/\\\/www.giessegi.com\\\/de\\\/produkt\\\/olimpia\\\/\",\"name\":\"OLIMPIA | GSG - Giessegi\",\"isPartOf\":{\"@id\":\"https:\\\/\\\/www.giessegi.com\\\/en\\\/#website\"},\"primaryImageOfPage\":{\"@id\":\"https:\\\/\\\/www.giessegi.com\\\/de\\\/produkt\\\/olimpia\\\/#primaryimage\"},\"image\":{\"@id\":\"https:\\\/\\\/www.giessegi.com\\\/de\\\/produkt\\\/olimpia\\\/#primaryimage\"},\"thumbnailUrl\":\"https:\\\/\\\/www.giessegi.com\\\/wp-content\\\/uploads\\\/2022\\\/10\\\/10138_Olimpia_fronte.jpg\",\"datePublished\":\"2022-10-17T13:18:26+00:00\",\"dateModified\":\"2023-12-18T11:58:18+00:00\",\"breadcrumb\":{\"@id\":\"https:\\\/\\\/www.giessegi.com\\\/de\\\/produkt\\\/olimpia\\\/#breadcrumb\"},\"inLanguage\":\"de\",\"potentialAction\":[{\"@type\":\"ReadAction\",\"target\":[\"https:\\\/\\\/www.giessegi.com\\\/de\\\/produkt\\\/olimpia\\\/\"]}]},{\"@type\":\"ImageObject\",\"inLanguage\":\"de\",\"@id\":\"https:\\\/\\\/www.giessegi.com\\\/de\\\/produkt\\\/olimpia\\\/#primaryimage\",\"url\":\"https:\\\/\\\/www.giessegi.com\\\/wp-content\\\/uploads\\\/2022\\\/10\\\/10138_Olimpia_fronte.jpg\",\"contentUrl\":\"https:\\\/\\\/www.giessegi.com\\\/wp-content\\\/uploads\\\/2022\\\/10\\\/10138_Olimpia_fronte.jpg\",\"width\":1000,\"height\":1000},{\"@type\":\"BreadcrumbList\",\"@id\":\"https:\\\/\\\/www.giessegi.com\\\/de\\\/produkt\\\/olimpia\\\/#breadcrumb\",\"itemListElement\":[{\"@type\":\"ListItem\",\"position\":1,\"name\":\"Home\",\"item\":\"https:\\\/\\\/www.giessegi.com\\\/\"},{\"@type\":\"ListItem\",\"position\":2,\"name\":\"Products\",\"item\":\"https:\\\/\\\/www.giessegi.com\\\/en\\\/shop\\\/\"},{\"@type\":\"ListItem\",\"position\":3,\"name\":\"OLIMPIA\"}]},{\"@type\":\"WebSite\",\"@id\":\"https:\\\/\\\/www.giessegi.com\\\/en\\\/#website\",\"url\":\"https:\\\/\\\/www.giessegi.com\\\/en\\\/\",\"name\":\"Giessegi\",\"description\":\"\",\"publisher\":{\"@id\":\"https:\\\/\\\/www.giessegi.com\\\/en\\\/#organization\"},\"potentialAction\":[{\"@type\":\"SearchAction\",\"target\":{\"@type\":\"EntryPoint\",\"urlTemplate\":\"https:\\\/\\\/www.giessegi.com\\\/en\\\/?s={search_term_string}\"},\"query-input\":{\"@type\":\"PropertyValueSpecification\",\"valueRequired\":true,\"valueName\":\"search_term_string\"}}],\"inLanguage\":\"de\"},{\"@type\":\"Organization\",\"@id\":\"https:\\\/\\\/www.giessegi.com\\\/en\\\/#organization\",\"name\":\"Giessegi\",\"url\":\"https:\\\/\\\/www.giessegi.com\\\/en\\\/\",\"logo\":{\"@type\":\"ImageObject\",\"inLanguage\":\"de\",\"@id\":\"https:\\\/\\\/www.giessegi.com\\\/en\\\/#\\\/schema\\\/logo\\\/image\\\/\",\"url\":\"https:\\\/\\\/www.giessegi.com\\\/wp-content\\\/uploads\\\/2022\\\/09\\\/giessegi-logo.jpeg\",\"contentUrl\":\"https:\\\/\\\/www.giessegi.com\\\/wp-content\\\/uploads\\\/2022\\\/09\\\/giessegi-logo.jpeg\",\"width\":175,\"height\":77,\"caption\":\"Giessegi\"},\"image\":{\"@id\":\"https:\\\/\\\/www.giessegi.com\\\/en\\\/#\\\/schema\\\/logo\\\/image\\\/\"}}]}<\/script>\n<!-- \/ Yoast SEO plugin. -->","yoast_head_json":{"title":"OLIMPIA | GSG - Giessegi","robots":{"index":"index","follow":"follow","max-snippet":"max-snippet:-1","max-image-preview":"max-image-preview:large","max-video-preview":"max-video-preview:-1"},"canonical":"https:\/\/www.giessegi.com\/de\/produkt\/olimpia\/","og_locale":"de_DE","og_type":"article","og_title":"OLIMPIA | GSG - Giessegi","og_description":"UNISEX-W\u00c4RMJACKE  &nbsp;  Das Hauptmaterial besteht aus 95% Polyester und 5% Polyurethan, der Innenteil besteht aus 100% geb\u00fcrstetem Polyestergewebe, um maximale W\u00e4rme, Weichheit und Komfort zu gew\u00e4hrleisten. Das Material hat eine Wassers\u00e4ule von 10.000 mm und eine Atmungsaktivit\u00e4t von 15.000 gr\/m\u00b2 in 24 Stunden; Dies gew\u00e4hrleistet einen hervorragenden Schutz vor Wind, Schnee und Regen. Die Jacke ist atmungsaktiv, warm und leicht zugleich. Die Eins\u00e4tze aus Kardak-Gewebe, einem 100% Polyesterharz mit Polyurethan-Behandlung, dienen zur Verst\u00e4rkung der \u00c4rmel und Schultern. Auf dem linken \u00c4rmel befinden sich zwei bequeme Rei\u00dfverschlusstaschen und eine Skipasstasche. Die Jacke kann mit Digitaldruck vollst\u00e4ndig personalisiert werden.  WINDDICHT 5\/5 WASSERABWEISEND\u00a0 4\/5 ISOLIERUNG 5\/5 ATMUNGSAKTIV 5\/5","og_url":"https:\/\/www.giessegi.com\/de\/produkt\/olimpia\/","og_site_name":"GSG - Giessegi","article_modified_time":"2023-12-18T11:58:18+00:00","og_image":[{"width":1000,"height":1000,"url":"https:\/\/www.giessegi.com\/wp-content\/uploads\/2022\/10\/10138_Olimpia_fronte.jpg","type":"image\/jpeg"}],"twitter_card":"summary_large_image","twitter_misc":{"Gesch\u00e4tzte Lesezeit":"1\u00a0Minute"},"schema":{"@context":"https:\/\/schema.org","@graph":[{"@type":"WebPage","@id":"https:\/\/www.giessegi.com\/de\/produkt\/olimpia\/","url":"https:\/\/www.giessegi.com\/de\/produkt\/olimpia\/","name":"OLIMPIA | GSG - Giessegi","isPartOf":{"@id":"https:\/\/www.giessegi.com\/en\/#website"},"primaryImageOfPage":{"@id":"https:\/\/www.giessegi.com\/de\/produkt\/olimpia\/#primaryimage"},"image":{"@id":"https:\/\/www.giessegi.com\/de\/produkt\/olimpia\/#primaryimage"},"thumbnailUrl":"https:\/\/www.giessegi.com\/wp-content\/uploads\/2022\/10\/10138_Olimpia_fronte.jpg","datePublished":"2022-10-17T13:18:26+00:00","dateModified":"2023-12-18T11:58:18+00:00","breadcrumb":{"@id":"https:\/\/www.giessegi.com\/de\/produkt\/olimpia\/#breadcrumb"},"inLanguage":"de","potentialAction":[{"@type":"ReadAction","target":["https:\/\/www.giessegi.com\/de\/produkt\/olimpia\/"]}]},{"@type":"ImageObject","inLanguage":"de","@id":"https:\/\/www.giessegi.com\/de\/produkt\/olimpia\/#primaryimage","url":"https:\/\/www.giessegi.com\/wp-content\/uploads\/2022\/10\/10138_Olimpia_fronte.jpg","contentUrl":"https:\/\/www.giessegi.com\/wp-content\/uploads\/2022\/10\/10138_Olimpia_fronte.jpg","width":1000,"height":1000},{"@type":"BreadcrumbList","@id":"https:\/\/www.giessegi.com\/de\/produkt\/olimpia\/#breadcrumb","itemListElement":[{"@type":"ListItem","position":1,"name":"Home","item":"https:\/\/www.giessegi.com\/"},{"@type":"ListItem","position":2,"name":"Products","item":"https:\/\/www.giessegi.com\/en\/shop\/"},{"@type":"ListItem","position":3,"name":"OLIMPIA"}]},{"@type":"WebSite","@id":"https:\/\/www.giessegi.com\/en\/#website","url":"https:\/\/www.giessegi.com\/en\/","name":"Giessegi","description":"","publisher":{"@id":"https:\/\/www.giessegi.com\/en\/#organization"},"potentialAction":[{"@type":"SearchAction","target":{"@type":"EntryPoint","urlTemplate":"https:\/\/www.giessegi.com\/en\/?s={search_term_string}"},"query-input":{"@type":"PropertyValueSpecification","valueRequired":true,"valueName":"search_term_string"}}],"inLanguage":"de"},{"@type":"Organization","@id":"https:\/\/www.giessegi.com\/en\/#organization","name":"Giessegi","url":"https:\/\/www.giessegi.com\/en\/","logo":{"@type":"ImageObject","inLanguage":"de","@id":"https:\/\/www.giessegi.com\/en\/#\/schema\/logo\/image\/","url":"https:\/\/www.giessegi.com\/wp-content\/uploads\/2022\/09\/giessegi-logo.jpeg","contentUrl":"https:\/\/www.giessegi.com\/wp-content\/uploads\/2022\/09\/giessegi-logo.jpeg","width":175,"height":77,"caption":"Giessegi"},"image":{"@id":"https:\/\/www.giessegi.com\/en\/#\/schema\/logo\/image\/"}}]}},"_links":{"self":[{"href":"https:\/\/www.giessegi.com\/de\/wp-json\/wp\/v2\/product\/56397","targetHints":{"allow":["GET"]}}],"collection":[{"href":"https:\/\/www.giessegi.com\/de\/wp-json\/wp\/v2\/product"}],"about":[{"href":"https:\/\/www.giessegi.com\/de\/wp-json\/wp\/v2\/types\/product"}],"wp:featuredmedia":[{"embeddable":true,"href":"https:\/\/www.giessegi.com\/de\/wp-json\/wp\/v2\/media\/56400"}],"wp:attachment":[{"href":"https:\/\/www.giessegi.com\/de\/wp-json\/wp\/v2\/media?parent=56397"}],"wp:term":[{"taxonomy":"product_brand","embeddable":true,"href":"https:\/\/www.giessegi.com\/de\/wp-json\/wp\/v2\/product_brand?post=56397"},{"taxonomy":"product_cat","embeddable":true,"href":"https:\/\/www.giessegi.com\/de\/wp-json\/wp\/v2\/product_cat?post=56397"},{"taxonomy":"product_tag","embeddable":true,"href":"https:\/\/www.giessegi.com\/de\/wp-json\/wp\/v2\/product_tag?post=56397"},{"taxonomy":"collezione","embeddable":true,"href":"https:\/\/www.giessegi.com\/de\/wp-json\/wp\/v2\/collezione?post=56397"}],"curies":[{"name":"wp","href":"https:\/\/api.w.org\/{rel}","templated":true}]}}