{"id":55691,"date":"2022-10-14T14:45:32","date_gmt":"2022-10-14T12:45:32","guid":{"rendered":"https:\/\/www.giessegi.com\/product\/gallio-kid\/"},"modified":"2023-12-18T11:54:59","modified_gmt":"2023-12-18T10:54:59","slug":"gallio-kid","status":"publish","type":"product","link":"https:\/\/www.giessegi.com\/de\/produkt\/gallio-kid\/","title":{"rendered":"GALLIO &#8211; KID"},"content":{"rendered":"","protected":false},"excerpt":{"rendered":"<p>JACKE XC SKI \u2013 KIND<\/p>\n<p>&nbsp;<\/p>\n<p>Jacke mit atmungsaktivem und weichem Stoff, der maximale Bewegungsfreiheit und W\u00e4rmemanagement erm\u00f6glicht.<\/p>\n<p>Fronttaschen mit Rei\u00dfverschluss<br \/>\nLanger sichtbarer Rei\u00dfverschluss mit selbstsicherndem Schieber<br \/>\nWeicher Bund mit innenliegendem Kordelzug<br \/>\nVorderseite aus Stoff mit atmungsaktiver Membran<br \/>\nwinddicht und wasserabweisend. Warmes Fleece innen, am R\u00fccken und unter den \u00c4rmeln.<\/p>\n<p>&nbsp;<\/p>\n<p>WINDTEST 5\/5<br \/>\nWASSERABWEISEND 3\/5<br \/>\nISOLIERUNG 3\/5<br \/>\nATMUNGSAKTIV 4\/5<\/p>\n","protected":false},"featured_media":55696,"template":"","meta":[],"product_brand":[],"product_cat":[4219,4197,4194],"product_tag":[],"collezione":[],"class_list":{"0":"post-55691","1":"product","2":"type-product","3":"status-publish","4":"has-post-thumbnail","6":"product_cat-custom-de","7":"product_cat-nordisches-skifahren","8":"product_cat-skifahren","11":"first","12":"instock","13":"shipping-taxable","14":"product-type-simple"},"yoast_head":"<!-- This site is optimized with the Yoast SEO plugin v27.3 - https:\/\/yoast.com\/product\/yoast-seo-wordpress\/ -->\n<title>GALLIO - KID | GSG - Giessegi<\/title>\n<meta name=\"robots\" content=\"index, follow, max-snippet:-1, max-image-preview:large, max-video-preview:-1\" \/>\n<link rel=\"canonical\" href=\"https:\/\/www.giessegi.com\/de\/produkt\/gallio-kid\/\" \/>\n<meta property=\"og:locale\" content=\"de_DE\" \/>\n<meta property=\"og:type\" content=\"article\" \/>\n<meta property=\"og:title\" content=\"GALLIO - KID | GSG - Giessegi\" \/>\n<meta property=\"og:description\" content=\"JACKE XC SKI \u2013 KIND  &nbsp;  Jacke mit atmungsaktivem und weichem Stoff, der maximale Bewegungsfreiheit und W\u00e4rmemanagement erm\u00f6glicht.  Fronttaschen mit Rei\u00dfverschluss Langer sichtbarer Rei\u00dfverschluss mit selbstsicherndem Schieber Weicher Bund mit innenliegendem Kordelzug Vorderseite aus Stoff mit atmungsaktiver Membran winddicht und wasserabweisend. Warmes Fleece innen, am R\u00fccken und unter den \u00c4rmeln.  &nbsp;  WINDTEST 5\/5 WASSERABWEISEND 3\/5 ISOLIERUNG 3\/5 ATMUNGSAKTIV 4\/5\" \/>\n<meta property=\"og:url\" content=\"https:\/\/www.giessegi.com\/de\/produkt\/gallio-kid\/\" \/>\n<meta property=\"og:site_name\" content=\"GSG - Giessegi\" \/>\n<meta property=\"article:modified_time\" content=\"2023-12-18T10:54:59+00:00\" \/>\n<meta property=\"og:image\" content=\"https:\/\/www.giessegi.com\/wp-content\/uploads\/2022\/10\/10111_Gallio_fronte.jpg\" \/>\n\t<meta property=\"og:image:width\" content=\"1000\" \/>\n\t<meta property=\"og:image:height\" content=\"1000\" \/>\n\t<meta property=\"og:image:type\" content=\"image\/jpeg\" \/>\n<meta name=\"twitter:card\" content=\"summary_large_image\" \/>\n<meta name=\"twitter:label1\" content=\"Gesch\u00e4tzte Lesezeit\" \/>\n\t<meta name=\"twitter:data1\" content=\"1\u00a0Minute\" \/>\n<script type=\"application\/ld+json\" class=\"yoast-schema-graph\">{\"@context\":\"https:\\\/\\\/schema.org\",\"@graph\":[{\"@type\":\"WebPage\",\"@id\":\"https:\\\/\\\/www.giessegi.com\\\/de\\\/produkt\\\/gallio-kid\\\/\",\"url\":\"https:\\\/\\\/www.giessegi.com\\\/de\\\/produkt\\\/gallio-kid\\\/\",\"name\":\"GALLIO - KID | GSG - Giessegi\",\"isPartOf\":{\"@id\":\"https:\\\/\\\/www.giessegi.com\\\/en\\\/#website\"},\"primaryImageOfPage\":{\"@id\":\"https:\\\/\\\/www.giessegi.com\\\/de\\\/produkt\\\/gallio-kid\\\/#primaryimage\"},\"image\":{\"@id\":\"https:\\\/\\\/www.giessegi.com\\\/de\\\/produkt\\\/gallio-kid\\\/#primaryimage\"},\"thumbnailUrl\":\"https:\\\/\\\/www.giessegi.com\\\/wp-content\\\/uploads\\\/2022\\\/10\\\/10111_Gallio_fronte.jpg\",\"datePublished\":\"2022-10-14T12:45:32+00:00\",\"dateModified\":\"2023-12-18T10:54:59+00:00\",\"breadcrumb\":{\"@id\":\"https:\\\/\\\/www.giessegi.com\\\/de\\\/produkt\\\/gallio-kid\\\/#breadcrumb\"},\"inLanguage\":\"de\",\"potentialAction\":[{\"@type\":\"ReadAction\",\"target\":[\"https:\\\/\\\/www.giessegi.com\\\/de\\\/produkt\\\/gallio-kid\\\/\"]}]},{\"@type\":\"ImageObject\",\"inLanguage\":\"de\",\"@id\":\"https:\\\/\\\/www.giessegi.com\\\/de\\\/produkt\\\/gallio-kid\\\/#primaryimage\",\"url\":\"https:\\\/\\\/www.giessegi.com\\\/wp-content\\\/uploads\\\/2022\\\/10\\\/10111_Gallio_fronte.jpg\",\"contentUrl\":\"https:\\\/\\\/www.giessegi.com\\\/wp-content\\\/uploads\\\/2022\\\/10\\\/10111_Gallio_fronte.jpg\",\"width\":1000,\"height\":1000},{\"@type\":\"BreadcrumbList\",\"@id\":\"https:\\\/\\\/www.giessegi.com\\\/de\\\/produkt\\\/gallio-kid\\\/#breadcrumb\",\"itemListElement\":[{\"@type\":\"ListItem\",\"position\":1,\"name\":\"Home\",\"item\":\"https:\\\/\\\/www.giessegi.com\\\/\"},{\"@type\":\"ListItem\",\"position\":2,\"name\":\"Products\",\"item\":\"https:\\\/\\\/www.giessegi.com\\\/en\\\/shop\\\/\"},{\"@type\":\"ListItem\",\"position\":3,\"name\":\"GALLIO &#8211; KID\"}]},{\"@type\":\"WebSite\",\"@id\":\"https:\\\/\\\/www.giessegi.com\\\/en\\\/#website\",\"url\":\"https:\\\/\\\/www.giessegi.com\\\/en\\\/\",\"name\":\"Giessegi\",\"description\":\"\",\"publisher\":{\"@id\":\"https:\\\/\\\/www.giessegi.com\\\/en\\\/#organization\"},\"potentialAction\":[{\"@type\":\"SearchAction\",\"target\":{\"@type\":\"EntryPoint\",\"urlTemplate\":\"https:\\\/\\\/www.giessegi.com\\\/en\\\/?s={search_term_string}\"},\"query-input\":{\"@type\":\"PropertyValueSpecification\",\"valueRequired\":true,\"valueName\":\"search_term_string\"}}],\"inLanguage\":\"de\"},{\"@type\":\"Organization\",\"@id\":\"https:\\\/\\\/www.giessegi.com\\\/en\\\/#organization\",\"name\":\"Giessegi\",\"url\":\"https:\\\/\\\/www.giessegi.com\\\/en\\\/\",\"logo\":{\"@type\":\"ImageObject\",\"inLanguage\":\"de\",\"@id\":\"https:\\\/\\\/www.giessegi.com\\\/en\\\/#\\\/schema\\\/logo\\\/image\\\/\",\"url\":\"https:\\\/\\\/www.giessegi.com\\\/wp-content\\\/uploads\\\/2022\\\/09\\\/giessegi-logo.jpeg\",\"contentUrl\":\"https:\\\/\\\/www.giessegi.com\\\/wp-content\\\/uploads\\\/2022\\\/09\\\/giessegi-logo.jpeg\",\"width\":175,\"height\":77,\"caption\":\"Giessegi\"},\"image\":{\"@id\":\"https:\\\/\\\/www.giessegi.com\\\/en\\\/#\\\/schema\\\/logo\\\/image\\\/\"}}]}<\/script>\n<!-- \/ Yoast SEO plugin. -->","yoast_head_json":{"title":"GALLIO - KID | GSG - Giessegi","robots":{"index":"index","follow":"follow","max-snippet":"max-snippet:-1","max-image-preview":"max-image-preview:large","max-video-preview":"max-video-preview:-1"},"canonical":"https:\/\/www.giessegi.com\/de\/produkt\/gallio-kid\/","og_locale":"de_DE","og_type":"article","og_title":"GALLIO - KID | GSG - Giessegi","og_description":"JACKE XC SKI \u2013 KIND  &nbsp;  Jacke mit atmungsaktivem und weichem Stoff, der maximale Bewegungsfreiheit und W\u00e4rmemanagement erm\u00f6glicht.  Fronttaschen mit Rei\u00dfverschluss Langer sichtbarer Rei\u00dfverschluss mit selbstsicherndem Schieber Weicher Bund mit innenliegendem Kordelzug Vorderseite aus Stoff mit atmungsaktiver Membran winddicht und wasserabweisend. Warmes Fleece innen, am R\u00fccken und unter den \u00c4rmeln.  &nbsp;  WINDTEST 5\/5 WASSERABWEISEND 3\/5 ISOLIERUNG 3\/5 ATMUNGSAKTIV 4\/5","og_url":"https:\/\/www.giessegi.com\/de\/produkt\/gallio-kid\/","og_site_name":"GSG - Giessegi","article_modified_time":"2023-12-18T10:54:59+00:00","og_image":[{"width":1000,"height":1000,"url":"https:\/\/www.giessegi.com\/wp-content\/uploads\/2022\/10\/10111_Gallio_fronte.jpg","type":"image\/jpeg"}],"twitter_card":"summary_large_image","twitter_misc":{"Gesch\u00e4tzte Lesezeit":"1\u00a0Minute"},"schema":{"@context":"https:\/\/schema.org","@graph":[{"@type":"WebPage","@id":"https:\/\/www.giessegi.com\/de\/produkt\/gallio-kid\/","url":"https:\/\/www.giessegi.com\/de\/produkt\/gallio-kid\/","name":"GALLIO - KID | GSG - Giessegi","isPartOf":{"@id":"https:\/\/www.giessegi.com\/en\/#website"},"primaryImageOfPage":{"@id":"https:\/\/www.giessegi.com\/de\/produkt\/gallio-kid\/#primaryimage"},"image":{"@id":"https:\/\/www.giessegi.com\/de\/produkt\/gallio-kid\/#primaryimage"},"thumbnailUrl":"https:\/\/www.giessegi.com\/wp-content\/uploads\/2022\/10\/10111_Gallio_fronte.jpg","datePublished":"2022-10-14T12:45:32+00:00","dateModified":"2023-12-18T10:54:59+00:00","breadcrumb":{"@id":"https:\/\/www.giessegi.com\/de\/produkt\/gallio-kid\/#breadcrumb"},"inLanguage":"de","potentialAction":[{"@type":"ReadAction","target":["https:\/\/www.giessegi.com\/de\/produkt\/gallio-kid\/"]}]},{"@type":"ImageObject","inLanguage":"de","@id":"https:\/\/www.giessegi.com\/de\/produkt\/gallio-kid\/#primaryimage","url":"https:\/\/www.giessegi.com\/wp-content\/uploads\/2022\/10\/10111_Gallio_fronte.jpg","contentUrl":"https:\/\/www.giessegi.com\/wp-content\/uploads\/2022\/10\/10111_Gallio_fronte.jpg","width":1000,"height":1000},{"@type":"BreadcrumbList","@id":"https:\/\/www.giessegi.com\/de\/produkt\/gallio-kid\/#breadcrumb","itemListElement":[{"@type":"ListItem","position":1,"name":"Home","item":"https:\/\/www.giessegi.com\/"},{"@type":"ListItem","position":2,"name":"Products","item":"https:\/\/www.giessegi.com\/en\/shop\/"},{"@type":"ListItem","position":3,"name":"GALLIO &#8211; KID"}]},{"@type":"WebSite","@id":"https:\/\/www.giessegi.com\/en\/#website","url":"https:\/\/www.giessegi.com\/en\/","name":"Giessegi","description":"","publisher":{"@id":"https:\/\/www.giessegi.com\/en\/#organization"},"potentialAction":[{"@type":"SearchAction","target":{"@type":"EntryPoint","urlTemplate":"https:\/\/www.giessegi.com\/en\/?s={search_term_string}"},"query-input":{"@type":"PropertyValueSpecification","valueRequired":true,"valueName":"search_term_string"}}],"inLanguage":"de"},{"@type":"Organization","@id":"https:\/\/www.giessegi.com\/en\/#organization","name":"Giessegi","url":"https:\/\/www.giessegi.com\/en\/","logo":{"@type":"ImageObject","inLanguage":"de","@id":"https:\/\/www.giessegi.com\/en\/#\/schema\/logo\/image\/","url":"https:\/\/www.giessegi.com\/wp-content\/uploads\/2022\/09\/giessegi-logo.jpeg","contentUrl":"https:\/\/www.giessegi.com\/wp-content\/uploads\/2022\/09\/giessegi-logo.jpeg","width":175,"height":77,"caption":"Giessegi"},"image":{"@id":"https:\/\/www.giessegi.com\/en\/#\/schema\/logo\/image\/"}}]}},"_links":{"self":[{"href":"https:\/\/www.giessegi.com\/de\/wp-json\/wp\/v2\/product\/55691","targetHints":{"allow":["GET"]}}],"collection":[{"href":"https:\/\/www.giessegi.com\/de\/wp-json\/wp\/v2\/product"}],"about":[{"href":"https:\/\/www.giessegi.com\/de\/wp-json\/wp\/v2\/types\/product"}],"wp:featuredmedia":[{"embeddable":true,"href":"https:\/\/www.giessegi.com\/de\/wp-json\/wp\/v2\/media\/55696"}],"wp:attachment":[{"href":"https:\/\/www.giessegi.com\/de\/wp-json\/wp\/v2\/media?parent=55691"}],"wp:term":[{"taxonomy":"product_brand","embeddable":true,"href":"https:\/\/www.giessegi.com\/de\/wp-json\/wp\/v2\/product_brand?post=55691"},{"taxonomy":"product_cat","embeddable":true,"href":"https:\/\/www.giessegi.com\/de\/wp-json\/wp\/v2\/product_cat?post=55691"},{"taxonomy":"product_tag","embeddable":true,"href":"https:\/\/www.giessegi.com\/de\/wp-json\/wp\/v2\/product_tag?post=55691"},{"taxonomy":"collezione","embeddable":true,"href":"https:\/\/www.giessegi.com\/de\/wp-json\/wp\/v2\/collezione?post=55691"}],"curies":[{"name":"wp","href":"https:\/\/api.w.org\/{rel}","templated":true}]}}