{"id":55374,"date":"2022-10-06T14:53:28","date_gmt":"2022-10-06T12:53:28","guid":{"rendered":"https:\/\/www.giessegi.com\/product\/enduro-fit-ls-maglia-ml-enduro\/"},"modified":"2024-09-04T13:52:46","modified_gmt":"2024-09-04T11:52:46","slug":"enduro-ls-enduro-langarm-trikot","status":"publish","type":"product","link":"https:\/\/www.giessegi.com\/de\/produkt\/enduro-ls-enduro-langarm-trikot\/","title":{"rendered":"ENDURO LS \u2013 ENDURO LANGARM TRIKOT"},"content":{"rendered":"","protected":false},"excerpt":{"rendered":"<p>STOFF: Polyester<br \/>\nH\u00dcFTSTOFF: Mesh<br \/>\nKRAGEN: Eingesetzter V-f\u00f6rmig<br \/>\n\u00c4RMEL: mit Silikongummi<br \/>\nENDE DES VORDEREN TRIKOTS: gefalteter und gen\u00e4hter Stoff mit 2 Nadeln<br \/>\nENDE DES R\u00dcCKENS: OPTION: Atmungsaktiveres Material<\/p>\n<p>&nbsp;<\/p>\n<p><strong>TECHNISCHE DETAILS:<\/strong><\/p>\n<ul>\n<li>Mesh-Seiten f\u00fcr mehr Atmungsaktivit\u00e4t.<\/li>\n<li>Eingesetzter V-f\u00f6rmig.<\/li>\n<\/ul>\n","protected":false},"featured_media":62175,"template":"","meta":[],"product_brand":[],"product_cat":[4219,4175,4176],"product_tag":[],"collezione":[],"class_list":{"0":"post-55374","1":"product","2":"type-product","3":"status-publish","4":"has-post-thumbnail","6":"product_cat-custom-de","7":"product_cat-all-road-de","8":"product_cat-hemden","11":"first","12":"instock","13":"shipping-taxable","14":"product-type-simple"},"yoast_head":"<!-- This site is optimized with the Yoast SEO plugin v25.7 - https:\/\/yoast.com\/wordpress\/plugins\/seo\/ -->\n<title>ENDURO LS \u2013 ENDURO LANGARM TRIKOT | GSG - Giessegi<\/title>\n<meta name=\"robots\" content=\"index, follow, max-snippet:-1, max-image-preview:large, max-video-preview:-1\" \/>\n<link rel=\"canonical\" href=\"https:\/\/www.giessegi.com\/de\/produkt\/enduro-ls-enduro-langarm-trikot\/\" \/>\n<meta property=\"og:locale\" content=\"de_DE\" \/>\n<meta property=\"og:type\" content=\"article\" \/>\n<meta property=\"og:title\" content=\"ENDURO LS \u2013 ENDURO LANGARM TRIKOT | GSG - Giessegi\" \/>\n<meta property=\"og:description\" content=\"STOFF: Polyester H\u00dcFTSTOFF: Mesh KRAGEN: Eingesetzter V-f\u00f6rmig \u00c4RMEL: mit Silikongummi ENDE DES VORDEREN TRIKOTS: gefalteter und gen\u00e4hter Stoff mit 2 Nadeln ENDE DES R\u00dcCKENS: OPTION: Atmungsaktiveres Material  &nbsp;  TECHNISCHE DETAILS:   Mesh-Seiten f\u00fcr mehr Atmungsaktivit\u00e4t.  Eingesetzter V-f\u00f6rmig.\" \/>\n<meta property=\"og:url\" content=\"https:\/\/www.giessegi.com\/de\/produkt\/enduro-ls-enduro-langarm-trikot\/\" \/>\n<meta property=\"og:site_name\" content=\"GSG - Giessegi\" \/>\n<meta property=\"article:modified_time\" content=\"2024-09-04T11:52:46+00:00\" \/>\n<meta property=\"og:image\" content=\"https:\/\/www.giessegi.com\/wp-content\/uploads\/2022\/10\/04192_jersey_all-road-ft.jpg\" \/>\n\t<meta property=\"og:image:width\" content=\"1000\" \/>\n\t<meta property=\"og:image:height\" content=\"1000\" \/>\n\t<meta property=\"og:image:type\" content=\"image\/jpeg\" \/>\n<meta name=\"twitter:card\" content=\"summary_large_image\" \/>\n<meta name=\"twitter:label1\" content=\"Gesch\u00e4tzte Lesezeit\" \/>\n\t<meta name=\"twitter:data1\" content=\"1\u00a0Minute\" \/>\n<script type=\"application\/ld+json\" class=\"yoast-schema-graph\">{\"@context\":\"https:\/\/schema.org\",\"@graph\":[{\"@type\":\"WebPage\",\"@id\":\"https:\/\/www.giessegi.com\/de\/produkt\/enduro-ls-enduro-langarm-trikot\/\",\"url\":\"https:\/\/www.giessegi.com\/de\/produkt\/enduro-ls-enduro-langarm-trikot\/\",\"name\":\"ENDURO LS \u2013 ENDURO LANGARM TRIKOT | GSG - Giessegi\",\"isPartOf\":{\"@id\":\"https:\/\/www.giessegi.com\/en\/#website\"},\"primaryImageOfPage\":{\"@id\":\"https:\/\/www.giessegi.com\/de\/produkt\/enduro-ls-enduro-langarm-trikot\/#primaryimage\"},\"image\":{\"@id\":\"https:\/\/www.giessegi.com\/de\/produkt\/enduro-ls-enduro-langarm-trikot\/#primaryimage\"},\"thumbnailUrl\":\"https:\/\/www.giessegi.com\/wp-content\/uploads\/2022\/10\/04192_jersey_all-road-ft.jpg\",\"datePublished\":\"2022-10-06T12:53:28+00:00\",\"dateModified\":\"2024-09-04T11:52:46+00:00\",\"breadcrumb\":{\"@id\":\"https:\/\/www.giessegi.com\/de\/produkt\/enduro-ls-enduro-langarm-trikot\/#breadcrumb\"},\"inLanguage\":\"de\",\"potentialAction\":[{\"@type\":\"ReadAction\",\"target\":[\"https:\/\/www.giessegi.com\/de\/produkt\/enduro-ls-enduro-langarm-trikot\/\"]}]},{\"@type\":\"ImageObject\",\"inLanguage\":\"de\",\"@id\":\"https:\/\/www.giessegi.com\/de\/produkt\/enduro-ls-enduro-langarm-trikot\/#primaryimage\",\"url\":\"https:\/\/www.giessegi.com\/wp-content\/uploads\/2022\/10\/04192_jersey_all-road-ft.jpg\",\"contentUrl\":\"https:\/\/www.giessegi.com\/wp-content\/uploads\/2022\/10\/04192_jersey_all-road-ft.jpg\",\"width\":1000,\"height\":1000},{\"@type\":\"BreadcrumbList\",\"@id\":\"https:\/\/www.giessegi.com\/de\/produkt\/enduro-ls-enduro-langarm-trikot\/#breadcrumb\",\"itemListElement\":[{\"@type\":\"ListItem\",\"position\":1,\"name\":\"Home\",\"item\":\"https:\/\/www.giessegi.com\/de\/\"},{\"@type\":\"ListItem\",\"position\":2,\"name\":\"Products\",\"item\":\"https:\/\/www.giessegi.com\/en\/shop\/\"},{\"@type\":\"ListItem\",\"position\":3,\"name\":\"ENDURO LS \u2013 ENDURO LANGARM TRIKOT\"}]},{\"@type\":\"WebSite\",\"@id\":\"https:\/\/www.giessegi.com\/en\/#website\",\"url\":\"https:\/\/www.giessegi.com\/en\/\",\"name\":\"Giessegi\",\"description\":\"\",\"publisher\":{\"@id\":\"https:\/\/www.giessegi.com\/en\/#organization\"},\"potentialAction\":[{\"@type\":\"SearchAction\",\"target\":{\"@type\":\"EntryPoint\",\"urlTemplate\":\"https:\/\/www.giessegi.com\/en\/?s={search_term_string}\"},\"query-input\":{\"@type\":\"PropertyValueSpecification\",\"valueRequired\":true,\"valueName\":\"search_term_string\"}}],\"inLanguage\":\"de\"},{\"@type\":\"Organization\",\"@id\":\"https:\/\/www.giessegi.com\/en\/#organization\",\"name\":\"Giessegi\",\"url\":\"https:\/\/www.giessegi.com\/en\/\",\"logo\":{\"@type\":\"ImageObject\",\"inLanguage\":\"de\",\"@id\":\"https:\/\/www.giessegi.com\/en\/#\/schema\/logo\/image\/\",\"url\":\"https:\/\/www.giessegi.com\/wp-content\/uploads\/2022\/09\/giessegi-logo.jpeg\",\"contentUrl\":\"https:\/\/www.giessegi.com\/wp-content\/uploads\/2022\/09\/giessegi-logo.jpeg\",\"width\":175,\"height\":77,\"caption\":\"Giessegi\"},\"image\":{\"@id\":\"https:\/\/www.giessegi.com\/en\/#\/schema\/logo\/image\/\"}}]}<\/script>\n<!-- \/ Yoast SEO plugin. -->","yoast_head_json":{"title":"ENDURO LS \u2013 ENDURO LANGARM TRIKOT | GSG - Giessegi","robots":{"index":"index","follow":"follow","max-snippet":"max-snippet:-1","max-image-preview":"max-image-preview:large","max-video-preview":"max-video-preview:-1"},"canonical":"https:\/\/www.giessegi.com\/de\/produkt\/enduro-ls-enduro-langarm-trikot\/","og_locale":"de_DE","og_type":"article","og_title":"ENDURO LS \u2013 ENDURO LANGARM TRIKOT | GSG - Giessegi","og_description":"STOFF: Polyester H\u00dcFTSTOFF: Mesh KRAGEN: Eingesetzter V-f\u00f6rmig \u00c4RMEL: mit Silikongummi ENDE DES VORDEREN TRIKOTS: gefalteter und gen\u00e4hter Stoff mit 2 Nadeln ENDE DES R\u00dcCKENS: OPTION: Atmungsaktiveres Material  &nbsp;  TECHNISCHE DETAILS:   Mesh-Seiten f\u00fcr mehr Atmungsaktivit\u00e4t.  Eingesetzter V-f\u00f6rmig.","og_url":"https:\/\/www.giessegi.com\/de\/produkt\/enduro-ls-enduro-langarm-trikot\/","og_site_name":"GSG - Giessegi","article_modified_time":"2024-09-04T11:52:46+00:00","og_image":[{"width":1000,"height":1000,"url":"https:\/\/www.giessegi.com\/wp-content\/uploads\/2022\/10\/04192_jersey_all-road-ft.jpg","type":"image\/jpeg"}],"twitter_card":"summary_large_image","twitter_misc":{"Gesch\u00e4tzte Lesezeit":"1\u00a0Minute"},"schema":{"@context":"https:\/\/schema.org","@graph":[{"@type":"WebPage","@id":"https:\/\/www.giessegi.com\/de\/produkt\/enduro-ls-enduro-langarm-trikot\/","url":"https:\/\/www.giessegi.com\/de\/produkt\/enduro-ls-enduro-langarm-trikot\/","name":"ENDURO LS \u2013 ENDURO LANGARM TRIKOT | GSG - Giessegi","isPartOf":{"@id":"https:\/\/www.giessegi.com\/en\/#website"},"primaryImageOfPage":{"@id":"https:\/\/www.giessegi.com\/de\/produkt\/enduro-ls-enduro-langarm-trikot\/#primaryimage"},"image":{"@id":"https:\/\/www.giessegi.com\/de\/produkt\/enduro-ls-enduro-langarm-trikot\/#primaryimage"},"thumbnailUrl":"https:\/\/www.giessegi.com\/wp-content\/uploads\/2022\/10\/04192_jersey_all-road-ft.jpg","datePublished":"2022-10-06T12:53:28+00:00","dateModified":"2024-09-04T11:52:46+00:00","breadcrumb":{"@id":"https:\/\/www.giessegi.com\/de\/produkt\/enduro-ls-enduro-langarm-trikot\/#breadcrumb"},"inLanguage":"de","potentialAction":[{"@type":"ReadAction","target":["https:\/\/www.giessegi.com\/de\/produkt\/enduro-ls-enduro-langarm-trikot\/"]}]},{"@type":"ImageObject","inLanguage":"de","@id":"https:\/\/www.giessegi.com\/de\/produkt\/enduro-ls-enduro-langarm-trikot\/#primaryimage","url":"https:\/\/www.giessegi.com\/wp-content\/uploads\/2022\/10\/04192_jersey_all-road-ft.jpg","contentUrl":"https:\/\/www.giessegi.com\/wp-content\/uploads\/2022\/10\/04192_jersey_all-road-ft.jpg","width":1000,"height":1000},{"@type":"BreadcrumbList","@id":"https:\/\/www.giessegi.com\/de\/produkt\/enduro-ls-enduro-langarm-trikot\/#breadcrumb","itemListElement":[{"@type":"ListItem","position":1,"name":"Home","item":"https:\/\/www.giessegi.com\/de\/"},{"@type":"ListItem","position":2,"name":"Products","item":"https:\/\/www.giessegi.com\/en\/shop\/"},{"@type":"ListItem","position":3,"name":"ENDURO LS \u2013 ENDURO LANGARM TRIKOT"}]},{"@type":"WebSite","@id":"https:\/\/www.giessegi.com\/en\/#website","url":"https:\/\/www.giessegi.com\/en\/","name":"Giessegi","description":"","publisher":{"@id":"https:\/\/www.giessegi.com\/en\/#organization"},"potentialAction":[{"@type":"SearchAction","target":{"@type":"EntryPoint","urlTemplate":"https:\/\/www.giessegi.com\/en\/?s={search_term_string}"},"query-input":{"@type":"PropertyValueSpecification","valueRequired":true,"valueName":"search_term_string"}}],"inLanguage":"de"},{"@type":"Organization","@id":"https:\/\/www.giessegi.com\/en\/#organization","name":"Giessegi","url":"https:\/\/www.giessegi.com\/en\/","logo":{"@type":"ImageObject","inLanguage":"de","@id":"https:\/\/www.giessegi.com\/en\/#\/schema\/logo\/image\/","url":"https:\/\/www.giessegi.com\/wp-content\/uploads\/2022\/09\/giessegi-logo.jpeg","contentUrl":"https:\/\/www.giessegi.com\/wp-content\/uploads\/2022\/09\/giessegi-logo.jpeg","width":175,"height":77,"caption":"Giessegi"},"image":{"@id":"https:\/\/www.giessegi.com\/en\/#\/schema\/logo\/image\/"}}]}},"_links":{"self":[{"href":"https:\/\/www.giessegi.com\/de\/wp-json\/wp\/v2\/product\/55374","targetHints":{"allow":["GET"]}}],"collection":[{"href":"https:\/\/www.giessegi.com\/de\/wp-json\/wp\/v2\/product"}],"about":[{"href":"https:\/\/www.giessegi.com\/de\/wp-json\/wp\/v2\/types\/product"}],"wp:featuredmedia":[{"embeddable":true,"href":"https:\/\/www.giessegi.com\/de\/wp-json\/wp\/v2\/media\/62175"}],"wp:attachment":[{"href":"https:\/\/www.giessegi.com\/de\/wp-json\/wp\/v2\/media?parent=55374"}],"wp:term":[{"taxonomy":"product_brand","embeddable":true,"href":"https:\/\/www.giessegi.com\/de\/wp-json\/wp\/v2\/product_brand?post=55374"},{"taxonomy":"product_cat","embeddable":true,"href":"https:\/\/www.giessegi.com\/de\/wp-json\/wp\/v2\/product_cat?post=55374"},{"taxonomy":"product_tag","embeddable":true,"href":"https:\/\/www.giessegi.com\/de\/wp-json\/wp\/v2\/product_tag?post=55374"},{"taxonomy":"collezione","embeddable":true,"href":"https:\/\/www.giessegi.com\/de\/wp-json\/wp\/v2\/collezione?post=55374"}],"curies":[{"name":"wp","href":"https:\/\/api.w.org\/{rel}","templated":true}]}}