{"id":55140,"date":"2022-10-17T15:22:20","date_gmt":"2022-10-17T13:22:20","guid":{"rendered":"https:\/\/www.giessegi.com\/product\/colo\/"},"modified":"2023-12-18T11:01:20","modified_gmt":"2023-12-18T10:01:20","slug":"colo","status":"publish","type":"product","link":"https:\/\/www.giessegi.com\/de\/produkt\/colo\/","title":{"rendered":"COLO&#8217;"},"content":{"rendered":"","protected":false},"excerpt":{"rendered":"<p>LEICHTE UNISEX-JACKE MIT VERSIEGELTEN N\u00c4HTEN<\/p>\n<p>&nbsp;<\/p>\n<p>Diese Thermojacke ist f\u00fcr diejenigen gedacht, die sowohl bei winterlichen Bedingungen mit K\u00e4lte und Schnee als auch bei Fr\u00fchlingsbedingungen, w\u00e4rmer und feuchter, Ski fahren m\u00f6chten.<br \/>\nDer Stoff ist in der Tat ein dreilagiges eVent mit einer Wassers\u00e4ule von 20.000 mm und einer Atmungsaktivit\u00e4t von 15.000 g \/ m\u00b2 in 24 Stunden.<br \/>\nDie N\u00e4hte sind alle wasserdicht.<br \/>\nDie Rei\u00dfverschl\u00fcsse sind wasserdicht und es gibt zwei Fronttaschen.\u00a0 Im Inneren befinden sich zwei praktische Taschen zur Aufbewahrung pers\u00f6nlicher Gegenst\u00e4nde.<br \/>\nDer Schnitt des Kleidungsst\u00fccks ist ergonomisch, die Kapuze ist breit, um den Helm zu bedecken, und kann mit einem Schl\u00fcsselband festgezogen werden.<br \/>\nDie \u00c4rmelabschl\u00fcsse k\u00f6nnen mit Klettverschluss festgezogen oder erweitert werden, w\u00e4hrend das B\u00fcndchen aus warmem, elastischem Stoff die H\u00e4nde vor K\u00e4lte sch\u00fctzt.<br \/>\nSogar die Taille kann mittels eines Schl\u00fcsselbandes festgezogen werden.<\/p>\n<p>WINDDICHT 5\/5<br \/>\nWASSERABWEISEND\u00a0 4\/5<br \/>\nISOLIERUNG 3\/5<br \/>\nATMUNGSAKTIV 3\/5<\/p>\n","protected":false},"featured_media":55141,"template":"","meta":[],"product_brand":[],"product_cat":[4219,4196,4194],"product_tag":[],"collezione":[],"class_list":{"0":"post-55140","1":"product","2":"type-product","3":"status-publish","4":"has-post-thumbnail","6":"product_cat-custom-de","7":"product_cat-ski-alpin","8":"product_cat-skifahren","11":"first","12":"instock","13":"shipping-taxable","14":"product-type-simple"},"yoast_head":"<!-- This site is optimized with the Yoast SEO plugin v27.3 - https:\/\/yoast.com\/product\/yoast-seo-wordpress\/ -->\n<title>COLO&#039; | GSG - Giessegi<\/title>\n<meta name=\"robots\" content=\"index, follow, max-snippet:-1, max-image-preview:large, max-video-preview:-1\" \/>\n<link rel=\"canonical\" href=\"https:\/\/www.giessegi.com\/de\/produkt\/colo\/\" \/>\n<meta property=\"og:locale\" content=\"de_DE\" \/>\n<meta property=\"og:type\" content=\"article\" \/>\n<meta property=\"og:title\" content=\"COLO&#039; | GSG - Giessegi\" \/>\n<meta property=\"og:description\" content=\"LEICHTE UNISEX-JACKE MIT VERSIEGELTEN N\u00c4HTEN  &nbsp;  Diese Thermojacke ist f\u00fcr diejenigen gedacht, die sowohl bei winterlichen Bedingungen mit K\u00e4lte und Schnee als auch bei Fr\u00fchlingsbedingungen, w\u00e4rmer und feuchter, Ski fahren m\u00f6chten. Der Stoff ist in der Tat ein dreilagiges eVent mit einer Wassers\u00e4ule von 20.000 mm und einer Atmungsaktivit\u00e4t von 15.000 g \/ m\u00b2 in 24 Stunden. Die N\u00e4hte sind alle wasserdicht. Die Rei\u00dfverschl\u00fcsse sind wasserdicht und es gibt zwei Fronttaschen.\u00a0 Im Inneren befinden sich zwei praktische Taschen zur Aufbewahrung pers\u00f6nlicher Gegenst\u00e4nde. Der Schnitt des Kleidungsst\u00fccks ist ergonomisch, die Kapuze ist breit, um den Helm zu bedecken, und kann mit einem Schl\u00fcsselband festgezogen werden. Die \u00c4rmelabschl\u00fcsse k\u00f6nnen mit Klettverschluss festgezogen oder erweitert werden, w\u00e4hrend das B\u00fcndchen aus warmem, elastischem Stoff die H\u00e4nde vor K\u00e4lte sch\u00fctzt. Sogar die Taille kann mittels eines Schl\u00fcsselbandes festgezogen werden.  WINDDICHT 5\/5 WASSERABWEISEND\u00a0 4\/5 ISOLIERUNG 3\/5 ATMUNGSAKTIV 3\/5\" \/>\n<meta property=\"og:url\" content=\"https:\/\/www.giessegi.com\/de\/produkt\/colo\/\" \/>\n<meta property=\"og:site_name\" content=\"GSG - Giessegi\" \/>\n<meta property=\"article:modified_time\" content=\"2023-12-18T10:01:20+00:00\" \/>\n<meta property=\"og:image\" content=\"https:\/\/www.giessegi.com\/wp-content\/uploads\/2022\/10\/10145_Colo_fronte.jpg\" \/>\n\t<meta property=\"og:image:width\" content=\"1000\" \/>\n\t<meta property=\"og:image:height\" content=\"1000\" \/>\n\t<meta property=\"og:image:type\" content=\"image\/jpeg\" \/>\n<meta name=\"twitter:card\" content=\"summary_large_image\" \/>\n<meta name=\"twitter:label1\" content=\"Gesch\u00e4tzte Lesezeit\" \/>\n\t<meta name=\"twitter:data1\" content=\"1\u00a0Minute\" \/>\n<script type=\"application\/ld+json\" class=\"yoast-schema-graph\">{\"@context\":\"https:\\\/\\\/schema.org\",\"@graph\":[{\"@type\":\"WebPage\",\"@id\":\"https:\\\/\\\/www.giessegi.com\\\/de\\\/produkt\\\/colo\\\/\",\"url\":\"https:\\\/\\\/www.giessegi.com\\\/de\\\/produkt\\\/colo\\\/\",\"name\":\"COLO' | GSG - Giessegi\",\"isPartOf\":{\"@id\":\"https:\\\/\\\/www.giessegi.com\\\/en\\\/#website\"},\"primaryImageOfPage\":{\"@id\":\"https:\\\/\\\/www.giessegi.com\\\/de\\\/produkt\\\/colo\\\/#primaryimage\"},\"image\":{\"@id\":\"https:\\\/\\\/www.giessegi.com\\\/de\\\/produkt\\\/colo\\\/#primaryimage\"},\"thumbnailUrl\":\"https:\\\/\\\/www.giessegi.com\\\/wp-content\\\/uploads\\\/2022\\\/10\\\/10145_Colo_fronte.jpg\",\"datePublished\":\"2022-10-17T13:22:20+00:00\",\"dateModified\":\"2023-12-18T10:01:20+00:00\",\"breadcrumb\":{\"@id\":\"https:\\\/\\\/www.giessegi.com\\\/de\\\/produkt\\\/colo\\\/#breadcrumb\"},\"inLanguage\":\"de\",\"potentialAction\":[{\"@type\":\"ReadAction\",\"target\":[\"https:\\\/\\\/www.giessegi.com\\\/de\\\/produkt\\\/colo\\\/\"]}]},{\"@type\":\"ImageObject\",\"inLanguage\":\"de\",\"@id\":\"https:\\\/\\\/www.giessegi.com\\\/de\\\/produkt\\\/colo\\\/#primaryimage\",\"url\":\"https:\\\/\\\/www.giessegi.com\\\/wp-content\\\/uploads\\\/2022\\\/10\\\/10145_Colo_fronte.jpg\",\"contentUrl\":\"https:\\\/\\\/www.giessegi.com\\\/wp-content\\\/uploads\\\/2022\\\/10\\\/10145_Colo_fronte.jpg\",\"width\":1000,\"height\":1000},{\"@type\":\"BreadcrumbList\",\"@id\":\"https:\\\/\\\/www.giessegi.com\\\/de\\\/produkt\\\/colo\\\/#breadcrumb\",\"itemListElement\":[{\"@type\":\"ListItem\",\"position\":1,\"name\":\"Home\",\"item\":\"https:\\\/\\\/www.giessegi.com\\\/\"},{\"@type\":\"ListItem\",\"position\":2,\"name\":\"Products\",\"item\":\"https:\\\/\\\/www.giessegi.com\\\/en\\\/shop\\\/\"},{\"@type\":\"ListItem\",\"position\":3,\"name\":\"COLO&#8217;\"}]},{\"@type\":\"WebSite\",\"@id\":\"https:\\\/\\\/www.giessegi.com\\\/en\\\/#website\",\"url\":\"https:\\\/\\\/www.giessegi.com\\\/en\\\/\",\"name\":\"Giessegi\",\"description\":\"\",\"publisher\":{\"@id\":\"https:\\\/\\\/www.giessegi.com\\\/en\\\/#organization\"},\"potentialAction\":[{\"@type\":\"SearchAction\",\"target\":{\"@type\":\"EntryPoint\",\"urlTemplate\":\"https:\\\/\\\/www.giessegi.com\\\/en\\\/?s={search_term_string}\"},\"query-input\":{\"@type\":\"PropertyValueSpecification\",\"valueRequired\":true,\"valueName\":\"search_term_string\"}}],\"inLanguage\":\"de\"},{\"@type\":\"Organization\",\"@id\":\"https:\\\/\\\/www.giessegi.com\\\/en\\\/#organization\",\"name\":\"Giessegi\",\"url\":\"https:\\\/\\\/www.giessegi.com\\\/en\\\/\",\"logo\":{\"@type\":\"ImageObject\",\"inLanguage\":\"de\",\"@id\":\"https:\\\/\\\/www.giessegi.com\\\/en\\\/#\\\/schema\\\/logo\\\/image\\\/\",\"url\":\"https:\\\/\\\/www.giessegi.com\\\/wp-content\\\/uploads\\\/2022\\\/09\\\/giessegi-logo.jpeg\",\"contentUrl\":\"https:\\\/\\\/www.giessegi.com\\\/wp-content\\\/uploads\\\/2022\\\/09\\\/giessegi-logo.jpeg\",\"width\":175,\"height\":77,\"caption\":\"Giessegi\"},\"image\":{\"@id\":\"https:\\\/\\\/www.giessegi.com\\\/en\\\/#\\\/schema\\\/logo\\\/image\\\/\"}}]}<\/script>\n<!-- \/ Yoast SEO plugin. -->","yoast_head_json":{"title":"COLO' | GSG - Giessegi","robots":{"index":"index","follow":"follow","max-snippet":"max-snippet:-1","max-image-preview":"max-image-preview:large","max-video-preview":"max-video-preview:-1"},"canonical":"https:\/\/www.giessegi.com\/de\/produkt\/colo\/","og_locale":"de_DE","og_type":"article","og_title":"COLO' | GSG - Giessegi","og_description":"LEICHTE UNISEX-JACKE MIT VERSIEGELTEN N\u00c4HTEN  &nbsp;  Diese Thermojacke ist f\u00fcr diejenigen gedacht, die sowohl bei winterlichen Bedingungen mit K\u00e4lte und Schnee als auch bei Fr\u00fchlingsbedingungen, w\u00e4rmer und feuchter, Ski fahren m\u00f6chten. Der Stoff ist in der Tat ein dreilagiges eVent mit einer Wassers\u00e4ule von 20.000 mm und einer Atmungsaktivit\u00e4t von 15.000 g \/ m\u00b2 in 24 Stunden. Die N\u00e4hte sind alle wasserdicht. Die Rei\u00dfverschl\u00fcsse sind wasserdicht und es gibt zwei Fronttaschen.\u00a0 Im Inneren befinden sich zwei praktische Taschen zur Aufbewahrung pers\u00f6nlicher Gegenst\u00e4nde. Der Schnitt des Kleidungsst\u00fccks ist ergonomisch, die Kapuze ist breit, um den Helm zu bedecken, und kann mit einem Schl\u00fcsselband festgezogen werden. Die \u00c4rmelabschl\u00fcsse k\u00f6nnen mit Klettverschluss festgezogen oder erweitert werden, w\u00e4hrend das B\u00fcndchen aus warmem, elastischem Stoff die H\u00e4nde vor K\u00e4lte sch\u00fctzt. Sogar die Taille kann mittels eines Schl\u00fcsselbandes festgezogen werden.  WINDDICHT 5\/5 WASSERABWEISEND\u00a0 4\/5 ISOLIERUNG 3\/5 ATMUNGSAKTIV 3\/5","og_url":"https:\/\/www.giessegi.com\/de\/produkt\/colo\/","og_site_name":"GSG - Giessegi","article_modified_time":"2023-12-18T10:01:20+00:00","og_image":[{"width":1000,"height":1000,"url":"https:\/\/www.giessegi.com\/wp-content\/uploads\/2022\/10\/10145_Colo_fronte.jpg","type":"image\/jpeg"}],"twitter_card":"summary_large_image","twitter_misc":{"Gesch\u00e4tzte Lesezeit":"1\u00a0Minute"},"schema":{"@context":"https:\/\/schema.org","@graph":[{"@type":"WebPage","@id":"https:\/\/www.giessegi.com\/de\/produkt\/colo\/","url":"https:\/\/www.giessegi.com\/de\/produkt\/colo\/","name":"COLO' | GSG - Giessegi","isPartOf":{"@id":"https:\/\/www.giessegi.com\/en\/#website"},"primaryImageOfPage":{"@id":"https:\/\/www.giessegi.com\/de\/produkt\/colo\/#primaryimage"},"image":{"@id":"https:\/\/www.giessegi.com\/de\/produkt\/colo\/#primaryimage"},"thumbnailUrl":"https:\/\/www.giessegi.com\/wp-content\/uploads\/2022\/10\/10145_Colo_fronte.jpg","datePublished":"2022-10-17T13:22:20+00:00","dateModified":"2023-12-18T10:01:20+00:00","breadcrumb":{"@id":"https:\/\/www.giessegi.com\/de\/produkt\/colo\/#breadcrumb"},"inLanguage":"de","potentialAction":[{"@type":"ReadAction","target":["https:\/\/www.giessegi.com\/de\/produkt\/colo\/"]}]},{"@type":"ImageObject","inLanguage":"de","@id":"https:\/\/www.giessegi.com\/de\/produkt\/colo\/#primaryimage","url":"https:\/\/www.giessegi.com\/wp-content\/uploads\/2022\/10\/10145_Colo_fronte.jpg","contentUrl":"https:\/\/www.giessegi.com\/wp-content\/uploads\/2022\/10\/10145_Colo_fronte.jpg","width":1000,"height":1000},{"@type":"BreadcrumbList","@id":"https:\/\/www.giessegi.com\/de\/produkt\/colo\/#breadcrumb","itemListElement":[{"@type":"ListItem","position":1,"name":"Home","item":"https:\/\/www.giessegi.com\/"},{"@type":"ListItem","position":2,"name":"Products","item":"https:\/\/www.giessegi.com\/en\/shop\/"},{"@type":"ListItem","position":3,"name":"COLO&#8217;"}]},{"@type":"WebSite","@id":"https:\/\/www.giessegi.com\/en\/#website","url":"https:\/\/www.giessegi.com\/en\/","name":"Giessegi","description":"","publisher":{"@id":"https:\/\/www.giessegi.com\/en\/#organization"},"potentialAction":[{"@type":"SearchAction","target":{"@type":"EntryPoint","urlTemplate":"https:\/\/www.giessegi.com\/en\/?s={search_term_string}"},"query-input":{"@type":"PropertyValueSpecification","valueRequired":true,"valueName":"search_term_string"}}],"inLanguage":"de"},{"@type":"Organization","@id":"https:\/\/www.giessegi.com\/en\/#organization","name":"Giessegi","url":"https:\/\/www.giessegi.com\/en\/","logo":{"@type":"ImageObject","inLanguage":"de","@id":"https:\/\/www.giessegi.com\/en\/#\/schema\/logo\/image\/","url":"https:\/\/www.giessegi.com\/wp-content\/uploads\/2022\/09\/giessegi-logo.jpeg","contentUrl":"https:\/\/www.giessegi.com\/wp-content\/uploads\/2022\/09\/giessegi-logo.jpeg","width":175,"height":77,"caption":"Giessegi"},"image":{"@id":"https:\/\/www.giessegi.com\/en\/#\/schema\/logo\/image\/"}}]}},"_links":{"self":[{"href":"https:\/\/www.giessegi.com\/de\/wp-json\/wp\/v2\/product\/55140","targetHints":{"allow":["GET"]}}],"collection":[{"href":"https:\/\/www.giessegi.com\/de\/wp-json\/wp\/v2\/product"}],"about":[{"href":"https:\/\/www.giessegi.com\/de\/wp-json\/wp\/v2\/types\/product"}],"wp:featuredmedia":[{"embeddable":true,"href":"https:\/\/www.giessegi.com\/de\/wp-json\/wp\/v2\/media\/55141"}],"wp:attachment":[{"href":"https:\/\/www.giessegi.com\/de\/wp-json\/wp\/v2\/media?parent=55140"}],"wp:term":[{"taxonomy":"product_brand","embeddable":true,"href":"https:\/\/www.giessegi.com\/de\/wp-json\/wp\/v2\/product_brand?post=55140"},{"taxonomy":"product_cat","embeddable":true,"href":"https:\/\/www.giessegi.com\/de\/wp-json\/wp\/v2\/product_cat?post=55140"},{"taxonomy":"product_tag","embeddable":true,"href":"https:\/\/www.giessegi.com\/de\/wp-json\/wp\/v2\/product_tag?post=55140"},{"taxonomy":"collezione","embeddable":true,"href":"https:\/\/www.giessegi.com\/de\/wp-json\/wp\/v2\/collezione?post=55140"}],"curies":[{"name":"wp","href":"https:\/\/api.w.org\/{rel}","templated":true}]}}