{"id":57620,"date":"2022-09-13T15:41:24","date_gmt":"2022-09-13T13:41:24","guid":{"rendered":"https:\/\/www.giessegi.com\/termini-e-condizioni\/"},"modified":"2023-10-17T14:30:28","modified_gmt":"2023-10-17T12:30:28","slug":"geschaeftsbedingungen","status":"publish","type":"page","link":"https:\/\/www.giessegi.com\/de\/geschaeftsbedingungen\/","title":{"rendered":"Gesch\u00e4ftsbedingungen"},"content":{"rendered":"\t\t<div data-elementor-type=\"wp-page\" data-elementor-id=\"57620\" class=\"elementor elementor-57620 elementor-35672\">\n\t\t\t\t\t\t<section class=\"elementor-section elementor-top-section elementor-element elementor-element-625acae elementor-section-boxed elementor-section-height-default elementor-section-height-default\" data-id=\"625acae\" data-element_type=\"section\" data-e-type=\"section\">\n\t\t\t\t\t\t<div class=\"elementor-container elementor-column-gap-default\">\n\t\t\t\t\t<div class=\"elementor-column elementor-col-100 elementor-top-column elementor-element elementor-element-21a3f9f\" data-id=\"21a3f9f\" data-element_type=\"column\" data-e-type=\"column\">\n\t\t\t<div class=\"elementor-widget-wrap elementor-element-populated\">\n\t\t\t\t\t\t<div class=\"elementor-element elementor-element-54afdf4 elementor-widget elementor-widget-text-editor\" data-id=\"54afdf4\" data-element_type=\"widget\" data-e-type=\"widget\" data-widget_type=\"text-editor.default\">\n\t\t\t\t<div class=\"elementor-widget-container\">\n\t\t\t\t\t\t\t\t\t<strong>Deine Rechte<\/strong>\nGiessegi s.r.l. ist ein italienisches Unternehmen, das die Gesetze zum Schutz der Rechte italienischer und europ\u00e4ischer Verbraucher anwendet, einschlie\u00dflich der Gesetze zur Regelung des Fernabsatzes. Das bedeutet, dass Eink\u00e4ufe im E-Shop sicher sind. Durch den Besuch unserer Website akzeptieren Sie den Inhalt dieser Allgemeinen Gesch\u00e4ftsbedingungen und stimmen diesen zu. Unsere Allgemeinen Gesch\u00e4ftsbedingungen haben keinen Einfluss auf Ihre gesetzlichen Rechte.\n\n<strong>Kreditkartensicherheit<\/strong>\nGiessegi respektiert das Thema Sicherheit bei Online-Eink\u00e4ufen und trifft Vorkehrungen, um sicherzustellen, dass die Zahlungsinformationen der Kunden vertraulich und korrekt verarbeitet werden. Sensible Daten zu Ihren Zahlungen werden von Giessegi s.r.l. gespeichert. dem Gesetz zufolge. Dar\u00fcber hinaus gibt es ein Auditprogramm, das eine unabh\u00e4ngige und regelm\u00e4\u00dfige Bewertung der Infrastruktur und aller Prozesse beinhaltet, um sicherzustellen, dass sie den Anforderungen des internationalen Standards f\u00fcr Online-Zahlungen entsprechen und gen\u00fcgen. Bitte beachten Sie, dass Sie im Interesse der Kreditkartensicherheit m\u00f6glicherweise vor dem Versand Ihrer Bestellung kontaktiert werden, um zus\u00e4tzliche Informationen anzufordern.\n\n<strong>Datenschutzrichtlinie<\/strong>\nAuf der Grundlage des Datenschutzgesetzes ergreift Giessegi Sicherheitsverfahren bei der Aufbewahrung und Offenlegung der uns zur Verf\u00fcgung gestellten Informationen. Wenn Sie eine Bestellung aufgeben, werden Sie nach einigen pers\u00f6nlichen Daten gefragt, wie z. B. Ihrem Namen, Ihrer E-Mail-Adresse, Rechnungsadresse, Lieferadresse, Kredit- oder Debitkartennummer und anderen Daten. Dadurch ist es Ihnen m\u00f6glich, Bestellungen zu bearbeiten, auszuf\u00fchren und zu avisieren. F\u00fcr den Fall, dass eine telefonische Kontaktaufnahme mit dem Kunden erforderlich ist, ben\u00f6tigen wir au\u00dferdem eine Telefonnummer (Festnetz oder Mobilfunk). Bei internationalen Bestellungen kann diese Nummer Partnerkurieren anvertraut werden, um bei der Lieferung der Waren behilflich zu sein. Giessegi s.r.l. wird diese Daten zu keinem anderen Zweck als der Bearbeitung der Bestellung oder um Sie \u00fcber die Produkte und Dienstleistungen von Giessegi zu informieren, verwenden. Eine Weitergabe der Daten an Dritte zu Gewinnzwecken oder aus anderen Gr\u00fcnden erfolgt nicht. Im Rahmen unserer Sicherheitsverfahren werden Sie m\u00f6glicherweise gelegentlich kontaktiert und gebeten, Sicherheitsfragen zu beantworten oder einen Identit\u00e4tsnachweis vorzulegen, bevor vertrauliche Kundeninformationen preisgegeben werden. Zur Verbesserung des GSG-Services k\u00f6nnen sowohl eingehende als auch ausgehende Telefongespr\u00e4che und E-Mails zu Schulungszwecken aufgezeichnet bzw. \u00fcberwacht werden.\n\n<strong>Cookies<\/strong>\nDas Online-Bestellsystem nutzt Cookies, um eine eindeutige Referenz auf dem Ger\u00e4t zu registrieren, sodass die Bestellung nachverfolgt werden kann, sobald der Kunde dasselbe System nutzt. Dieses im System gespeicherte Cookie ist nur f\u00fcr einen einzigen Besuch g\u00fcltig und jeder neue Besuch f\u00fchrt zu einem neuen Cookie, das alle vorherigen Registrierungen \u00fcberschreibt, die durch einen fr\u00fcheren Besuch auf der Giessegi-Website generiert wurden. Wenn Ihr Internetbrowser so eingestellt ist, dass er Cookies ablehnt oder Ihre Netzwerk-Firewall dies nicht zul\u00e4sst, k\u00f6nnen Sie unseren Online-Shop leider nicht nutzen. Bitte lesen Sie im Hilfebereich Ihres Internetbrowsers nach, wie Sie Cookies auf Ihrem Ger\u00e4t aktivieren. Um die Website zu \u00fcberwachen und zu verbessern, k\u00f6nnen einige Kundeninformationen analysiert werden. Zu diesen Informationen geh\u00f6ren Angaben zum Domainnamen und zur IP-Adresse, zum Betriebssystem, zum Browser und zur zuletzt besuchten Website-Version. Dies kann die Verwendung eines Cookies beinhalten, das am Ende der Browsersitzung nicht abl\u00e4uft.\n\n<strong>Eigentum an Informationen<\/strong>\nAlle Bilder und Beschreibungen der Website sind Eigentum von Giessegi und d\u00fcrfen ohne ausdr\u00fcckliche Genehmigung von Giessegi nicht von Dritten verwendet werden. Die Nutzung der Giessegi-Website ist ausschlie\u00dflich dem Endbenutzer zur ausschlie\u00dflichen Ansicht vorbehalten. Die Nutzung jeglicher Inhalte oder Preise f\u00fcr automatisierte Prozesse, wie zum Beispiel Spidering, stellt einen Versto\u00df gegen das Urheberrecht dar und ist ausdr\u00fccklich untersagt, sofern nicht ausdr\u00fccklich mit Giessegi vereinbart oder Giessegi ausdr\u00fccklich seine Zustimmung erteilt hat.\n\n<strong>Genauigkeit der Informationen<\/strong>\nObwohl es Giessegis Ziel ist, 100 % genaue Bilder und Beschreibungen zu liefern, k\u00f6nnen manchmal Fehler auftreten. Melden Sie daher bitte etwaige falsche Informationen an GSG. Wenn ein Kunde ein Produkt aufgrund eines Fotos oder einer Beschreibung auf der Website gekauft hat, die sich als falsch herausstellt, wird GSG das Produkt gerne ersetzen oder erstatten.\n\n<strong>\u00c4nderungen<\/strong>\nWenn Giessegi die Allgemeinen Gesch\u00e4ftsbedingungen \u00e4ndert, ver\u00f6ffentlicht es die \u00c4nderungen auf dieser Seite, damit Kunden dar\u00fcber informiert sind, welche Informationen gesammelt werden, wie sie verwendet werden und unter welchen Umst\u00e4nden sie offengelegt werden.\n\n<strong>Nutzung der Website<\/strong>\nGiessegi lehnt jegliche Haftung f\u00fcr Sch\u00e4den jeglicher Art, Entsch\u00e4digungen, direkte, indirekte oder Folgesch\u00e4den, Daten-, Einkommens- oder Gewinnverluste, Verluste oder Sch\u00e4den an Eigentum sowie stillschweigende oder explizite Anspr\u00fcche Dritter im Zusammenhang mit der Nutzung dieser Website ab.\t\t\t\t\t\t\t\t<\/div>\n\t\t\t\t<\/div>\n\t\t\t\t\t<\/div>\n\t\t<\/div>\n\t\t\t\t\t<\/div>\n\t\t<\/section>\n\t\t\t\t<\/div>\n\t\t","protected":false},"excerpt":{"rendered":"<p>Deine Rechte Giessegi s.r.l. ist ein italienisches Unternehmen, das die Gesetze zum Schutz der Rechte italienischer und europ\u00e4ischer Verbraucher anwendet, einschlie\u00dflich der Gesetze zur Regelung des Fernabsatzes. Das bedeutet, dass Eink\u00e4ufe im E-Shop sicher sind. Durch den Besuch unserer Website akzeptieren Sie den Inhalt dieser Allgemeinen Gesch\u00e4ftsbedingungen und stimmen diesen zu. Unsere Allgemeinen Gesch\u00e4ftsbedingungen haben [&hellip;]<\/p>\n","protected":false},"author":1,"featured_media":0,"parent":0,"menu_order":0,"comment_status":"closed","ping_status":"closed","template":"","meta":{"footnotes":""},"class_list":["post-57620","page","type-page","status-publish","hentry"],"yoast_head":"<!-- This site is optimized with the Yoast SEO plugin v27.3 - https:\/\/yoast.com\/product\/yoast-seo-wordpress\/ -->\n<title>Gesch\u00e4ftsbedingungen | GSG - Giessegi<\/title>\n<meta name=\"robots\" content=\"index, follow, max-snippet:-1, max-image-preview:large, max-video-preview:-1\" \/>\n<link rel=\"canonical\" href=\"https:\/\/www.giessegi.com\/de\/geschaeftsbedingungen\/\" \/>\n<meta property=\"og:locale\" content=\"de_DE\" \/>\n<meta property=\"og:type\" content=\"article\" \/>\n<meta property=\"og:title\" content=\"Gesch\u00e4ftsbedingungen | GSG - Giessegi\" \/>\n<meta property=\"og:description\" content=\"Deine Rechte Giessegi s.r.l. ist ein italienisches Unternehmen, das die Gesetze zum Schutz der Rechte italienischer und europ\u00e4ischer Verbraucher anwendet, einschlie\u00dflich der Gesetze zur Regelung des Fernabsatzes. Das bedeutet, dass Eink\u00e4ufe im E-Shop sicher sind. Durch den Besuch unserer Website akzeptieren Sie den Inhalt dieser Allgemeinen Gesch\u00e4ftsbedingungen und stimmen diesen zu. Unsere Allgemeinen Gesch\u00e4ftsbedingungen haben [&hellip;]\" \/>\n<meta property=\"og:url\" content=\"https:\/\/www.giessegi.com\/de\/geschaeftsbedingungen\/\" \/>\n<meta property=\"og:site_name\" content=\"GSG - Giessegi\" \/>\n<meta property=\"article:modified_time\" content=\"2023-10-17T12:30:28+00:00\" \/>\n<meta name=\"twitter:card\" content=\"summary_large_image\" \/>\n<meta name=\"twitter:label1\" content=\"Gesch\u00e4tzte Lesezeit\" \/>\n\t<meta name=\"twitter:data1\" content=\"4\u00a0Minuten\" \/>\n<script type=\"application\/ld+json\" class=\"yoast-schema-graph\">{\"@context\":\"https:\\\/\\\/schema.org\",\"@graph\":[{\"@type\":\"WebPage\",\"@id\":\"https:\\\/\\\/www.giessegi.com\\\/de\\\/geschaeftsbedingungen\\\/\",\"url\":\"https:\\\/\\\/www.giessegi.com\\\/de\\\/geschaeftsbedingungen\\\/\",\"name\":\"Gesch\u00e4ftsbedingungen | GSG - Giessegi\",\"isPartOf\":{\"@id\":\"https:\\\/\\\/www.giessegi.com\\\/en\\\/#website\"},\"datePublished\":\"2022-09-13T13:41:24+00:00\",\"dateModified\":\"2023-10-17T12:30:28+00:00\",\"breadcrumb\":{\"@id\":\"https:\\\/\\\/www.giessegi.com\\\/de\\\/geschaeftsbedingungen\\\/#breadcrumb\"},\"inLanguage\":\"de\",\"potentialAction\":[{\"@type\":\"ReadAction\",\"target\":[\"https:\\\/\\\/www.giessegi.com\\\/de\\\/geschaeftsbedingungen\\\/\"]}]},{\"@type\":\"BreadcrumbList\",\"@id\":\"https:\\\/\\\/www.giessegi.com\\\/de\\\/geschaeftsbedingungen\\\/#breadcrumb\",\"itemListElement\":[{\"@type\":\"ListItem\",\"position\":1,\"name\":\"Home\",\"item\":\"https:\\\/\\\/www.giessegi.com\\\/\"},{\"@type\":\"ListItem\",\"position\":2,\"name\":\"Gesch\u00e4ftsbedingungen\"}]},{\"@type\":\"WebSite\",\"@id\":\"https:\\\/\\\/www.giessegi.com\\\/en\\\/#website\",\"url\":\"https:\\\/\\\/www.giessegi.com\\\/en\\\/\",\"name\":\"Giessegi\",\"description\":\"\",\"publisher\":{\"@id\":\"https:\\\/\\\/www.giessegi.com\\\/en\\\/#organization\"},\"potentialAction\":[{\"@type\":\"SearchAction\",\"target\":{\"@type\":\"EntryPoint\",\"urlTemplate\":\"https:\\\/\\\/www.giessegi.com\\\/en\\\/?s={search_term_string}\"},\"query-input\":{\"@type\":\"PropertyValueSpecification\",\"valueRequired\":true,\"valueName\":\"search_term_string\"}}],\"inLanguage\":\"de\"},{\"@type\":\"Organization\",\"@id\":\"https:\\\/\\\/www.giessegi.com\\\/en\\\/#organization\",\"name\":\"Giessegi\",\"url\":\"https:\\\/\\\/www.giessegi.com\\\/en\\\/\",\"logo\":{\"@type\":\"ImageObject\",\"inLanguage\":\"de\",\"@id\":\"https:\\\/\\\/www.giessegi.com\\\/en\\\/#\\\/schema\\\/logo\\\/image\\\/\",\"url\":\"https:\\\/\\\/www.giessegi.com\\\/wp-content\\\/uploads\\\/2022\\\/09\\\/giessegi-logo.jpeg\",\"contentUrl\":\"https:\\\/\\\/www.giessegi.com\\\/wp-content\\\/uploads\\\/2022\\\/09\\\/giessegi-logo.jpeg\",\"width\":175,\"height\":77,\"caption\":\"Giessegi\"},\"image\":{\"@id\":\"https:\\\/\\\/www.giessegi.com\\\/en\\\/#\\\/schema\\\/logo\\\/image\\\/\"}}]}<\/script>\n<!-- \/ Yoast SEO plugin. -->","yoast_head_json":{"title":"Gesch\u00e4ftsbedingungen | GSG - Giessegi","robots":{"index":"index","follow":"follow","max-snippet":"max-snippet:-1","max-image-preview":"max-image-preview:large","max-video-preview":"max-video-preview:-1"},"canonical":"https:\/\/www.giessegi.com\/de\/geschaeftsbedingungen\/","og_locale":"de_DE","og_type":"article","og_title":"Gesch\u00e4ftsbedingungen | GSG - Giessegi","og_description":"Deine Rechte Giessegi s.r.l. ist ein italienisches Unternehmen, das die Gesetze zum Schutz der Rechte italienischer und europ\u00e4ischer Verbraucher anwendet, einschlie\u00dflich der Gesetze zur Regelung des Fernabsatzes. Das bedeutet, dass Eink\u00e4ufe im E-Shop sicher sind. Durch den Besuch unserer Website akzeptieren Sie den Inhalt dieser Allgemeinen Gesch\u00e4ftsbedingungen und stimmen diesen zu. Unsere Allgemeinen Gesch\u00e4ftsbedingungen haben [&hellip;]","og_url":"https:\/\/www.giessegi.com\/de\/geschaeftsbedingungen\/","og_site_name":"GSG - Giessegi","article_modified_time":"2023-10-17T12:30:28+00:00","twitter_card":"summary_large_image","twitter_misc":{"Gesch\u00e4tzte Lesezeit":"4\u00a0Minuten"},"schema":{"@context":"https:\/\/schema.org","@graph":[{"@type":"WebPage","@id":"https:\/\/www.giessegi.com\/de\/geschaeftsbedingungen\/","url":"https:\/\/www.giessegi.com\/de\/geschaeftsbedingungen\/","name":"Gesch\u00e4ftsbedingungen | GSG - Giessegi","isPartOf":{"@id":"https:\/\/www.giessegi.com\/en\/#website"},"datePublished":"2022-09-13T13:41:24+00:00","dateModified":"2023-10-17T12:30:28+00:00","breadcrumb":{"@id":"https:\/\/www.giessegi.com\/de\/geschaeftsbedingungen\/#breadcrumb"},"inLanguage":"de","potentialAction":[{"@type":"ReadAction","target":["https:\/\/www.giessegi.com\/de\/geschaeftsbedingungen\/"]}]},{"@type":"BreadcrumbList","@id":"https:\/\/www.giessegi.com\/de\/geschaeftsbedingungen\/#breadcrumb","itemListElement":[{"@type":"ListItem","position":1,"name":"Home","item":"https:\/\/www.giessegi.com\/"},{"@type":"ListItem","position":2,"name":"Gesch\u00e4ftsbedingungen"}]},{"@type":"WebSite","@id":"https:\/\/www.giessegi.com\/en\/#website","url":"https:\/\/www.giessegi.com\/en\/","name":"Giessegi","description":"","publisher":{"@id":"https:\/\/www.giessegi.com\/en\/#organization"},"potentialAction":[{"@type":"SearchAction","target":{"@type":"EntryPoint","urlTemplate":"https:\/\/www.giessegi.com\/en\/?s={search_term_string}"},"query-input":{"@type":"PropertyValueSpecification","valueRequired":true,"valueName":"search_term_string"}}],"inLanguage":"de"},{"@type":"Organization","@id":"https:\/\/www.giessegi.com\/en\/#organization","name":"Giessegi","url":"https:\/\/www.giessegi.com\/en\/","logo":{"@type":"ImageObject","inLanguage":"de","@id":"https:\/\/www.giessegi.com\/en\/#\/schema\/logo\/image\/","url":"https:\/\/www.giessegi.com\/wp-content\/uploads\/2022\/09\/giessegi-logo.jpeg","contentUrl":"https:\/\/www.giessegi.com\/wp-content\/uploads\/2022\/09\/giessegi-logo.jpeg","width":175,"height":77,"caption":"Giessegi"},"image":{"@id":"https:\/\/www.giessegi.com\/en\/#\/schema\/logo\/image\/"}}]}},"_links":{"self":[{"href":"https:\/\/www.giessegi.com\/de\/wp-json\/wp\/v2\/pages\/57620","targetHints":{"allow":["GET"]}}],"collection":[{"href":"https:\/\/www.giessegi.com\/de\/wp-json\/wp\/v2\/pages"}],"about":[{"href":"https:\/\/www.giessegi.com\/de\/wp-json\/wp\/v2\/types\/page"}],"author":[{"embeddable":true,"href":"https:\/\/www.giessegi.com\/de\/wp-json\/wp\/v2\/users\/1"}],"replies":[{"embeddable":true,"href":"https:\/\/www.giessegi.com\/de\/wp-json\/wp\/v2\/comments?post=57620"}],"version-history":[{"count":4,"href":"https:\/\/www.giessegi.com\/de\/wp-json\/wp\/v2\/pages\/57620\/revisions"}],"predecessor-version":[{"id":57708,"href":"https:\/\/www.giessegi.com\/de\/wp-json\/wp\/v2\/pages\/57620\/revisions\/57708"}],"wp:attachment":[{"href":"https:\/\/www.giessegi.com\/de\/wp-json\/wp\/v2\/media?parent=57620"}],"curies":[{"name":"wp","href":"https:\/\/api.w.org\/{rel}","templated":true}]}}