{"id":57619,"date":"2022-09-13T15:59:34","date_gmt":"2022-09-13T13:59:34","guid":{"rendered":"https:\/\/www.giessegi.com\/tassazione\/"},"modified":"2023-10-17T11:12:58","modified_gmt":"2023-10-17T09:12:58","slug":"besteuerung","status":"publish","type":"page","link":"https:\/\/www.giessegi.com\/de\/besteuerung\/","title":{"rendered":"Besteuerung"},"content":{"rendered":"\t\t<div data-elementor-type=\"wp-page\" data-elementor-id=\"57619\" class=\"elementor elementor-57619 elementor-35691\">\n\t\t\t\t\t\t<section class=\"elementor-section elementor-top-section elementor-element elementor-element-c73de60 elementor-section-boxed elementor-section-height-default elementor-section-height-default\" data-id=\"c73de60\" data-element_type=\"section\" data-e-type=\"section\">\n\t\t\t\t\t\t<div class=\"elementor-container elementor-column-gap-default\">\n\t\t\t\t\t<div class=\"elementor-column elementor-col-100 elementor-top-column elementor-element elementor-element-9663cec\" data-id=\"9663cec\" data-element_type=\"column\" data-e-type=\"column\">\n\t\t\t<div class=\"elementor-widget-wrap elementor-element-populated\">\n\t\t\t\t\t\t<div class=\"elementor-element elementor-element-f93a6e1 elementor-widget elementor-widget-text-editor\" data-id=\"f93a6e1\" data-element_type=\"widget\" data-e-type=\"widget\" data-widget_type=\"text-editor.default\">\n\t\t\t\t<div class=\"elementor-widget-container\">\n\t\t\t\t\t\t\t\t\t<strong>Privatkunden mit Wohnsitz innerhalb der EU<\/strong>\nF\u00fcr Kunden aus EU-L\u00e4ndern ist die Mehrwertsteuer je nach Bestimmungsland bereits im Preis enthalten.\n\n<strong>Privatkunden mit Wohnsitz au\u00dferhalb der EU<\/strong>\nF\u00fcr Kunden aus L\u00e4ndern au\u00dferhalb der EU wird keine Mehrwertsteuer berechnet. Wenn das im Bestellziel ausgew\u00e4hlte Land au\u00dferhalb der EU liegt, sind alle Preise von der Mehrwertsteuer befreit. Bitte beachten Sie, dass f\u00fcr Sendungen je nach den Gesetzen Ihres Landes jedoch Einfuhr- oder Zollgeb\u00fchren anfallen k\u00f6nnen.\n\n<strong>Business-to-Business-Bestellungen<\/strong>\nWenn Sie ein umsatzsteuerpflichtiger Kunde aus einem anderen EU-Mitgliedstaat sind, k\u00f6nnen wir die Mehrwertsteuer vor der Bearbeitung Ihrer Bestellung abziehen. Am einfachsten geht das, indem Sie uns telefonisch kontaktieren und wir helfen Ihnen dabei, Ihre Bestellung mehrwertsteuerfrei zu erstellen. F\u00fcr eine umsatzsteuerfreie Rechnungsstellung m\u00fcssen Sie au\u00dferdem eine Reihe von Dokumenten vorlegen, die den Nachweis Ihres Unternehmens und Ihrer Identit\u00e4t erbringen, bevor Sie die Bestellung bearbeiten k\u00f6nnen.\t\t\t\t\t\t\t\t<\/div>\n\t\t\t\t<\/div>\n\t\t\t\t\t<\/div>\n\t\t<\/div>\n\t\t\t\t\t<\/div>\n\t\t<\/section>\n\t\t\t\t<\/div>\n\t\t","protected":false},"excerpt":{"rendered":"<p>Privatkunden mit Wohnsitz innerhalb der EU F\u00fcr Kunden aus EU-L\u00e4ndern ist die Mehrwertsteuer je nach Bestimmungsland bereits im Preis enthalten. Privatkunden mit Wohnsitz au\u00dferhalb der EU F\u00fcr Kunden aus L\u00e4ndern au\u00dferhalb der EU wird keine Mehrwertsteuer berechnet. Wenn das im Bestellziel ausgew\u00e4hlte Land au\u00dferhalb der EU liegt, sind alle Preise von der Mehrwertsteuer befreit. Bitte [&hellip;]<\/p>\n","protected":false},"author":1,"featured_media":0,"parent":0,"menu_order":0,"comment_status":"closed","ping_status":"closed","template":"","meta":{"footnotes":""},"class_list":["post-57619","page","type-page","status-publish","hentry"],"yoast_head":"<!-- This site is optimized with the Yoast SEO plugin v27.3 - https:\/\/yoast.com\/product\/yoast-seo-wordpress\/ -->\n<title>Besteuerung | GSG - Giessegi<\/title>\n<meta name=\"robots\" content=\"index, follow, max-snippet:-1, max-image-preview:large, max-video-preview:-1\" \/>\n<link rel=\"canonical\" href=\"https:\/\/www.giessegi.com\/de\/besteuerung\/\" \/>\n<meta property=\"og:locale\" content=\"de_DE\" \/>\n<meta property=\"og:type\" content=\"article\" \/>\n<meta property=\"og:title\" content=\"Besteuerung | GSG - Giessegi\" \/>\n<meta property=\"og:description\" content=\"Privatkunden mit Wohnsitz innerhalb der EU F\u00fcr Kunden aus EU-L\u00e4ndern ist die Mehrwertsteuer je nach Bestimmungsland bereits im Preis enthalten. Privatkunden mit Wohnsitz au\u00dferhalb der EU F\u00fcr Kunden aus L\u00e4ndern au\u00dferhalb der EU wird keine Mehrwertsteuer berechnet. Wenn das im Bestellziel ausgew\u00e4hlte Land au\u00dferhalb der EU liegt, sind alle Preise von der Mehrwertsteuer befreit. Bitte [&hellip;]\" \/>\n<meta property=\"og:url\" content=\"https:\/\/www.giessegi.com\/de\/besteuerung\/\" \/>\n<meta property=\"og:site_name\" content=\"GSG - Giessegi\" \/>\n<meta property=\"article:modified_time\" content=\"2023-10-17T09:12:58+00:00\" \/>\n<meta name=\"twitter:card\" content=\"summary_large_image\" \/>\n<meta name=\"twitter:label1\" content=\"Gesch\u00e4tzte Lesezeit\" \/>\n\t<meta name=\"twitter:data1\" content=\"1\u00a0Minute\" \/>\n<script type=\"application\/ld+json\" class=\"yoast-schema-graph\">{\"@context\":\"https:\\\/\\\/schema.org\",\"@graph\":[{\"@type\":\"WebPage\",\"@id\":\"https:\\\/\\\/www.giessegi.com\\\/de\\\/besteuerung\\\/\",\"url\":\"https:\\\/\\\/www.giessegi.com\\\/de\\\/besteuerung\\\/\",\"name\":\"Besteuerung | GSG - Giessegi\",\"isPartOf\":{\"@id\":\"https:\\\/\\\/www.giessegi.com\\\/en\\\/#website\"},\"datePublished\":\"2022-09-13T13:59:34+00:00\",\"dateModified\":\"2023-10-17T09:12:58+00:00\",\"breadcrumb\":{\"@id\":\"https:\\\/\\\/www.giessegi.com\\\/de\\\/besteuerung\\\/#breadcrumb\"},\"inLanguage\":\"de\",\"potentialAction\":[{\"@type\":\"ReadAction\",\"target\":[\"https:\\\/\\\/www.giessegi.com\\\/de\\\/besteuerung\\\/\"]}]},{\"@type\":\"BreadcrumbList\",\"@id\":\"https:\\\/\\\/www.giessegi.com\\\/de\\\/besteuerung\\\/#breadcrumb\",\"itemListElement\":[{\"@type\":\"ListItem\",\"position\":1,\"name\":\"Home\",\"item\":\"https:\\\/\\\/www.giessegi.com\\\/\"},{\"@type\":\"ListItem\",\"position\":2,\"name\":\"Besteuerung\"}]},{\"@type\":\"WebSite\",\"@id\":\"https:\\\/\\\/www.giessegi.com\\\/en\\\/#website\",\"url\":\"https:\\\/\\\/www.giessegi.com\\\/en\\\/\",\"name\":\"Giessegi\",\"description\":\"\",\"publisher\":{\"@id\":\"https:\\\/\\\/www.giessegi.com\\\/en\\\/#organization\"},\"potentialAction\":[{\"@type\":\"SearchAction\",\"target\":{\"@type\":\"EntryPoint\",\"urlTemplate\":\"https:\\\/\\\/www.giessegi.com\\\/en\\\/?s={search_term_string}\"},\"query-input\":{\"@type\":\"PropertyValueSpecification\",\"valueRequired\":true,\"valueName\":\"search_term_string\"}}],\"inLanguage\":\"de\"},{\"@type\":\"Organization\",\"@id\":\"https:\\\/\\\/www.giessegi.com\\\/en\\\/#organization\",\"name\":\"Giessegi\",\"url\":\"https:\\\/\\\/www.giessegi.com\\\/en\\\/\",\"logo\":{\"@type\":\"ImageObject\",\"inLanguage\":\"de\",\"@id\":\"https:\\\/\\\/www.giessegi.com\\\/en\\\/#\\\/schema\\\/logo\\\/image\\\/\",\"url\":\"https:\\\/\\\/www.giessegi.com\\\/wp-content\\\/uploads\\\/2022\\\/09\\\/giessegi-logo.jpeg\",\"contentUrl\":\"https:\\\/\\\/www.giessegi.com\\\/wp-content\\\/uploads\\\/2022\\\/09\\\/giessegi-logo.jpeg\",\"width\":175,\"height\":77,\"caption\":\"Giessegi\"},\"image\":{\"@id\":\"https:\\\/\\\/www.giessegi.com\\\/en\\\/#\\\/schema\\\/logo\\\/image\\\/\"}}]}<\/script>\n<!-- \/ Yoast SEO plugin. -->","yoast_head_json":{"title":"Besteuerung | GSG - Giessegi","robots":{"index":"index","follow":"follow","max-snippet":"max-snippet:-1","max-image-preview":"max-image-preview:large","max-video-preview":"max-video-preview:-1"},"canonical":"https:\/\/www.giessegi.com\/de\/besteuerung\/","og_locale":"de_DE","og_type":"article","og_title":"Besteuerung | GSG - Giessegi","og_description":"Privatkunden mit Wohnsitz innerhalb der EU F\u00fcr Kunden aus EU-L\u00e4ndern ist die Mehrwertsteuer je nach Bestimmungsland bereits im Preis enthalten. Privatkunden mit Wohnsitz au\u00dferhalb der EU F\u00fcr Kunden aus L\u00e4ndern au\u00dferhalb der EU wird keine Mehrwertsteuer berechnet. Wenn das im Bestellziel ausgew\u00e4hlte Land au\u00dferhalb der EU liegt, sind alle Preise von der Mehrwertsteuer befreit. Bitte [&hellip;]","og_url":"https:\/\/www.giessegi.com\/de\/besteuerung\/","og_site_name":"GSG - Giessegi","article_modified_time":"2023-10-17T09:12:58+00:00","twitter_card":"summary_large_image","twitter_misc":{"Gesch\u00e4tzte Lesezeit":"1\u00a0Minute"},"schema":{"@context":"https:\/\/schema.org","@graph":[{"@type":"WebPage","@id":"https:\/\/www.giessegi.com\/de\/besteuerung\/","url":"https:\/\/www.giessegi.com\/de\/besteuerung\/","name":"Besteuerung | GSG - Giessegi","isPartOf":{"@id":"https:\/\/www.giessegi.com\/en\/#website"},"datePublished":"2022-09-13T13:59:34+00:00","dateModified":"2023-10-17T09:12:58+00:00","breadcrumb":{"@id":"https:\/\/www.giessegi.com\/de\/besteuerung\/#breadcrumb"},"inLanguage":"de","potentialAction":[{"@type":"ReadAction","target":["https:\/\/www.giessegi.com\/de\/besteuerung\/"]}]},{"@type":"BreadcrumbList","@id":"https:\/\/www.giessegi.com\/de\/besteuerung\/#breadcrumb","itemListElement":[{"@type":"ListItem","position":1,"name":"Home","item":"https:\/\/www.giessegi.com\/"},{"@type":"ListItem","position":2,"name":"Besteuerung"}]},{"@type":"WebSite","@id":"https:\/\/www.giessegi.com\/en\/#website","url":"https:\/\/www.giessegi.com\/en\/","name":"Giessegi","description":"","publisher":{"@id":"https:\/\/www.giessegi.com\/en\/#organization"},"potentialAction":[{"@type":"SearchAction","target":{"@type":"EntryPoint","urlTemplate":"https:\/\/www.giessegi.com\/en\/?s={search_term_string}"},"query-input":{"@type":"PropertyValueSpecification","valueRequired":true,"valueName":"search_term_string"}}],"inLanguage":"de"},{"@type":"Organization","@id":"https:\/\/www.giessegi.com\/en\/#organization","name":"Giessegi","url":"https:\/\/www.giessegi.com\/en\/","logo":{"@type":"ImageObject","inLanguage":"de","@id":"https:\/\/www.giessegi.com\/en\/#\/schema\/logo\/image\/","url":"https:\/\/www.giessegi.com\/wp-content\/uploads\/2022\/09\/giessegi-logo.jpeg","contentUrl":"https:\/\/www.giessegi.com\/wp-content\/uploads\/2022\/09\/giessegi-logo.jpeg","width":175,"height":77,"caption":"Giessegi"},"image":{"@id":"https:\/\/www.giessegi.com\/en\/#\/schema\/logo\/image\/"}}]}},"_links":{"self":[{"href":"https:\/\/www.giessegi.com\/de\/wp-json\/wp\/v2\/pages\/57619","targetHints":{"allow":["GET"]}}],"collection":[{"href":"https:\/\/www.giessegi.com\/de\/wp-json\/wp\/v2\/pages"}],"about":[{"href":"https:\/\/www.giessegi.com\/de\/wp-json\/wp\/v2\/types\/page"}],"author":[{"embeddable":true,"href":"https:\/\/www.giessegi.com\/de\/wp-json\/wp\/v2\/users\/1"}],"replies":[{"embeddable":true,"href":"https:\/\/www.giessegi.com\/de\/wp-json\/wp\/v2\/comments?post=57619"}],"version-history":[{"count":4,"href":"https:\/\/www.giessegi.com\/de\/wp-json\/wp\/v2\/pages\/57619\/revisions"}],"predecessor-version":[{"id":57658,"href":"https:\/\/www.giessegi.com\/de\/wp-json\/wp\/v2\/pages\/57619\/revisions\/57658"}],"wp:attachment":[{"href":"https:\/\/www.giessegi.com\/de\/wp-json\/wp\/v2\/media?parent=57619"}],"curies":[{"name":"wp","href":"https:\/\/api.w.org\/{rel}","templated":true}]}}