{"id":57616,"date":"2022-09-13T16:21:39","date_gmt":"2022-09-13T14:21:39","guid":{"rendered":"https:\/\/www.giessegi.com\/spese-di-spedizione\/"},"modified":"2023-10-17T14:24:26","modified_gmt":"2023-10-17T12:24:26","slug":"versandkosten","status":"publish","type":"page","link":"https:\/\/www.giessegi.com\/de\/versandkosten\/","title":{"rendered":"Versandkosten"},"content":{"rendered":"\t\t<div data-elementor-type=\"wp-page\" data-elementor-id=\"57616\" class=\"elementor elementor-57616 elementor-35699\">\n\t\t\t\t\t\t<section class=\"elementor-section elementor-top-section elementor-element elementor-element-bdebc3d elementor-section-boxed elementor-section-height-default elementor-section-height-default\" data-id=\"bdebc3d\" data-element_type=\"section\" data-e-type=\"section\">\n\t\t\t\t\t\t<div class=\"elementor-container elementor-column-gap-default\">\n\t\t\t\t\t<div class=\"elementor-column elementor-col-100 elementor-top-column elementor-element elementor-element-60c4aa1\" data-id=\"60c4aa1\" data-element_type=\"column\" data-e-type=\"column\">\n\t\t\t<div class=\"elementor-widget-wrap elementor-element-populated\">\n\t\t\t\t\t\t<div class=\"elementor-element elementor-element-5d4c0c1 elementor-widget elementor-widget-text-editor\" data-id=\"5d4c0c1\" data-element_type=\"widget\" data-e-type=\"widget\" data-widget_type=\"text-editor.default\">\n\t\t\t\t<div class=\"elementor-widget-container\">\n\t\t\t\t\t\t\t\t\tDamit Sie von den kostenlosen Versandkosten profitieren k\u00f6nnen, haben wir f\u00fcr jedes Ziel eine Mindestausgabegrenze festgelegt\n\nNachfolgend finden Sie eine Liste der L\u00e4nder, in die wir \u00fcber internationale Kuriere liefern, sowie unsere Versandkosten:\n<table border=\"0\" cellspacing=\"5\" cellpadding=\"5\"><colgroup> <col width=\"100\" \/> <col width=\"100\" \/> <col width=\"200\" \/><\/colgroup>\n<tbody>\n<tr>\n<td align=\"LEFT\" width=\"100\" height=\"19\"><strong>Band A<\/strong><\/td>\n<td align=\"LEFT\" width=\"100\">\u20ac 8<\/td>\n<td align=\"LEFT\" width=\"300\">Kostenlos \u00fcber \u20ac 100<\/td>\n<\/tr>\n<tr>\n<td align=\"LEFT\" width=\"100\" height=\"19\"><strong>Band B<\/strong><\/td>\n<td align=\"LEFT\" width=\"100\">\u20ac 15<\/td>\n<td align=\"LEFT\" width=\"300\">Kostenlos \u00fcber \u20ac 100<\/td>\n<\/tr>\n<tr>\n<td align=\"LEFT\" width=\"100\" height=\"19\"><strong>Band C<\/strong><\/td>\n<td align=\"LEFT\" width=\"100\">\u20ac 21<\/td>\n<td align=\"LEFT\" width=\"300\">Kostenlos \u00fcber \u20ac 150<\/td>\n<\/tr>\n<\/tbody>\n<\/table>\nDie H\u00f6he der Versandkosten und die Mindestbetr\u00e4ge f\u00fcr den kostenlosen Versand gelten nur f\u00fcr Eink\u00e4ufe im Online-Shop\n\n<strong>L\u00e4nder in Band A<\/strong>: Italien\n<strong>L\u00e4nder in Band B<\/strong>: \u00d6sterreich, Belgien, Bulgarien, Kroatien, D\u00e4nemark, Frankreich, Deutschland, Griechenland, Irland, Liechtenstein, Luxemburg, Norwegen, Holland, Polen, Portugal, Tschechische Republik, Rum\u00e4nien, Serbien, Slowenien, Spanien, Schweden, Ungarn, Island, Finnland, Slowakei , Malta, Bosnien, Mazedonien, Republik Montenegro\n<strong>L\u00e4nder in Band C<\/strong>: USA, Schweiz, Kanada, Mexiko, Australien, Neuseeland, China, Hongkong, Vietnam, Taiwan, Japan, Argentinien, Brasilien, Chile, Venezuela, Kolumbien, T\u00fcrkei, S\u00fcdafrika, Namibia, Peru, Saudi-Arabien, Indien, Indonesien, Malaysia, Singapur, Uruguay, Estland, Lettland, Litauen, S\u00fcdkorea\n\nBei Fragen zu unseren Versandarten und -kosten stehen wir Ihnen gerne per E-Mail an shop@giessegi.com zur Verf\u00fcgung.\nDas GSG-Eshop-Team\t\t\t\t\t\t\t\t<\/div>\n\t\t\t\t<\/div>\n\t\t\t\t\t<\/div>\n\t\t<\/div>\n\t\t\t\t\t<\/div>\n\t\t<\/section>\n\t\t\t\t<\/div>\n\t\t","protected":false},"excerpt":{"rendered":"<p>Damit Sie von den kostenlosen Versandkosten profitieren k\u00f6nnen, haben wir f\u00fcr jedes Ziel eine Mindestausgabegrenze festgelegt Nachfolgend finden Sie eine Liste der L\u00e4nder, in die wir \u00fcber internationale Kuriere liefern, sowie unsere Versandkosten: Band A \u20ac 8 Kostenlos \u00fcber \u20ac 100 Band B \u20ac 15 Kostenlos \u00fcber \u20ac 100 Band C \u20ac 21 Kostenlos \u00fcber [&hellip;]<\/p>\n","protected":false},"author":1,"featured_media":0,"parent":0,"menu_order":0,"comment_status":"closed","ping_status":"closed","template":"","meta":{"footnotes":""},"class_list":["post-57616","page","type-page","status-publish","hentry"],"yoast_head":"<!-- This site is optimized with the Yoast SEO plugin v27.3 - https:\/\/yoast.com\/product\/yoast-seo-wordpress\/ -->\n<title>Versandkosten | GSG - Giessegi<\/title>\n<meta name=\"robots\" content=\"index, follow, max-snippet:-1, max-image-preview:large, max-video-preview:-1\" \/>\n<link rel=\"canonical\" href=\"https:\/\/www.giessegi.com\/de\/versandkosten\/\" \/>\n<meta property=\"og:locale\" content=\"de_DE\" \/>\n<meta property=\"og:type\" content=\"article\" \/>\n<meta property=\"og:title\" content=\"Versandkosten | GSG - Giessegi\" \/>\n<meta property=\"og:description\" content=\"Damit Sie von den kostenlosen Versandkosten profitieren k\u00f6nnen, haben wir f\u00fcr jedes Ziel eine Mindestausgabegrenze festgelegt Nachfolgend finden Sie eine Liste der L\u00e4nder, in die wir \u00fcber internationale Kuriere liefern, sowie unsere Versandkosten: Band A \u20ac 8 Kostenlos \u00fcber \u20ac 100 Band B \u20ac 15 Kostenlos \u00fcber \u20ac 100 Band C \u20ac 21 Kostenlos \u00fcber [&hellip;]\" \/>\n<meta property=\"og:url\" content=\"https:\/\/www.giessegi.com\/de\/versandkosten\/\" \/>\n<meta property=\"og:site_name\" content=\"GSG - Giessegi\" \/>\n<meta property=\"article:modified_time\" content=\"2023-10-17T12:24:26+00:00\" \/>\n<meta name=\"twitter:card\" content=\"summary_large_image\" \/>\n<meta name=\"twitter:label1\" content=\"Gesch\u00e4tzte Lesezeit\" \/>\n\t<meta name=\"twitter:data1\" content=\"1\u00a0Minute\" \/>\n<script type=\"application\/ld+json\" class=\"yoast-schema-graph\">{\"@context\":\"https:\\\/\\\/schema.org\",\"@graph\":[{\"@type\":\"WebPage\",\"@id\":\"https:\\\/\\\/www.giessegi.com\\\/de\\\/versandkosten\\\/\",\"url\":\"https:\\\/\\\/www.giessegi.com\\\/de\\\/versandkosten\\\/\",\"name\":\"Versandkosten | GSG - Giessegi\",\"isPartOf\":{\"@id\":\"https:\\\/\\\/www.giessegi.com\\\/en\\\/#website\"},\"datePublished\":\"2022-09-13T14:21:39+00:00\",\"dateModified\":\"2023-10-17T12:24:26+00:00\",\"breadcrumb\":{\"@id\":\"https:\\\/\\\/www.giessegi.com\\\/de\\\/versandkosten\\\/#breadcrumb\"},\"inLanguage\":\"de\",\"potentialAction\":[{\"@type\":\"ReadAction\",\"target\":[\"https:\\\/\\\/www.giessegi.com\\\/de\\\/versandkosten\\\/\"]}]},{\"@type\":\"BreadcrumbList\",\"@id\":\"https:\\\/\\\/www.giessegi.com\\\/de\\\/versandkosten\\\/#breadcrumb\",\"itemListElement\":[{\"@type\":\"ListItem\",\"position\":1,\"name\":\"Home\",\"item\":\"https:\\\/\\\/www.giessegi.com\\\/\"},{\"@type\":\"ListItem\",\"position\":2,\"name\":\"Versandkosten\"}]},{\"@type\":\"WebSite\",\"@id\":\"https:\\\/\\\/www.giessegi.com\\\/en\\\/#website\",\"url\":\"https:\\\/\\\/www.giessegi.com\\\/en\\\/\",\"name\":\"Giessegi\",\"description\":\"\",\"publisher\":{\"@id\":\"https:\\\/\\\/www.giessegi.com\\\/en\\\/#organization\"},\"potentialAction\":[{\"@type\":\"SearchAction\",\"target\":{\"@type\":\"EntryPoint\",\"urlTemplate\":\"https:\\\/\\\/www.giessegi.com\\\/en\\\/?s={search_term_string}\"},\"query-input\":{\"@type\":\"PropertyValueSpecification\",\"valueRequired\":true,\"valueName\":\"search_term_string\"}}],\"inLanguage\":\"de\"},{\"@type\":\"Organization\",\"@id\":\"https:\\\/\\\/www.giessegi.com\\\/en\\\/#organization\",\"name\":\"Giessegi\",\"url\":\"https:\\\/\\\/www.giessegi.com\\\/en\\\/\",\"logo\":{\"@type\":\"ImageObject\",\"inLanguage\":\"de\",\"@id\":\"https:\\\/\\\/www.giessegi.com\\\/en\\\/#\\\/schema\\\/logo\\\/image\\\/\",\"url\":\"https:\\\/\\\/www.giessegi.com\\\/wp-content\\\/uploads\\\/2022\\\/09\\\/giessegi-logo.jpeg\",\"contentUrl\":\"https:\\\/\\\/www.giessegi.com\\\/wp-content\\\/uploads\\\/2022\\\/09\\\/giessegi-logo.jpeg\",\"width\":175,\"height\":77,\"caption\":\"Giessegi\"},\"image\":{\"@id\":\"https:\\\/\\\/www.giessegi.com\\\/en\\\/#\\\/schema\\\/logo\\\/image\\\/\"}}]}<\/script>\n<!-- \/ Yoast SEO plugin. -->","yoast_head_json":{"title":"Versandkosten | GSG - Giessegi","robots":{"index":"index","follow":"follow","max-snippet":"max-snippet:-1","max-image-preview":"max-image-preview:large","max-video-preview":"max-video-preview:-1"},"canonical":"https:\/\/www.giessegi.com\/de\/versandkosten\/","og_locale":"de_DE","og_type":"article","og_title":"Versandkosten | GSG - Giessegi","og_description":"Damit Sie von den kostenlosen Versandkosten profitieren k\u00f6nnen, haben wir f\u00fcr jedes Ziel eine Mindestausgabegrenze festgelegt Nachfolgend finden Sie eine Liste der L\u00e4nder, in die wir \u00fcber internationale Kuriere liefern, sowie unsere Versandkosten: Band A \u20ac 8 Kostenlos \u00fcber \u20ac 100 Band B \u20ac 15 Kostenlos \u00fcber \u20ac 100 Band C \u20ac 21 Kostenlos \u00fcber [&hellip;]","og_url":"https:\/\/www.giessegi.com\/de\/versandkosten\/","og_site_name":"GSG - Giessegi","article_modified_time":"2023-10-17T12:24:26+00:00","twitter_card":"summary_large_image","twitter_misc":{"Gesch\u00e4tzte Lesezeit":"1\u00a0Minute"},"schema":{"@context":"https:\/\/schema.org","@graph":[{"@type":"WebPage","@id":"https:\/\/www.giessegi.com\/de\/versandkosten\/","url":"https:\/\/www.giessegi.com\/de\/versandkosten\/","name":"Versandkosten | GSG - Giessegi","isPartOf":{"@id":"https:\/\/www.giessegi.com\/en\/#website"},"datePublished":"2022-09-13T14:21:39+00:00","dateModified":"2023-10-17T12:24:26+00:00","breadcrumb":{"@id":"https:\/\/www.giessegi.com\/de\/versandkosten\/#breadcrumb"},"inLanguage":"de","potentialAction":[{"@type":"ReadAction","target":["https:\/\/www.giessegi.com\/de\/versandkosten\/"]}]},{"@type":"BreadcrumbList","@id":"https:\/\/www.giessegi.com\/de\/versandkosten\/#breadcrumb","itemListElement":[{"@type":"ListItem","position":1,"name":"Home","item":"https:\/\/www.giessegi.com\/"},{"@type":"ListItem","position":2,"name":"Versandkosten"}]},{"@type":"WebSite","@id":"https:\/\/www.giessegi.com\/en\/#website","url":"https:\/\/www.giessegi.com\/en\/","name":"Giessegi","description":"","publisher":{"@id":"https:\/\/www.giessegi.com\/en\/#organization"},"potentialAction":[{"@type":"SearchAction","target":{"@type":"EntryPoint","urlTemplate":"https:\/\/www.giessegi.com\/en\/?s={search_term_string}"},"query-input":{"@type":"PropertyValueSpecification","valueRequired":true,"valueName":"search_term_string"}}],"inLanguage":"de"},{"@type":"Organization","@id":"https:\/\/www.giessegi.com\/en\/#organization","name":"Giessegi","url":"https:\/\/www.giessegi.com\/en\/","logo":{"@type":"ImageObject","inLanguage":"de","@id":"https:\/\/www.giessegi.com\/en\/#\/schema\/logo\/image\/","url":"https:\/\/www.giessegi.com\/wp-content\/uploads\/2022\/09\/giessegi-logo.jpeg","contentUrl":"https:\/\/www.giessegi.com\/wp-content\/uploads\/2022\/09\/giessegi-logo.jpeg","width":175,"height":77,"caption":"Giessegi"},"image":{"@id":"https:\/\/www.giessegi.com\/en\/#\/schema\/logo\/image\/"}}]}},"_links":{"self":[{"href":"https:\/\/www.giessegi.com\/de\/wp-json\/wp\/v2\/pages\/57616","targetHints":{"allow":["GET"]}}],"collection":[{"href":"https:\/\/www.giessegi.com\/de\/wp-json\/wp\/v2\/pages"}],"about":[{"href":"https:\/\/www.giessegi.com\/de\/wp-json\/wp\/v2\/types\/page"}],"author":[{"embeddable":true,"href":"https:\/\/www.giessegi.com\/de\/wp-json\/wp\/v2\/users\/1"}],"replies":[{"embeddable":true,"href":"https:\/\/www.giessegi.com\/de\/wp-json\/wp\/v2\/comments?post=57616"}],"version-history":[{"count":4,"href":"https:\/\/www.giessegi.com\/de\/wp-json\/wp\/v2\/pages\/57616\/revisions"}],"predecessor-version":[{"id":57705,"href":"https:\/\/www.giessegi.com\/de\/wp-json\/wp\/v2\/pages\/57616\/revisions\/57705"}],"wp:attachment":[{"href":"https:\/\/www.giessegi.com\/de\/wp-json\/wp\/v2\/media?parent=57616"}],"curies":[{"name":"wp","href":"https:\/\/api.w.org\/{rel}","templated":true}]}}