{"id":57612,"date":"2023-06-07T11:12:05","date_gmt":"2023-06-07T09:12:05","guid":{"rendered":"https:\/\/www.giessegi.com\/por-fesr\/"},"modified":"2023-10-17T14:19:09","modified_gmt":"2023-10-17T12:19:09","slug":"por-fesr","status":"publish","type":"page","link":"https:\/\/www.giessegi.com\/de\/por-fesr\/","title":{"rendered":"POR-FESR"},"content":{"rendered":"\t\t<div data-elementor-type=\"wp-page\" data-elementor-id=\"57612\" class=\"elementor elementor-57612 elementor-54036\">\n\t\t\t\t\t\t<section class=\"elementor-section elementor-top-section elementor-element elementor-element-ce1d646 elementor-section-boxed elementor-section-height-default elementor-section-height-default\" data-id=\"ce1d646\" data-element_type=\"section\" data-e-type=\"section\">\n\t\t\t\t\t\t<div class=\"elementor-container elementor-column-gap-default\">\n\t\t\t\t\t<div class=\"elementor-column elementor-col-100 elementor-top-column elementor-element elementor-element-49727c6\" data-id=\"49727c6\" data-element_type=\"column\" data-e-type=\"column\">\n\t\t\t<div class=\"elementor-widget-wrap elementor-element-populated\">\n\t\t\t\t\t\t<div class=\"elementor-element elementor-element-f755a0f elementor-widget elementor-widget-text-editor\" data-id=\"f755a0f\" data-element_type=\"widget\" data-e-type=\"widget\" data-widget_type=\"text-editor.default\">\n\t\t\t\t<div class=\"elementor-widget-container\">\n\t\t\t\t\t\t\t\t\t<div class=\"elementor-element elementor-element-6b028b4 sc_fly_static elementor-widget elementor-widget-heading\" data-id=\"6b028b4\" data-element_type=\"widget\" data-widget_type=\"heading.default\">\n<div class=\"elementor-widget-container\">\n<h2 class=\"elementor-heading-title elementor-size-default\">ASSE 3 AZIONE 3.4 D<\/h2>\n<h2 class=\"elementor-heading-title elementor-size-default\">Fabulous<\/h2>\n<h4 class=\"elementor-heading-title elementor-size-default\">Beitrag gew\u00e4hrt \u20ac290.432,50<\/h4>\n<h3 class=\"elementor-heading-title elementor-size-default\">FABULOUS<\/h3>\n<div class=\"elementor-element elementor-element-bd61762 sc_fly_static elementor-widget elementor-widget-text-editor\" data-id=\"bd61762\" data-element_type=\"widget\" data-widget_type=\"text-editor.default\">\n<div class=\"elementor-widget-container\">\n<div class=\"elementor-text-editor elementor-clearfix\">\n\nFeel Active, Be Unique. Land Of Unusual Synergies (F.A.B.U.lous)\n\n<\/div>\n<\/div>\n<\/div>\n<div class=\"elementor-element elementor-element-49cd1b1 sc_fly_static elementor-widget elementor-widget-text-editor\" data-id=\"49cd1b1\" data-element_type=\"widget\" data-widget_type=\"text-editor.default\">\n<div class=\"elementor-widget-container\">\n<div class=\"elementor-text-editor elementor-clearfix\">\n\nPOR FESR 2014\u20132020, Achse 3. Aktion 3.4 D \u2013 Resolution des Regionalrats Nr. 1426 vom 1. Oktober 2019. \u201eAufforderung zur Aktivierung, Entwicklung und Konsolidierung von KMU-Aggregationen f\u00fcr Interventionen, die die Ausrichtung auf die touristische Nachfrage und internationale M\u00e4rkte f\u00f6rdern \u2013 F\u00f6rderung\u201c\n\nDas Projekt schl\u00e4gt die Entwicklung eines innovativen Modells f\u00fcr Outdoor-Tourismusangebote vor, das von einem Zusammenschluss von Unternehmen unterst\u00fctzt wird, die sich an der Umsetzung von Ma\u00dfnahmen beteiligen, die insbesondere auf die Nachfrage der M\u00e4rkte in den Regionen Vancouver (Kanada) und Los Angeles (USA) ausgerichtet sind .\n\nBer\u00fccksichtigt wird die mit der Natur verbundene Lieferkette, insbesondere Fahrradtourismus, Laufen, Wandern und dergleichen.\n\nZiel ist die Weiterentwicklung eines attraktiven Segments, das ein immer breiteres und internationaleres Publikum interessiert\nErweiterung, Entwicklung des touristischen Produkts durch das vielf\u00e4ltige Angebot der venezianischen Gebiete: von den Dolomiten \u00fcber das Meer und die Lagune von Venedig bis hin zum Pedemontana, den Seen und den Kunstst\u00e4dten. Der Interventionsplan umfasst die Durchf\u00fchrung von Marktanalysen, die Suche nach ausl\u00e4ndischen Partnern, die Anpassung von Unternehmen und den Aufbau eines Tourismusprodukts, das aus einem Angebot von Erlebnispaketen besteht, die mit dem Konzept \u201eLeben im Veneto\u201c verbunden sind.\n\nZu den geplanten Werbema\u00dfnahmen geh\u00f6ren Bildungsreisen, die Teilnahme an Messen, Angebot-Nachfrage-Treffen und die Vernetzung wichtiger erfolgreicher venezianischer Sportveranstaltungen.\n\nBeteiligt sind Unternehmen, die Sportger\u00e4te verkaufen und vermieten, Hotels und Restaurants, Eventagenturen, Transportdienste und Reisef\u00fchrer.\n\n<\/div>\n<\/div>\n<\/div>\n<\/div>\n<\/div>\t\t\t\t\t\t\t\t<\/div>\n\t\t\t\t<\/div>\n\t\t\t\t\t<\/div>\n\t\t<\/div>\n\t\t\t\t\t<\/div>\n\t\t<\/section>\n\t\t\t\t<\/div>\n\t\t","protected":false},"excerpt":{"rendered":"<p>ASSE 3 AZIONE 3.4 D Fabulous Beitrag gew\u00e4hrt \u20ac290.432,50 FABULOUS Feel Active, Be Unique. Land Of Unusual Synergies (F.A.B.U.lous) POR FESR 2014\u20132020, Achse 3. Aktion 3.4 D \u2013 Resolution des Regionalrats Nr. 1426 vom 1. Oktober 2019. \u201eAufforderung zur Aktivierung, Entwicklung und Konsolidierung von KMU-Aggregationen f\u00fcr Interventionen, die die Ausrichtung auf die touristische Nachfrage und [&hellip;]<\/p>\n","protected":false},"author":1,"featured_media":0,"parent":0,"menu_order":0,"comment_status":"closed","ping_status":"closed","template":"","meta":{"footnotes":""},"class_list":["post-57612","page","type-page","status-publish","hentry"],"yoast_head":"<!-- This site is optimized with the Yoast SEO plugin v27.3 - https:\/\/yoast.com\/product\/yoast-seo-wordpress\/ -->\n<title>POR-FESR | GSG - Giessegi<\/title>\n<meta name=\"robots\" content=\"index, follow, max-snippet:-1, max-image-preview:large, max-video-preview:-1\" \/>\n<link rel=\"canonical\" href=\"https:\/\/www.giessegi.com\/de\/por-fesr\/\" \/>\n<meta property=\"og:locale\" content=\"de_DE\" \/>\n<meta property=\"og:type\" content=\"article\" \/>\n<meta property=\"og:title\" content=\"POR-FESR | GSG - Giessegi\" \/>\n<meta property=\"og:description\" content=\"ASSE 3 AZIONE 3.4 D Fabulous Beitrag gew\u00e4hrt \u20ac290.432,50 FABULOUS Feel Active, Be Unique. Land Of Unusual Synergies (F.A.B.U.lous) POR FESR 2014\u20132020, Achse 3. Aktion 3.4 D \u2013 Resolution des Regionalrats Nr. 1426 vom 1. Oktober 2019. \u201eAufforderung zur Aktivierung, Entwicklung und Konsolidierung von KMU-Aggregationen f\u00fcr Interventionen, die die Ausrichtung auf die touristische Nachfrage und [&hellip;]\" \/>\n<meta property=\"og:url\" content=\"https:\/\/www.giessegi.com\/de\/por-fesr\/\" \/>\n<meta property=\"og:site_name\" content=\"GSG - Giessegi\" \/>\n<meta property=\"article:modified_time\" content=\"2023-10-17T12:19:09+00:00\" \/>\n<meta name=\"twitter:card\" content=\"summary_large_image\" \/>\n<meta name=\"twitter:label1\" content=\"Gesch\u00e4tzte Lesezeit\" \/>\n\t<meta name=\"twitter:data1\" content=\"4\u00a0Minuten\" \/>\n<script type=\"application\/ld+json\" class=\"yoast-schema-graph\">{\"@context\":\"https:\\\/\\\/schema.org\",\"@graph\":[{\"@type\":\"WebPage\",\"@id\":\"https:\\\/\\\/www.giessegi.com\\\/de\\\/por-fesr\\\/\",\"url\":\"https:\\\/\\\/www.giessegi.com\\\/de\\\/por-fesr\\\/\",\"name\":\"POR-FESR | GSG - Giessegi\",\"isPartOf\":{\"@id\":\"https:\\\/\\\/www.giessegi.com\\\/en\\\/#website\"},\"datePublished\":\"2023-06-07T09:12:05+00:00\",\"dateModified\":\"2023-10-17T12:19:09+00:00\",\"breadcrumb\":{\"@id\":\"https:\\\/\\\/www.giessegi.com\\\/de\\\/por-fesr\\\/#breadcrumb\"},\"inLanguage\":\"de\",\"potentialAction\":[{\"@type\":\"ReadAction\",\"target\":[\"https:\\\/\\\/www.giessegi.com\\\/de\\\/por-fesr\\\/\"]}]},{\"@type\":\"BreadcrumbList\",\"@id\":\"https:\\\/\\\/www.giessegi.com\\\/de\\\/por-fesr\\\/#breadcrumb\",\"itemListElement\":[{\"@type\":\"ListItem\",\"position\":1,\"name\":\"Home\",\"item\":\"https:\\\/\\\/www.giessegi.com\\\/\"},{\"@type\":\"ListItem\",\"position\":2,\"name\":\"POR-FESR\"}]},{\"@type\":\"WebSite\",\"@id\":\"https:\\\/\\\/www.giessegi.com\\\/en\\\/#website\",\"url\":\"https:\\\/\\\/www.giessegi.com\\\/en\\\/\",\"name\":\"Giessegi\",\"description\":\"\",\"publisher\":{\"@id\":\"https:\\\/\\\/www.giessegi.com\\\/en\\\/#organization\"},\"potentialAction\":[{\"@type\":\"SearchAction\",\"target\":{\"@type\":\"EntryPoint\",\"urlTemplate\":\"https:\\\/\\\/www.giessegi.com\\\/en\\\/?s={search_term_string}\"},\"query-input\":{\"@type\":\"PropertyValueSpecification\",\"valueRequired\":true,\"valueName\":\"search_term_string\"}}],\"inLanguage\":\"de\"},{\"@type\":\"Organization\",\"@id\":\"https:\\\/\\\/www.giessegi.com\\\/en\\\/#organization\",\"name\":\"Giessegi\",\"url\":\"https:\\\/\\\/www.giessegi.com\\\/en\\\/\",\"logo\":{\"@type\":\"ImageObject\",\"inLanguage\":\"de\",\"@id\":\"https:\\\/\\\/www.giessegi.com\\\/en\\\/#\\\/schema\\\/logo\\\/image\\\/\",\"url\":\"https:\\\/\\\/www.giessegi.com\\\/wp-content\\\/uploads\\\/2022\\\/09\\\/giessegi-logo.jpeg\",\"contentUrl\":\"https:\\\/\\\/www.giessegi.com\\\/wp-content\\\/uploads\\\/2022\\\/09\\\/giessegi-logo.jpeg\",\"width\":175,\"height\":77,\"caption\":\"Giessegi\"},\"image\":{\"@id\":\"https:\\\/\\\/www.giessegi.com\\\/en\\\/#\\\/schema\\\/logo\\\/image\\\/\"}}]}<\/script>\n<!-- \/ Yoast SEO plugin. -->","yoast_head_json":{"title":"POR-FESR | GSG - Giessegi","robots":{"index":"index","follow":"follow","max-snippet":"max-snippet:-1","max-image-preview":"max-image-preview:large","max-video-preview":"max-video-preview:-1"},"canonical":"https:\/\/www.giessegi.com\/de\/por-fesr\/","og_locale":"de_DE","og_type":"article","og_title":"POR-FESR | GSG - Giessegi","og_description":"ASSE 3 AZIONE 3.4 D Fabulous Beitrag gew\u00e4hrt \u20ac290.432,50 FABULOUS Feel Active, Be Unique. Land Of Unusual Synergies (F.A.B.U.lous) POR FESR 2014\u20132020, Achse 3. Aktion 3.4 D \u2013 Resolution des Regionalrats Nr. 1426 vom 1. Oktober 2019. \u201eAufforderung zur Aktivierung, Entwicklung und Konsolidierung von KMU-Aggregationen f\u00fcr Interventionen, die die Ausrichtung auf die touristische Nachfrage und [&hellip;]","og_url":"https:\/\/www.giessegi.com\/de\/por-fesr\/","og_site_name":"GSG - Giessegi","article_modified_time":"2023-10-17T12:19:09+00:00","twitter_card":"summary_large_image","twitter_misc":{"Gesch\u00e4tzte Lesezeit":"4\u00a0Minuten"},"schema":{"@context":"https:\/\/schema.org","@graph":[{"@type":"WebPage","@id":"https:\/\/www.giessegi.com\/de\/por-fesr\/","url":"https:\/\/www.giessegi.com\/de\/por-fesr\/","name":"POR-FESR | GSG - Giessegi","isPartOf":{"@id":"https:\/\/www.giessegi.com\/en\/#website"},"datePublished":"2023-06-07T09:12:05+00:00","dateModified":"2023-10-17T12:19:09+00:00","breadcrumb":{"@id":"https:\/\/www.giessegi.com\/de\/por-fesr\/#breadcrumb"},"inLanguage":"de","potentialAction":[{"@type":"ReadAction","target":["https:\/\/www.giessegi.com\/de\/por-fesr\/"]}]},{"@type":"BreadcrumbList","@id":"https:\/\/www.giessegi.com\/de\/por-fesr\/#breadcrumb","itemListElement":[{"@type":"ListItem","position":1,"name":"Home","item":"https:\/\/www.giessegi.com\/"},{"@type":"ListItem","position":2,"name":"POR-FESR"}]},{"@type":"WebSite","@id":"https:\/\/www.giessegi.com\/en\/#website","url":"https:\/\/www.giessegi.com\/en\/","name":"Giessegi","description":"","publisher":{"@id":"https:\/\/www.giessegi.com\/en\/#organization"},"potentialAction":[{"@type":"SearchAction","target":{"@type":"EntryPoint","urlTemplate":"https:\/\/www.giessegi.com\/en\/?s={search_term_string}"},"query-input":{"@type":"PropertyValueSpecification","valueRequired":true,"valueName":"search_term_string"}}],"inLanguage":"de"},{"@type":"Organization","@id":"https:\/\/www.giessegi.com\/en\/#organization","name":"Giessegi","url":"https:\/\/www.giessegi.com\/en\/","logo":{"@type":"ImageObject","inLanguage":"de","@id":"https:\/\/www.giessegi.com\/en\/#\/schema\/logo\/image\/","url":"https:\/\/www.giessegi.com\/wp-content\/uploads\/2022\/09\/giessegi-logo.jpeg","contentUrl":"https:\/\/www.giessegi.com\/wp-content\/uploads\/2022\/09\/giessegi-logo.jpeg","width":175,"height":77,"caption":"Giessegi"},"image":{"@id":"https:\/\/www.giessegi.com\/en\/#\/schema\/logo\/image\/"}}]}},"_links":{"self":[{"href":"https:\/\/www.giessegi.com\/de\/wp-json\/wp\/v2\/pages\/57612","targetHints":{"allow":["GET"]}}],"collection":[{"href":"https:\/\/www.giessegi.com\/de\/wp-json\/wp\/v2\/pages"}],"about":[{"href":"https:\/\/www.giessegi.com\/de\/wp-json\/wp\/v2\/types\/page"}],"author":[{"embeddable":true,"href":"https:\/\/www.giessegi.com\/de\/wp-json\/wp\/v2\/users\/1"}],"replies":[{"embeddable":true,"href":"https:\/\/www.giessegi.com\/de\/wp-json\/wp\/v2\/comments?post=57612"}],"version-history":[{"count":4,"href":"https:\/\/www.giessegi.com\/de\/wp-json\/wp\/v2\/pages\/57612\/revisions"}],"predecessor-version":[{"id":57699,"href":"https:\/\/www.giessegi.com\/de\/wp-json\/wp\/v2\/pages\/57612\/revisions\/57699"}],"wp:attachment":[{"href":"https:\/\/www.giessegi.com\/de\/wp-json\/wp\/v2\/media?parent=57612"}],"curies":[{"name":"wp","href":"https:\/\/api.w.org\/{rel}","templated":true}]}}