{"id":57611,"date":"2022-09-13T16:28:13","date_gmt":"2022-09-13T14:28:13","guid":{"rendered":"https:\/\/www.giessegi.com\/politica-di-reso\/"},"modified":"2024-01-17T09:22:16","modified_gmt":"2024-01-17T08:22:16","slug":"rueckgaberecht","status":"publish","type":"page","link":"https:\/\/www.giessegi.com\/de\/rueckgaberecht\/","title":{"rendered":"R\u00fcckgaberecht"},"content":{"rendered":"\t\t<div data-elementor-type=\"wp-page\" data-elementor-id=\"57611\" class=\"elementor elementor-57611 elementor-35709\">\n\t\t\t\t\t\t<section class=\"elementor-section elementor-top-section elementor-element elementor-element-5dbfdb6 elementor-section-boxed elementor-section-height-default elementor-section-height-default\" data-id=\"5dbfdb6\" data-element_type=\"section\" data-e-type=\"section\">\n\t\t\t\t\t\t<div class=\"elementor-container elementor-column-gap-default\">\n\t\t\t\t\t<div class=\"elementor-column elementor-col-100 elementor-top-column elementor-element elementor-element-220caa2\" data-id=\"220caa2\" data-element_type=\"column\" data-e-type=\"column\">\n\t\t\t<div class=\"elementor-widget-wrap elementor-element-populated\">\n\t\t\t\t\t\t<div class=\"elementor-element elementor-element-6e44376 elementor-widget elementor-widget-text-editor\" data-id=\"6e44376\" data-element_type=\"widget\" data-e-type=\"widget\" data-widget_type=\"text-editor.default\">\n\t\t\t\t<div class=\"elementor-widget-container\">\n\t\t\t\t\t\t\t\t\t<ul>\n<li>Produkte m\u00fcssen innerhalb von 30 Tagen nach Lieferung zur\u00fcckgegeben werden.<\/li>\n<li>Zur\u00fcckgesandte Produkte d\u00fcrfen nicht getragen, gewaschen oder in irgendeiner Weise ver\u00e4ndert worden sein.<\/li>\n<li>Alle zur\u00fcckgegebenen Produkte m\u00fcssen mit Originaletiketten versehen sein und sich im Originalumschlag befinden.<br><br><\/li>\n<\/ul>\n<div><\/div>\n<p><strong>\u00c4NDERUNG DER FARBE UND\/ODER GR\u00d6SSE<\/strong><br>\nEinige Produkte sind nur in einer Gr\u00f6\u00dfe\/Farbe\/L\u00e4nge erh\u00e4ltlich. Daher ist ein Umtausch dieser Produkte gegen eine andere Gr\u00f6\u00dfe\/Farbe\/L\u00e4nge etc. nicht m\u00f6glich. Wenn Sie solche Produkte mit diesen Eigenschaften beispielsweise gegen ein \u00e4hnliches Produkt umtauschen m\u00f6chten, wenden Sie sich bitte an den Kundendienst unter info@giessegi.com, bevor Sie den R\u00fcckgabevorgang starten. Wenn Sie die Farbe und\/oder Gr\u00f6\u00dfe des Produkts \u00e4ndern m\u00f6chten, m\u00fcssen Sie den R\u00fcckgabevorgang abschlie\u00dfen. Die Kosten f\u00fcr die R\u00fccksendung der Produkte an unser Lager, sei es per Kurier oder Post, liegen in der alleinigen Verantwortung des Kunden. Der Versand des neuen Produkts\/der neuen Produkte wird von giessegi s.r.l. \u00fcbernommen. Ihre neuen Produkte werden versandt, sobald wir die Originalprodukte erhalten haben.<\/p>\n<p><strong>R\u00dcCKERSTATTUNGEN<\/strong><br>\nWenn Sie keinen Umtausch w\u00fcnschen, k\u00f6nnen Sie eine R\u00fcckerstattung beantragen. Zuerst m\u00fcssen Sie den R\u00fcckgabeprozess abschlie\u00dfen. Senden Sie dann das Produkt, f\u00fcr das Sie eine R\u00fcckerstattung beantragen. Die Verwaltungskosten f\u00fcr die R\u00fcckerstattung werden von Giessegi s.r.l. getragen. Im Gegenteil, alle Versandkosten des Produkts, sei es per Kurier oder Post, gehen zu Lasten des Kunden. Dem Kunden wird dann lediglich der Wert des zur\u00fcckgegebenen Produkts erstattet.<\/p>\n<p>Giessegi s.r.l. gibt den Betrag in Euro zur\u00fcck. Zur\u00fcckgesandte Produkte, die per Bank\u00fcberweisung bezahlt wurden, werden per Bank\u00fcberweisung erstattet. F\u00fcr die R\u00fcckerstattung muss der Kunde dem Kundendienst die Bankverbindung mitteilen. Bei den abgefragten Daten handelt es sich um IBAN und den Namen des Kontoinhabers. Bei Zahlung per Paypal erfolgt eine R\u00fcckerstattung auf Ihr Paypal-Konto. Die R\u00fcckerstattung wird bearbeitet, sobald das zur\u00fcckgegebene Produkt in unserem Lager eintrifft. Bitte beachten Sie: Bei Zahlung mit Kreditkarte kann es bis zu 4 Wochen dauern, bis die R\u00fcckerstattung auf Ihrer Abrechnung erscheint<\/p>\n<p><strong>M\u00c4NGEL ODER FEHLER<\/strong><br>\nWenn bei Ihrem Produkt\/Ihrer Bestellung ein Defekt oder Fehler vorliegt, schlie\u00dfen Sie bitte den R\u00fccksendevorgang ab. W\u00e4hlen Sie aus, ob Sie das Produkt umtauschen oder eine R\u00fcckerstattung erhalten m\u00f6chten. Sie m\u00fcssen eine detaillierte Beschreibung des Problems eingeben.<\/p>\n<p><strong>ADRESSE<\/strong><br>\nGiessegi S.r.l. Via E. Minato 2 31030 Vall\u00e0 di Riese Pio X (TV) Italy<\/p>\t\t\t\t\t\t\t\t<\/div>\n\t\t\t\t<\/div>\n\t\t\t\t\t<\/div>\n\t\t<\/div>\n\t\t\t\t\t<\/div>\n\t\t<\/section>\n\t\t\t\t<\/div>\n\t\t","protected":false},"excerpt":{"rendered":"<p>Produkte m\u00fcssen innerhalb von 30 Tagen nach Lieferung zur\u00fcckgegeben werden. Zur\u00fcckgesandte Produkte d\u00fcrfen nicht getragen, gewaschen oder in irgendeiner Weise ver\u00e4ndert worden sein. Alle zur\u00fcckgegebenen Produkte m\u00fcssen mit Originaletiketten versehen sein und sich im Originalumschlag befinden. \u00c4NDERUNG DER FARBE UND\/ODER GR\u00d6SSE Einige Produkte sind nur in einer Gr\u00f6\u00dfe\/Farbe\/L\u00e4nge erh\u00e4ltlich. Daher ist ein Umtausch dieser Produkte [&hellip;]<\/p>\n","protected":false},"author":1,"featured_media":0,"parent":0,"menu_order":0,"comment_status":"closed","ping_status":"closed","template":"","meta":{"footnotes":""},"class_list":["post-57611","page","type-page","status-publish","hentry"],"yoast_head":"<!-- This site is optimized with the Yoast SEO plugin v27.3 - https:\/\/yoast.com\/product\/yoast-seo-wordpress\/ -->\n<title>R\u00fcckgaberecht | GSG - Giessegi<\/title>\n<meta name=\"robots\" content=\"index, follow, max-snippet:-1, max-image-preview:large, max-video-preview:-1\" \/>\n<link rel=\"canonical\" href=\"https:\/\/www.giessegi.com\/politica-di-reso\/\" \/>\n<meta property=\"og:locale\" content=\"de_DE\" \/>\n<meta property=\"og:type\" content=\"article\" \/>\n<meta property=\"og:title\" content=\"R\u00fcckgaberecht | GSG - Giessegi\" \/>\n<meta property=\"og:description\" content=\"Produkte m\u00fcssen innerhalb von 30 Tagen nach Lieferung zur\u00fcckgegeben werden. Zur\u00fcckgesandte Produkte d\u00fcrfen nicht getragen, gewaschen oder in irgendeiner Weise ver\u00e4ndert worden sein. Alle zur\u00fcckgegebenen Produkte m\u00fcssen mit Originaletiketten versehen sein und sich im Originalumschlag befinden. \u00c4NDERUNG DER FARBE UND\/ODER GR\u00d6SSE Einige Produkte sind nur in einer Gr\u00f6\u00dfe\/Farbe\/L\u00e4nge erh\u00e4ltlich. Daher ist ein Umtausch dieser Produkte [&hellip;]\" \/>\n<meta property=\"og:url\" content=\"https:\/\/www.giessegi.com\/politica-di-reso\/\" \/>\n<meta property=\"og:site_name\" content=\"GSG - Giessegi\" \/>\n<meta property=\"article:modified_time\" content=\"2024-01-17T08:22:16+00:00\" \/>\n<meta name=\"twitter:card\" content=\"summary_large_image\" \/>\n<meta name=\"twitter:label1\" content=\"Gesch\u00e4tzte Lesezeit\" \/>\n\t<meta name=\"twitter:data1\" content=\"3\u00a0Minuten\" \/>\n<script type=\"application\/ld+json\" class=\"yoast-schema-graph\">{\"@context\":\"https:\\\/\\\/schema.org\",\"@graph\":[{\"@type\":\"WebPage\",\"@id\":\"https:\\\/\\\/www.giessegi.com\\\/politica-di-reso\\\/\",\"url\":\"https:\\\/\\\/www.giessegi.com\\\/politica-di-reso\\\/\",\"name\":\"R\u00fcckgaberecht | GSG - Giessegi\",\"isPartOf\":{\"@id\":\"https:\\\/\\\/www.giessegi.com\\\/en\\\/#website\"},\"datePublished\":\"2022-09-13T14:28:13+00:00\",\"dateModified\":\"2024-01-17T08:22:16+00:00\",\"breadcrumb\":{\"@id\":\"https:\\\/\\\/www.giessegi.com\\\/politica-di-reso\\\/#breadcrumb\"},\"inLanguage\":\"de\",\"potentialAction\":[{\"@type\":\"ReadAction\",\"target\":[\"https:\\\/\\\/www.giessegi.com\\\/politica-di-reso\\\/\"]}]},{\"@type\":\"BreadcrumbList\",\"@id\":\"https:\\\/\\\/www.giessegi.com\\\/politica-di-reso\\\/#breadcrumb\",\"itemListElement\":[{\"@type\":\"ListItem\",\"position\":1,\"name\":\"Home\",\"item\":\"https:\\\/\\\/www.giessegi.com\\\/\"},{\"@type\":\"ListItem\",\"position\":2,\"name\":\"R\u00fcckgaberecht\"}]},{\"@type\":\"WebSite\",\"@id\":\"https:\\\/\\\/www.giessegi.com\\\/en\\\/#website\",\"url\":\"https:\\\/\\\/www.giessegi.com\\\/en\\\/\",\"name\":\"Giessegi\",\"description\":\"\",\"publisher\":{\"@id\":\"https:\\\/\\\/www.giessegi.com\\\/en\\\/#organization\"},\"potentialAction\":[{\"@type\":\"SearchAction\",\"target\":{\"@type\":\"EntryPoint\",\"urlTemplate\":\"https:\\\/\\\/www.giessegi.com\\\/en\\\/?s={search_term_string}\"},\"query-input\":{\"@type\":\"PropertyValueSpecification\",\"valueRequired\":true,\"valueName\":\"search_term_string\"}}],\"inLanguage\":\"de\"},{\"@type\":\"Organization\",\"@id\":\"https:\\\/\\\/www.giessegi.com\\\/en\\\/#organization\",\"name\":\"Giessegi\",\"url\":\"https:\\\/\\\/www.giessegi.com\\\/en\\\/\",\"logo\":{\"@type\":\"ImageObject\",\"inLanguage\":\"de\",\"@id\":\"https:\\\/\\\/www.giessegi.com\\\/en\\\/#\\\/schema\\\/logo\\\/image\\\/\",\"url\":\"https:\\\/\\\/www.giessegi.com\\\/wp-content\\\/uploads\\\/2022\\\/09\\\/giessegi-logo.jpeg\",\"contentUrl\":\"https:\\\/\\\/www.giessegi.com\\\/wp-content\\\/uploads\\\/2022\\\/09\\\/giessegi-logo.jpeg\",\"width\":175,\"height\":77,\"caption\":\"Giessegi\"},\"image\":{\"@id\":\"https:\\\/\\\/www.giessegi.com\\\/en\\\/#\\\/schema\\\/logo\\\/image\\\/\"}}]}<\/script>\n<!-- \/ Yoast SEO plugin. -->","yoast_head_json":{"title":"R\u00fcckgaberecht | GSG - Giessegi","robots":{"index":"index","follow":"follow","max-snippet":"max-snippet:-1","max-image-preview":"max-image-preview:large","max-video-preview":"max-video-preview:-1"},"canonical":"https:\/\/www.giessegi.com\/politica-di-reso\/","og_locale":"de_DE","og_type":"article","og_title":"R\u00fcckgaberecht | GSG - Giessegi","og_description":"Produkte m\u00fcssen innerhalb von 30 Tagen nach Lieferung zur\u00fcckgegeben werden. Zur\u00fcckgesandte Produkte d\u00fcrfen nicht getragen, gewaschen oder in irgendeiner Weise ver\u00e4ndert worden sein. Alle zur\u00fcckgegebenen Produkte m\u00fcssen mit Originaletiketten versehen sein und sich im Originalumschlag befinden. \u00c4NDERUNG DER FARBE UND\/ODER GR\u00d6SSE Einige Produkte sind nur in einer Gr\u00f6\u00dfe\/Farbe\/L\u00e4nge erh\u00e4ltlich. Daher ist ein Umtausch dieser Produkte [&hellip;]","og_url":"https:\/\/www.giessegi.com\/politica-di-reso\/","og_site_name":"GSG - Giessegi","article_modified_time":"2024-01-17T08:22:16+00:00","twitter_card":"summary_large_image","twitter_misc":{"Gesch\u00e4tzte Lesezeit":"3\u00a0Minuten"},"schema":{"@context":"https:\/\/schema.org","@graph":[{"@type":"WebPage","@id":"https:\/\/www.giessegi.com\/politica-di-reso\/","url":"https:\/\/www.giessegi.com\/politica-di-reso\/","name":"R\u00fcckgaberecht | GSG - Giessegi","isPartOf":{"@id":"https:\/\/www.giessegi.com\/en\/#website"},"datePublished":"2022-09-13T14:28:13+00:00","dateModified":"2024-01-17T08:22:16+00:00","breadcrumb":{"@id":"https:\/\/www.giessegi.com\/politica-di-reso\/#breadcrumb"},"inLanguage":"de","potentialAction":[{"@type":"ReadAction","target":["https:\/\/www.giessegi.com\/politica-di-reso\/"]}]},{"@type":"BreadcrumbList","@id":"https:\/\/www.giessegi.com\/politica-di-reso\/#breadcrumb","itemListElement":[{"@type":"ListItem","position":1,"name":"Home","item":"https:\/\/www.giessegi.com\/"},{"@type":"ListItem","position":2,"name":"R\u00fcckgaberecht"}]},{"@type":"WebSite","@id":"https:\/\/www.giessegi.com\/en\/#website","url":"https:\/\/www.giessegi.com\/en\/","name":"Giessegi","description":"","publisher":{"@id":"https:\/\/www.giessegi.com\/en\/#organization"},"potentialAction":[{"@type":"SearchAction","target":{"@type":"EntryPoint","urlTemplate":"https:\/\/www.giessegi.com\/en\/?s={search_term_string}"},"query-input":{"@type":"PropertyValueSpecification","valueRequired":true,"valueName":"search_term_string"}}],"inLanguage":"de"},{"@type":"Organization","@id":"https:\/\/www.giessegi.com\/en\/#organization","name":"Giessegi","url":"https:\/\/www.giessegi.com\/en\/","logo":{"@type":"ImageObject","inLanguage":"de","@id":"https:\/\/www.giessegi.com\/en\/#\/schema\/logo\/image\/","url":"https:\/\/www.giessegi.com\/wp-content\/uploads\/2022\/09\/giessegi-logo.jpeg","contentUrl":"https:\/\/www.giessegi.com\/wp-content\/uploads\/2022\/09\/giessegi-logo.jpeg","width":175,"height":77,"caption":"Giessegi"},"image":{"@id":"https:\/\/www.giessegi.com\/en\/#\/schema\/logo\/image\/"}}]}},"_links":{"self":[{"href":"https:\/\/www.giessegi.com\/de\/wp-json\/wp\/v2\/pages\/57611","targetHints":{"allow":["GET"]}}],"collection":[{"href":"https:\/\/www.giessegi.com\/de\/wp-json\/wp\/v2\/pages"}],"about":[{"href":"https:\/\/www.giessegi.com\/de\/wp-json\/wp\/v2\/types\/page"}],"author":[{"embeddable":true,"href":"https:\/\/www.giessegi.com\/de\/wp-json\/wp\/v2\/users\/1"}],"replies":[{"embeddable":true,"href":"https:\/\/www.giessegi.com\/de\/wp-json\/wp\/v2\/comments?post=57611"}],"version-history":[{"count":7,"href":"https:\/\/www.giessegi.com\/de\/wp-json\/wp\/v2\/pages\/57611\/revisions"}],"predecessor-version":[{"id":62780,"href":"https:\/\/www.giessegi.com\/de\/wp-json\/wp\/v2\/pages\/57611\/revisions\/62780"}],"wp:attachment":[{"href":"https:\/\/www.giessegi.com\/de\/wp-json\/wp\/v2\/media?parent=57611"}],"curies":[{"name":"wp","href":"https:\/\/api.w.org\/{rel}","templated":true}]}}